{"id":293,"date":"2014-07-17T19:14:35","date_gmt":"2014-07-17T19:14:35","guid":{"rendered":"https:\/\/www.museedelaguerre.ca\/premiere-guerre-mondial\/?page_id=293"},"modified":"2018-02-16T12:30:45","modified_gmt":"2018-02-16T12:30:45","slug":"mascottes-et-animaux-de-compagnie","status":"publish","type":"page","link":"https:\/\/www.museedelaguerre.ca\/premiereguerremondiale\/histoire\/la-vie-au-front\/la-culture-des-tranchees\/mascottes-et-animaux-de-compagnie\/","title":{"rendered":"Mascottes et animaux de compagnie"},"content":{"rendered":"<p class=\"excerpt\">Les unit\u00e9s militaires s&rsquo;identifiaient par des animaux qui leur servaient de mascotte, notamment des ch\u00e8vres, des chiens et des oiseaux. Ces animaux vivaient avec les soldats sur les champs de bataille.<\/p>\n<h2>Animaux de compagnie des soldats<\/h2>\n<p>Nombre de soldats avaient avec eux des animaux de compagnie dans les tranch\u00e9es de la ligne de front, ou tout pr\u00e8s. Il s&rsquo;agissait surtout de petits chiens ou de chats et ils aidaient les soldats \u00e0 donner un peu de normalit\u00e9 au dur monde des combats. Il arrivait parfois que les animaux de compagnie de l&rsquo;ennemi soient adopt\u00e9s et renomm\u00e9s apr\u00e8s une bataille et qu&rsquo;ils fassent partie de la communaut\u00e9 des soldats.<\/p>\n<h2>Winnie\u00a0: la mascotte la plus c\u00e9l\u00e8bre<\/h2>\n<p>La mascotte canadienne la plus c\u00e9l\u00e8bre \u00e9tait un ourson noir appel\u00e9 Winnipeg qui quitta le Canada pour partir outre-mer. L&rsquo;unit\u00e9 d\u00e9cida de confier Winnie au zoo de Londres au lieu de l&rsquo;exposer \u00e0 la vie rude du front. Elle ravit des milliers de visiteurs et A.A. Milne s&rsquo;en inspira plus tard lorsqu&rsquo;il \u00e9crivit\u00a0<i>Winnie l&rsquo;ourson<\/i>.<\/p>\n<h3>Poursuivez votre exploration avec les sujets suivants :<\/h3>\n<ul class=\"related\">\n<li><a href=\"\/premiereguerremondiale\/histoire\/lentree-en-guerre\/le-canada-entre-en-guerre\/les-canadiens-sont-envoyes-outre-mer\/\">Les Canadiens sont envoy\u00e9s outre-mer<\/a><\/li>\n<li><a href=\"\/premiereguerremondiale\/histoire\/la-vie-au-front\/derriere-les-lignes-de-front\/permission-annuelle\/\">Permission annuelle<\/a><\/li>\n<li><a href=\"\/premiereguerremondiale\/histoire\/la-vie-au-pays-pendant-la-guerre\/le-front-interieur\/la-guerre-des-enfants\/\">La guerre des enfants<\/a><\/li>\n<\/ul>\n","protected":false},"excerpt":{"rendered":"<p>Les unit\u00e9s militaires s&rsquo;identifiaient par des animaux qui leur servaient de mascotte, notamment des ch\u00e8vres, des chiens et des oiseaux. Ces animaux vivaient avec les soldats sur les champs de bataille. Animaux de compagnie des soldats Nombre de soldats avaient avec eux des animaux de compagnie dans les tranch\u00e9es de la ligne de front, ou [&hellip;]<\/p>\n","protected":false},"author":1,"featured_media":278,"parent":281,"menu_order":5,"comment_status":"open","ping_status":"open","template":"single-history.php","meta":{"footnotes":""},"_links":{"self":[{"href":"https:\/\/www.museedelaguerre.ca\/premiereguerremondiale\/wp-json\/wp\/v2\/pages\/293"}],"collection":[{"href":"https:\/\/www.museedelaguerre.ca\/premiereguerremondiale\/wp-json\/wp\/v2\/pages"}],"about":[{"href":"https:\/\/www.museedelaguerre.ca\/premiereguerremondiale\/wp-json\/wp\/v2\/types\/page"}],"author":[{"embeddable":true,"href":"https:\/\/www.museedelaguerre.ca\/premiereguerremondiale\/wp-json\/wp\/v2\/users\/1"}],"replies":[{"embeddable":true,"href":"https:\/\/www.museedelaguerre.ca\/premiereguerremondiale\/wp-json\/wp\/v2\/comments?post=293"}],"version-history":[{"count":5,"href":"https:\/\/www.museedelaguerre.ca\/premiereguerremondiale\/wp-json\/wp\/v2\/pages\/293\/revisions"}],"predecessor-version":[{"id":3513,"href":"https:\/\/www.museedelaguerre.ca\/premiereguerremondiale\/wp-json\/wp\/v2\/pages\/293\/revisions\/3513"}],"up":[{"embeddable":true,"href":"https:\/\/www.museedelaguerre.ca\/premiereguerremondiale\/wp-json\/wp\/v2\/pages\/281"}],"wp:featuredmedia":[{"embeddable":true,"href":"https:\/\/www.museedelaguerre.ca\/premiereguerremondiale\/wp-json\/wp\/v2\/media\/278"}],"wp:attachment":[{"href":"https:\/\/www.museedelaguerre.ca\/premiereguerremondiale\/wp-json\/wp\/v2\/media?parent=293"}],"curies":[{"name":"wp","href":"https:\/\/api.w.org\/{rel}","templated":true}]}}