{"id":2922,"date":"2014-08-14T15:57:15","date_gmt":"2014-08-14T15:57:15","guid":{"rendered":"https:\/\/www.museedelaguerre.ca\/premiereguerremondiale\/?page_id=2922"},"modified":"2024-03-28T19:40:51","modified_gmt":"2024-03-28T19:40:51","slug":"liens-internationaux","status":"publish","type":"page","link":"https:\/\/www.museedelaguerre.ca\/premiereguerremondiale\/ressources\/liens-recommandes\/liens-internationaux\/","title":{"rendered":"Liens internationaux"},"content":{"rendered":"<p><a href=\"http:\/\/www.bbc.co.uk\/history\/worldwars\/wwone\/\" target=\"_blank\" rel=\"noopener\">BBC History &#8211; World War One<\/a><\/p>\n<p>Ce site comporte un grand nombre de ressources sur les exp\u00e9riences personnelles, les \u00e9v\u00e8nements historiques et les causes de la guerre. Des contributions de l&rsquo;Imperial War Museum et de divers historiens l&rsquo;enrichissent. Le site utilise un vocabulaire \u00e9labor\u00e9 et est recommand\u00e9 pour des \u00e9l\u00e8ves plus \u00e2g\u00e9s et plus avanc\u00e9s.<\/p>\n<p>En Anglais<\/p>\n<p>Recommand\u00e9 \u00e0 partir de 15 ans.<\/p>\n<p><a href=\"https:\/\/www.bbc.co.uk\/bitesize\/topics\/zqhyb9q\" target=\"_blank\" rel=\"noopener\">BBC Schools &#8211; World War One<\/a><\/p>\n<p>Un site con\u00e7u pour une utilisation en classe par les \u00e9l\u00e8ves de 13 \u00e0 15 ans. On y trouve des documents primaires, des articles, des jeux, des po\u00e8mes, des chronologies et un lieu de clavardage pour les \u00e9l\u00e8ves.<\/p>\n<p>En Anglais<\/p>\n<p>Recommand\u00e9 \u00e0 partir de 13 ans.<\/p>\n<p><a href=\"https:\/\/www.nationalarchives.gov.uk\/first-world-war\/\" target=\"_blank\" rel=\"noopener\">The First World War: Sources for History<\/a><\/p>\n<p>Ce site rassemble une collection de documents primaires des British National Archives. Des discussions sur des sujets de d\u00e9bat importants portent entre autres sur des all\u00e9gations d&rsquo;atrocit\u00e9s et le recours aux raids a\u00e9riens.<\/p>\n<p>En Anglais<\/p>\n<p>Recommand\u00e9 \u00e0 partir de 13 ans.<\/p>\n<p><a href=\"http:\/\/www.channel4.com\/history\/microsites\/F\/firstworldwar\/\" target=\"_blank\" rel=\"noopener\">Channel 4: The First World War<\/a><\/p>\n<p>Ce site Web britannique pr\u00e9sente des s\u00e9quences vid\u00e9o pour expliquer divers \u00e9v\u00e8nements de la Premi\u00e8re Guerre mondiale et des concepts qui y sont reli\u00e9s. On y trouve \u00e9galement des biographies de figures cl\u00e9s, des profils des nations combattantes, une chronologie et une section passionnante sur les controverses ayant entour\u00e9 la Premi\u00e8re Guerre mondiale.<\/p>\n<p>En Anglais<\/p>\n<p>Recommand\u00e9 \u00e0 partir de 13 ans.<\/p>\n<p><a href=\"http:\/\/www.pbs.org\/greatwar\/\" target=\"_blank\" rel=\"noopener\">PBS &#8211; The Great War and the Shaping of the 20th Century<\/a><\/p>\n<p>PBS fournit une information abondante sur le conflit du point de vue am\u00e9ricain ainsi que des plans de le\u00e7ons et une liste de lectures recommand\u00e9es. Comporte surtout des textes. Les \u00e9l\u00e8ves qui cherchent une information plus approfondie tireront profit d&rsquo;analyses par des historiens r\u00e9put\u00e9s, notamment Jay Winter et Paul Fussell.<\/p>\n<p>En Anglais<\/p>\n<p>Recommand\u00e9 \u00e0 partir de 13 ans<\/p>\n<p><a href=\"http:\/\/www.worldwar1.com\/\" target=\"_blank\" rel=\"noopener\">World War I: Trenches on the Web<\/a><\/p>\n<p>Site Web am\u00e9ricain riche en informations sur le conflit, comprenant notamment des chronologies, des photos et une liste de lectures recommand\u00e9es. Bien que la navigation n&rsquo;y soit pas ais\u00e9e, le site fournit une information abondante pouvant int\u00e9resser aussi bien les jeunes \u00e9l\u00e8ves que les plus \u00e2g\u00e9s, notamment un glossaire d&rsquo;argot (convenant aux \u00e9l\u00e8ves plus jeunes), des cartes postales et des paroles de chansons.<\/p>\n<p>En Anglais<\/p>\n<p>Recommand\u00e9 \u00e0 partir de 13 ans.<\/p>\n<p><a href=\"http:\/\/net.lib.byu.edu\/~rdh7\/wwi\/\" target=\"_blank\" rel=\"noopener\">World War One Document Archive<\/a><\/p>\n<p>Ce site Web est h\u00e9berg\u00e9 par l&rsquo;Universit\u00e9 Brigham Young, de l&rsquo;Utah, et comporte des documents (primaires et secondaires), interrogeables par ann\u00e9e, m\u00e9dia et th\u00e8me.<\/p>\n<p>En Anglais<\/p>\n<p>Recommand\u00e9 \u00e0 partir de 13 ans.<\/p>\n","protected":false},"excerpt":{"rendered":"<p>BBC History &#8211; World War One Ce site comporte un grand nombre de ressources sur les exp\u00e9riences personnelles, les \u00e9v\u00e8nements historiques et les causes de la guerre. Des contributions de l&rsquo;Imperial War Museum et de divers historiens l&rsquo;enrichissent. Le site utilise un vocabulaire \u00e9labor\u00e9 et est recommand\u00e9 pour des \u00e9l\u00e8ves plus \u00e2g\u00e9s et plus avanc\u00e9s. [&hellip;]<\/p>\n","protected":false},"author":1,"featured_media":0,"parent":2916,"menu_order":2,"comment_status":"open","ping_status":"open","template":"single-ressource.php","meta":{"footnotes":""},"_links":{"self":[{"href":"https:\/\/www.museedelaguerre.ca\/premiereguerremondiale\/wp-json\/wp\/v2\/pages\/2922"}],"collection":[{"href":"https:\/\/www.museedelaguerre.ca\/premiereguerremondiale\/wp-json\/wp\/v2\/pages"}],"about":[{"href":"https:\/\/www.museedelaguerre.ca\/premiereguerremondiale\/wp-json\/wp\/v2\/types\/page"}],"author":[{"embeddable":true,"href":"https:\/\/www.museedelaguerre.ca\/premiereguerremondiale\/wp-json\/wp\/v2\/users\/1"}],"replies":[{"embeddable":true,"href":"https:\/\/www.museedelaguerre.ca\/premiereguerremondiale\/wp-json\/wp\/v2\/comments?post=2922"}],"version-history":[{"count":2,"href":"https:\/\/www.museedelaguerre.ca\/premiereguerremondiale\/wp-json\/wp\/v2\/pages\/2922\/revisions"}],"predecessor-version":[{"id":3560,"href":"https:\/\/www.museedelaguerre.ca\/premiereguerremondiale\/wp-json\/wp\/v2\/pages\/2922\/revisions\/3560"}],"up":[{"embeddable":true,"href":"https:\/\/www.museedelaguerre.ca\/premiereguerremondiale\/wp-json\/wp\/v2\/pages\/2916"}],"wp:attachment":[{"href":"https:\/\/www.museedelaguerre.ca\/premiereguerremondiale\/wp-json\/wp\/v2\/media?parent=2922"}],"curies":[{"name":"wp","href":"https:\/\/api.w.org\/{rel}","templated":true}]}}