{"id":2914,"date":"2014-08-14T15:52:58","date_gmt":"2014-08-14T15:52:58","guid":{"rendered":"https:\/\/www.museedelaguerre.ca\/premiereguerremondiale\/?page_id=2914"},"modified":"2015-02-26T14:31:30","modified_gmt":"2015-02-26T14:31:30","slug":"jeunes-adultes-15-ans-et-plus-livres-generaux","status":"publish","type":"page","link":"https:\/\/www.museedelaguerre.ca\/premiereguerremondiale\/ressources\/liste-de-livres\/jeunes-adultes-15-ans-et-plus-livres-generaux\/","title":{"rendered":"Jeunes adultes &#8211; 15 ans et plus : Livres g\u00e9n\u00e9raux"},"content":{"rendered":"<h3><i>Le 22e Bataillon (canadien-fran\u00e7ais), 1914-1919: \u00e9tude socio-militaire<\/i><\/h3>\n<p>Jean-Pierre Gagnon<br \/>\nQu\u00e9bec (Qu\u00e9.), Presses de l&rsquo;Universit\u00e9 Laval, 1986<\/p>\n<p><b>Description:<\/b>\u00a0Allant au-del\u00e0 de l&rsquo;histoire op\u00e9rationnelle conventionnelle, Gagnon se penche sur le 22e bataillon &#8211; le seul bataillon francophone du Corps exp\u00e9ditionnaire canadien &#8211; et y voit un microcosme social et culturel de la soci\u00e9t\u00e9 canadienne-fran\u00e7aise.<\/p>\n<hr \/>\n<h3><i>Art at the Service of War: Canada, Art and the Great War<\/i><\/h3>\n<p>Maria Tippett<br \/>\nToronto (Ont.), University of Toronto Press, 1984<\/p>\n<p><b>Description:<\/b>\u00a0L&rsquo;ouvrage de Tippett d\u00e9crit la fondation et les initiatives du Fonds de souvenirs de guerre canadiens, l&rsquo;organisation qui est \u00e0 l&rsquo;origine de la commande de certains des h\u00e9ritages culturels du temps de guerre les plus riches et les plus importants du Canada.<\/p>\n<hr \/>\n<h3><i>At the Sharp End: Canadians Fighting the Great War 1914-1916<\/i><\/h3>\n<p>Tim Cook<br \/>\nToronto (Ont.), Viking Canada, 2007<\/p>\n<p><b>Book Description<\/b>:\u00a0<i>At the Sharp End<\/i>\u00a0pr\u00e9sente des histoires personnelles en examinant les premi\u00e8res batailles atroces de la Premi\u00e8re Guerre mondiale, quand des milliers d&rsquo;hommes sont morts avant que g\u00e9n\u00e9raux et soldats ne trouvent des moyens de sortir de la terrible impasse des tranch\u00e9es. C&rsquo;est un regard intime sur les soldats canadiens dans les tranch\u00e9es et un compte rendu de la lente \u00e9volution des tactiques, des armes et des attitudes qui conduira \u00e0 une s\u00e9rie ininterrompue de victoires plus tard au cours de la guerre. L&rsquo;ouvrage contient des photos, des lettres, des journaux et des cartes, mais peu de choses sur la guerre en mer, dans les airs ou au pays.<\/p>\n<hr \/>\n<h3><i>Barker VC: The Life, Death and Legend of Canada&rsquo;s Most Decorated War Hero<\/i><\/h3>\n<p>Wayne Ralph<br \/>\nToronto (Ont.), Wiley, 2007<\/p>\n<p><b>Description:<\/b>\u00a0Livre avec de nombreuses photos sur la vie d&rsquo;un des plus brillants as canadiens de l&rsquo;aviation pendant la Premi\u00e8re Guerre mondiale, William Barker, le h\u00e9ros de guerre canadien le plus d\u00e9cor\u00e9. Il se m\u00e9rita la Croix de Victoria pour un violent combat contre plusieurs dizaines de chasseurs allemands en octobre 1918.<\/p>\n<hr \/>\n<h3><i>The Battle for Berlin Ontario: An Historical Drama<\/i><\/h3>\n<p>William Rowley Chadwick<br \/>\nWaterloo (Ont.), Wilfrid Laurier University Press, 1992<\/p>\n<p><b>Description:<\/b>\u00a0Les Canadiens ont tendance \u00e0 se souvenir de la Premi\u00e8re Guerre mondiale comme d&rsquo;une exp\u00e9rience unificatrice pour la nation canadienne. Pourtant, l&rsquo;\u00e9tude de Chadwick sur Berlin (Ontario) [l&rsquo;actuel Kitchener] nous rappelle que la guerre fut aussi une force de division capable de d\u00e9chirer des communaut\u00e9s locales.<\/p>\n<hr \/>\n<h3><i>Billy Bishop: Canadian Hero<\/i><\/h3>\n<p>Dan McCaffery<br \/>\nHalifax (N.-\u00c9.), James Lorimer &amp; Company, 2002<\/p>\n<p><b>Description:<\/b>\u00a0McCaffery examine les prouesses de Billy Bishop, pilote tr\u00e8s d\u00e9cor\u00e9 de la Premi\u00e8re Guerre mondiale, et les d\u00e9bats historiques entourant son \u00ab\u00a0tableau de chasse\u00a0\u00bb. Bishop fut le deuxi\u00e8me as de l&rsquo;aviation alli\u00e9e, mais certains des autres pilotes soup\u00e7onnaient qu&rsquo;il avait peut-\u00eatre exag\u00e9r\u00e9 le nombre d&rsquo;avions qu&rsquo;il avait abattus.<\/p>\n<hr \/>\n<h3><i>But This is Our War<\/i><\/h3>\n<p>Grace Morris Craig<br \/>\nToronto (Ont.), University of Toronto Press, 1981<\/p>\n<p><b>Description:<\/b>\u00a0Le m\u00e9moire Craig, qu&rsquo;on peut utilement associer \u00e0\u00a0<i>A Tapestry of War,<\/i>\u00a0de Sandra Gwyn, d\u00e9crit l&rsquo;exp\u00e9rience d&rsquo;une seule famille canadienne, de Pembroke (Ontario), mais la m\u00eame chose se reproduisait dans d&rsquo;innombrables localit\u00e9s grandes et petites \u00e0 travers le pays.<\/p>\n<hr \/>\n<h3><i>Le Canada et la bataille de Vimy, 9-12 avril, 1917<\/i><\/h3>\n<p>Brereton Greenhous and Stephen Harris<br \/>\nMontr\u00e9al (Qu\u00e9.), Art Global, 1992<\/p>\n<p><b>Description:<\/b>\u00a0L&rsquo;histoire illustr\u00e9e grand format de Greenhous et Harris constitue un point de d\u00e9part utile pour une compr\u00e9hension plus d\u00e9taill\u00e9e de la bataille qui a nourri l&rsquo;imagination des Canadiens plus que toute autre op\u00e9ration de la Premi\u00e8re Guerre mondiale.<\/p>\n<p>\u00c9galement disponible en anglais sous le titre :\u00a0<b><i>Le Canada et la bataille de Vimy, 9-12 avril, 1917<\/i><\/b><\/p>\n<hr \/>\n<h3><i>Canadian Brass: The Making of a Professional Army, 1860-1939<\/i><\/h3>\n<p>Stephen Harris<br \/>\nToronto, University of Toronto Press, 1988<\/p>\n<p><b>Description:<\/b>\u00a0Bien que portant bien davantage que sur la seule p\u00e9riode de la Premi\u00e8re Guerre mondiale, l&rsquo;\u00e9tude par Harris de la culture militaire canadienne au cours de la seconde moiti\u00e9 du XIXe si\u00e8cle fournit un contexte important pour la compr\u00e9hension de la r\u00e9ponse militaire du Canada \u00e0 la Premi\u00e8re Guerre mondiale.<\/p>\n<hr \/>\n<h3><i>The Canadian Corps in World War I<\/i><\/h3>\n<p>By Rene Chartrand<br \/>\nIllustrated by Gerry Embleton<br \/>\nOxford (R.-U.), Osprey Publishing, 2007<\/p>\n<p><b>Description:<\/b>\u00a0Les illustrations m\u00e9ticuleuses et les photos de ce livre repr\u00e9sentent les uniformes et l&rsquo;\u00e9quipement des soldats canadiens pendant la Premi\u00e8re Guerre mondiale. Le livre contient aussi une liste compl\u00e8te des unit\u00e9s et des \u00e9tats de service. C&rsquo;est un excellent ouvrage de r\u00e9f\u00e9rence pour les \u00e9l\u00e8ves plus \u00e2g\u00e9s, les amateurs et les mod\u00e9listes.<\/p>\n<hr \/>\n<h3><i>Canadian Expeditionary Force, 1914-1919: The Official History of the Canadian Army in the First World War<\/i><\/h3>\n<p>G.W.L. Nicholson<br \/>\nOttawa (Ont.), Imprimeur de la Reine, 1962<\/p>\n<p><b>Description:<\/b>\u00a0Seule histoire officielle canadienne compl\u00e8te de la guerre \u00e0 avoir \u00e9t\u00e9 publi\u00e9e, l&rsquo;ouvrage de Nicholson constitue le premier point de r\u00e9f\u00e9rence pour les historiens comme pour le grand public. Le texte est concis et \u00e9quilibr\u00e9, et les cartes en couleur pr\u00e9sentent admirablement et en d\u00e9tail les batailles les plus importantes du Canada.<\/p>\n<p>Disponible en fran\u00e7ais, en-ligne :<\/p>\n<p><a href=\"http:\/\/epe.lac-bac.gc.ca\/100\/200\/301\/dhh-dhp\/cdn_expeditionary-f\/CEF_f.PDF\">http:\/\/epe.lac-bac.gc.ca\/100\/200\/301\/dhh-dhp\/cdn_expeditionary-f\/CEF_f.PDF<\/a><\/p>\n<hr \/>\n<h3><i>Death So Noble: Memory, Meaning, and the First World War<\/i><\/h3>\n<p>Jonathan Vance<br \/>\nVancouver (C.-B.), UBC Press, 1997<\/p>\n<p><b>Description<\/b>: L&rsquo;\u00e9tude de Vance sur la m\u00e9moire canadienne dans l&rsquo;entre-deux-guerres fait \u0153uvre de pionnier dans le domaine, for\u00e7ant les historiens d&rsquo;aujourd&rsquo;hui \u00e0 repenser des id\u00e9es anciennes sur les attitudes canadiennes au cours de cette p\u00e9riode. Vance montre que pendant les ann\u00e9es 1920 et 1930 les Canadiens ont continu\u00e9 \u00e0 trouver un sens positif \u00e0 l&rsquo;exp\u00e9rience de la guerre, comme en t\u00e9moignent des po\u00e8mes, des monuments comm\u00e9moratifs et des rituels.<\/p>\n<hr \/>\n<h3><i>The Fighting Newfoundlander<\/i><\/h3>\n<p>G. W.L. Nicholson<br \/>\nMontr\u00e9al (Qu\u00e9.), McGill-Queen&rsquo;s University Press, 2006 (r\u00e9impression)<\/p>\n<p><b>Description:<\/b>\u00a0Histoire militaire compl\u00e8te de Terre-Neuve du XVIIIe si\u00e8cle \u00e0 1918, et tout particuli\u00e8rement du Newfoundland Regiment pendant la Premi\u00e8re Guerre mondiale. C&rsquo;est la norme de r\u00e9f\u00e9rence sur le r\u00f4le de Terre-Neuve dans ce conflit.<\/p>\n<hr \/>\n<h3><i>Fight or Pay: Soldiers&rsquo; Families in the Great War<\/i><\/h3>\n<p>Desmond Morton<br \/>\nVancouver (C.-B.), UBC Press, 2004<\/p>\n<p><b>Description:<\/b>\u00a0On ne pouvait s&rsquo;attendre \u00e0 ce que les soldats risquent leur vie sans qu&rsquo;on leur assure qu&rsquo;on prendrait soin de leurs familles au pays. Les \u00ab\u00a0allocations aux \u00e9pouses de mobilis\u00e9s\u00a0\u00bb allait dans ce sens, mais les Canadiens exigeaient plus. Comme l&rsquo;explique Morton, tout homme qui ne se portait pas volontaire pour combattre au front devait en lieu et place payer pour la guerre au pays m\u00eame. L&rsquo;\u00e9tude de Morton compl\u00e8te fort bien\u00a0<i>Tapestry of War<\/i>, de Sandra Gwyn.<\/p>\n<hr \/>\n<h3><i>General Sir Arthur Currie: A Military Biography<\/i><\/h3>\n<p>A.M.J. Hyatt<br \/>\nToronto (Ont.), University of Toronto Press, 1987<\/p>\n<p><b>Description:<\/b>\u00a0Le g\u00e9n\u00e9ral canadien le plus connu de la Premi\u00e8re Guerre mondiale a fait l&rsquo;objet de trois biographies, mais l&rsquo;ouvrage de Hyatt plonge au c\u0153ur de la carri\u00e8re militaire de Currie, se concentrant sur les victoires sur le champ de bataille ainsi que sur les d\u00e9cisions plus controvers\u00e9es du commandant.<\/p>\n<hr \/>\n<h3><i>Ghosts Have Warm Hands<\/i><\/h3>\n<p>Will R. Bird<br \/>\nNepean (Ont.), CEF Books, 1997<\/p>\n<p><b>Description:<\/b>\u00a0Ce m\u00e9moire, publi\u00e9 pour la premi\u00e8re fois en 1930, raconte les exp\u00e9riences personnelles de Will Bird, qui s&rsquo;est battu avec le 42e bataillon pendant la Premi\u00e8re Guerre mondiale. Le fr\u00e8re de Bird, Steve, a \u00e9galement servi pendant la guerre, et a promis un jour que s&rsquo;il \u00e9tait tu\u00e9 il trouverait le moyen de revenir veiller sur Will. Steve fut tu\u00e9 en France en 1915, et il tint sa promesse, car il apparut \u00e0 Will \u00e0 plusieurs reprises pendant la guerre.<\/p>\n<hr \/>\n<h3><i>The Halifax Explosion and the Royal Canadian Navy<\/i><\/h3>\n<p>John Griffith Armstrong<br \/>\nVancouver (C.-B.), UBC Press, 2002<\/p>\n<p><b>Description:<\/b>\u00a0Le r\u00e9cit par Armstrong de l&rsquo;explosion catastrophique de Halifax en 1917 fait un excellent usage des souvenirs de t\u00e9moins oculaires. Soutenant que la nouvelle Marine royale du Canada a \u00e9t\u00e9 injustement diffam\u00e9e pour son r\u00f4le dans le d\u00e9sastre, Armstrong tient plut\u00f4t le gouvernement f\u00e9d\u00e9ral pour responsable.<\/p>\n<hr \/>\n<h3><i>The Harvests of War: The Prairie West, 1914-1918<\/i><\/h3>\n<p>John Herd Thompson<br \/>\nToronto (Ont.), McClelland &amp; Stewart, 1978<\/p>\n<p><b>Description:<\/b>\u00a0La Premi\u00e8re Guerre mondiale eut des incidences diverses sur les r\u00e9gions du Canada. Imm\u00e9diatement avant la guerre, les provinces des Prairies furent aux prises avec une r\u00e9cession \u00e9conomique, le ch\u00f4mage et les tensions accompagnant l&rsquo;arriv\u00e9e de foules d&rsquo;immigrants d&rsquo;Europe orientale. Thompson place ces probl\u00e8mes dans le contexte du temps de guerre, et suit l&rsquo;incidence \u00e0 long terme du conflit sur une r\u00e9gion canadienne cl\u00e9.<\/p>\n<hr \/>\n<h3><i>It Made You Think of Home: The Haunting Journal of Deward Barnes, CEF, 1916-1919<\/i><\/h3>\n<p>Bruce Cane<br \/>\nToronto (Ont.), Dundurn Press, 2004<\/p>\n<p><b>Description:<\/b>\u00a0Deward Barnes s&rsquo;est enr\u00f4l\u00e9 dans le CEC en 1916 \u00e0 l&rsquo;\u00e2ge de 28 ans et a servi en France. Cane a annot\u00e9 le journal de Barnes, dont les entr\u00e9es constituent la moiti\u00e9 du texte de ce livre parfois dr\u00f4le mais poignant.<\/p>\n<hr \/>\n<h3><i>Marching to Armageddon: Canadians and the Great War, 1914-1919<\/i><\/h3>\n<p>Desmond Morton and J.L. Granatstein<br \/>\nToronto (Ont.), Lester &amp; Orpen Dennys, 1989<\/p>\n<p><b>Description:<\/b>\u00a0Cet ouvrage illustr\u00e9 facile \u00e0 lire est un compte rendu populaire d\u00e9taill\u00e9 de la guerre du Canada au pays et outre-mer. \u00c9crit par deux des historiens les plus connus du Canada, il contient des annexes utiles sur les probl\u00e8mes sociaux, les pertes et l&rsquo;ordre de bataille des forces canadiennes.<\/p>\n<hr \/>\n<h3><i>Medicine and Duty: The World War Memoir of Captain Harold W. McGill Medical Officer 31st Battalion C.E.F.<\/i><\/h3>\n<p>Marjory Barron Norris, Editor<br \/>\nCalgary (Alb.), University of Calgary Press, 2007<\/p>\n<p><b>Description:<\/b>\u00a0Le journal du m\u00e9decin militaire Harold McGill est compl\u00e9t\u00e9 par des photos, des cartes et des extraits de lettres \u00e9crites par McGill \u00e0 ses amis et \u00e0 sa famille depuis les tranch\u00e9es. Norris a revu le manuscrit original et ajout\u00e9 des notes explicatives, des cartes et des extraits de lettres de McGill \u00e0 ses amis et \u00e0 sa famille.<\/p>\n<hr \/>\n<h3><i>A Military History of Canada: From Champlain to Kosovo<\/i><\/h3>\n<p>Desmond Morton<br \/>\nToronto (Ont.), McClelland &amp; Stewart, 1999<\/p>\n<p><b>Description:<\/b>\u00a0L&rsquo;\u00e9tude concise de Morton sur l&rsquo;exp\u00e9rience militaire canadienne est un ouvrage hautement accessible qui fournit un excellent contexte pour une \u00e9tude plus approfondie de la p\u00e9riode de la Premi\u00e8re Guerre mondiale.<\/p>\n<hr \/>\n<h3><i>The Official History of the Royal Canadian Air Force, Volume I<\/i><\/h3>\n<p>S.F. Wise<br \/>\nToronto (Ont.), University of Toronto Press, 1980<\/p>\n<p><b>Description:<\/b>\u00a0Ce premier tome de l&rsquo;histoire officielle de la force a\u00e9rienne du Canada relate les exp\u00e9riences de pilotes canadiens de la Premi\u00e8re Guerre mondiale ayant servi au sein de l&rsquo;aviation britannique avant que le Canada cr\u00e9e sa propre force a\u00e9rienne nationale en 1924.<\/p>\n<hr \/>\n<h3><i>One Village, One War: 1914-1945<\/i><\/h3>\n<p>Douglas How<br \/>\nHuntsport (N.-\u00c9.), Lancelot Press, 1995<\/p>\n<p><b>Description:<\/b><i>One Village, One War<\/i>\u00a0d\u00e9crit les exp\u00e9riences d&rsquo;habitants de Dorchester (Nouveau-Brunswick) au cours des deux guerres mondiales et contient des r\u00e9cits de soldats et de civils.<\/p>\n<hr \/>\n<h3><i>Ontario and the First World War, 1914-1918: A Collection of Documents<\/i><\/h3>\n<p>Barbara Wilson<br \/>\nToronto (Ont.), University of Toronto Press, 1977<\/p>\n<p><b>Description:<\/b>\u00a0En tant qu&rsquo;archiviste nationale, Barbara Wilson a grandement facilit\u00e9 notre acc\u00e8s aux sources primaires sur l&rsquo;\u00e9poque de la Premi\u00e8re Guerre mondiale. Pr\u00e9c\u00e9d\u00e9 d&rsquo;une introduction exhaustive de Wilson, ce recueil de documents primaires \u00e9claire sur le r\u00f4le croissant que l&rsquo;\u00c9tat est parvenu \u00e0 jouer dans la vie des Ontariens ordinaires pendant la guerre.<\/p>\n<hr \/>\n<h3><i>Sam Hughes: The Public Career of a Controversial Canadian, 1885-1916<\/i><\/h3>\n<p>Ronald Haycock<br \/>\nWaterloo (Ont.), Wilfrid Laurier University Press, 1986<\/p>\n<p><b>Description:<\/b>\u00a0Ministre de la Milice et de la D\u00e9fense de 1911 \u00e0 1916, Sam Hughes demeure une des personnalit\u00e9s les plus pittoresques et controvers\u00e9es de la p\u00e9riode de la Premi\u00e8re Guerre mondiale. L&rsquo;\u00e9tude exhaustive de Haycock sur la carri\u00e8re publique de Hughes \u00e9claire abondamment sur les tendances souvent bizarres d&rsquo;un patriote canadien au franc-parler.<\/p>\n<hr \/>\n<h3><i>Tapestry of War: A Private View of Canadians in the Great War<\/i><\/h3>\n<p>Sandra Gwyn<br \/>\nToronto (Ont.), Harper, 2004<\/p>\n<p><b>Description:<\/b>\u00a0L&rsquo;ouvrage de Gwyn entrelace les histoires de dix Canadiens (trois femmes et sept hommes) \u00e0 la guerre. Le style asym\u00e9trique du livre rappelle aux lecteurs que la guerre a transform\u00e9 la vie des Canadiens de fa\u00e7on in\u00e9gale et impr\u00e9visible.<\/p>\n<hr \/>\n<h3><i>We Are the Dead<\/i><\/h3>\n<p>Larry Gray<br \/>\nBurnstown (Ont.), General Store Publishing, 2000<\/p>\n<p><b>Description:<\/b>\u00a0\u00c0 l&rsquo;aide de lettres, de photos et d&rsquo;articles de journaux, We Are the Dead pr\u00e9sente les histoires de 47 personnes d&rsquo;une petite ville ontarienne mortes \u00e0 la Premi\u00e8re Guerre mondiale. Des cartes illustrent les activit\u00e9s du Corps canadien outre-mer.<\/p>\n<hr \/>\n<h3><i>When Your Number&rsquo;s Up: The Canadian Soldier in the First World War<\/i><\/h3>\n<p>Desmond Morton<br \/>\nToronto (Ont.), Vintage Canada, 1994<\/p>\n<p><b>Description:<\/b>\u00a0Voici une histoire sociale illustr\u00e9e exceptionnelle de la Premi\u00e8re Guerre mondiale telle que v\u00e9cue par des soldats canadiens. Morton d\u00e9crit les origines sociales des soldats du Canada, leur entra\u00eenement et leur pr\u00e9paration au combat, les tranch\u00e9es et les exp\u00e9riences des bless\u00e9s, des prisonniers et des combattants de retour au pays. Morton offre \u00e9galement un compte rendu, s&rsquo;inspirant de r\u00e9cits personnels et de lettres, de l&rsquo;\u00e9volution tactique et de l&rsquo;am\u00e9lioration du Corps canadien, et conclut en pr\u00e9sentant un court profil statistique du Corps exp\u00e9ditionnaire canadien.<\/p>\n<hr \/>\n<h3><i>Surviving Trench Warfare: Technology and the Canadian Corps, 1914-1918<\/i><\/h3>\n<p>Bill Rawling<br \/>\nToronto (Ont.), University of Toronto Press, 1992<\/p>\n<p><b>Description:<\/b>\u00a0Cet examen de l&rsquo;\u00e9volution des tactiques et de la technologie au sein du Corps canadien sur le Front occidental se fonde sur des recherches approfondies dans les archives. Rawling explique les r\u00f4les qu&rsquo;ont jou\u00e9s l&rsquo;exp\u00e9rience du combat et une \u00e9tude consciencieuse dans la transformation du Corps en une formation de combat hautement efficace.<\/p>\n","protected":false},"excerpt":{"rendered":"<p>Le 22e Bataillon (canadien-fran\u00e7ais), 1914-1919: \u00e9tude socio-militaire Jean-Pierre Gagnon Qu\u00e9bec (Qu\u00e9.), Presses de l&rsquo;Universit\u00e9 Laval, 1986 Description:\u00a0Allant au-del\u00e0 de l&rsquo;histoire op\u00e9rationnelle conventionnelle, Gagnon se penche sur le 22e bataillon &#8211; le seul bataillon francophone du Corps exp\u00e9ditionnaire canadien &#8211; et y voit un microcosme social et culturel de la soci\u00e9t\u00e9 canadienne-fran\u00e7aise. Art at the Service [&hellip;]<\/p>\n","protected":false},"author":1,"featured_media":0,"parent":2900,"menu_order":5,"comment_status":"open","ping_status":"open","template":"single-ressource.php","meta":{"footnotes":""},"_links":{"self":[{"href":"https:\/\/www.museedelaguerre.ca\/premiereguerremondiale\/wp-json\/wp\/v2\/pages\/2914"}],"collection":[{"href":"https:\/\/www.museedelaguerre.ca\/premiereguerremondiale\/wp-json\/wp\/v2\/pages"}],"about":[{"href":"https:\/\/www.museedelaguerre.ca\/premiereguerremondiale\/wp-json\/wp\/v2\/types\/page"}],"author":[{"embeddable":true,"href":"https:\/\/www.museedelaguerre.ca\/premiereguerremondiale\/wp-json\/wp\/v2\/users\/1"}],"replies":[{"embeddable":true,"href":"https:\/\/www.museedelaguerre.ca\/premiereguerremondiale\/wp-json\/wp\/v2\/comments?post=2914"}],"version-history":[{"count":2,"href":"https:\/\/www.museedelaguerre.ca\/premiereguerremondiale\/wp-json\/wp\/v2\/pages\/2914\/revisions"}],"predecessor-version":[{"id":3283,"href":"https:\/\/www.museedelaguerre.ca\/premiereguerremondiale\/wp-json\/wp\/v2\/pages\/2914\/revisions\/3283"}],"up":[{"embeddable":true,"href":"https:\/\/www.museedelaguerre.ca\/premiereguerremondiale\/wp-json\/wp\/v2\/pages\/2900"}],"wp:attachment":[{"href":"https:\/\/www.museedelaguerre.ca\/premiereguerremondiale\/wp-json\/wp\/v2\/media?parent=2914"}],"curies":[{"name":"wp","href":"https:\/\/api.w.org\/{rel}","templated":true}]}}