{"id":2912,"date":"2014-08-14T15:51:08","date_gmt":"2014-08-14T15:51:08","guid":{"rendered":"https:\/\/www.museedelaguerre.ca\/premiereguerremondiale\/?page_id=2912"},"modified":"2014-08-14T15:51:08","modified_gmt":"2014-08-14T15:51:08","slug":"jeunes-adultes-15-ans-et-plus-fiction","status":"publish","type":"page","link":"https:\/\/www.museedelaguerre.ca\/premiereguerremondiale\/ressources\/liste-de-livres\/jeunes-adultes-15-ans-et-plus-fiction\/","title":{"rendered":"Jeunes adultes &#8211; 15 ans et plus : Fiction"},"content":{"rendered":"<h3><i>Broken Ground<\/i><\/h3>\n<p>Jack Hodgins<br \/>\nToronto (Ont.), Emblem Editions, 1999<\/p>\n<p><b>Description:<\/b>\u00a0Des soldats canadiens rentr\u00e9s au pays s&rsquo;efforcent d&rsquo;oublier les souvenirs de la Premi\u00e8re Guerre mondiale en s&rsquo;installant dans le nord-est de l&rsquo;\u00eele de Vancouver sur des terres attribu\u00e9es par l&rsquo;\u00c9tat. Un incendie de for\u00eat s&rsquo;approche du nouvel \u00e9tablissement et ravive leurs horribles souvenirs de la guerre. Racont\u00e9 du point de vue de plusieurs habitants, le r\u00e9cit d\u00e9crit le combat des anciens soldats pour se construire une nouvelle vie.<\/p>\n<hr \/>\n<h3><i>The Danger Tree: Memory, War, and the Search for a Family&rsquo;s Past<\/i><\/h3>\n<p>David MacFarlane<br \/>\nNew York (N. Y.), Walker &amp; Company, 2001<\/p>\n<p><b>Description:<\/b>\u00a0Cette histoire de plusieurs g\u00e9n\u00e9rations d&rsquo;une famille terre-neuvienne porte surtout sur la mort de trois fr\u00e8res sur les champs de bataillle de la Premi\u00e8re Guerre mondiale. M\u00e9lange de faits, de fiction et des souvenirs de la propre famille de l&rsquo;auteur, le livre raconte l&rsquo;histoire de la famille Goodyear en m\u00eame temps que celle de Terre-Neuve.<\/p>\n<hr \/>\n<h3><i>Generals Die in Bed: A Story from the Trenches<\/i><\/h3>\n<p>Charles Yale Harrison<br \/>\nToronto (Ont.), Annick Press, 1930<\/p>\n<p><b>Description:<\/b>\u00a0Voici un roman classique sur la guerre et la vie dans les tranch\u00e9es vues \u00e0 travers le regard d&rsquo;un soldat canadien de 20 ans d\u00e9sillusionn\u00e9. Le jeune narrateur anonyme est au d\u00e9part excit\u00e9, mais les horreurs de la vie dans les tranch\u00e9es, des d\u00e9c\u00e8s et des blessures aux rats et les rations insuffisantes, refroidissent rapidement son enthousiasme. L&rsquo;histoire, qui s&rsquo;inspire des propres exp\u00e9riences de l&rsquo;auteur dans les tranch\u00e9es, communique un puissant message contre la guerre.<\/p>\n<hr \/>\n<h3><i>Megiddo&rsquo;s Shadow<\/i><\/h3>\n<p>Arthur Slade<br \/>\nToronto (Ont.), HarperCollins, 2006<\/p>\n<p><b>Description:<\/b>\u00a0Un gar\u00e7on de 16 ans de Saskatchewan du nom d&rsquo;Edward tente de s&rsquo;enr\u00f4ler dans le Corps exp\u00e9ditionnaire canadien pour venger la mort de son fr\u00e8re sur le front occidental. En raison de son habilet\u00e9 avec les chevaux, \u00e0 son arriv\u00e9e en Angleterre il est plut\u00f4t envoy\u00e9 dans l&rsquo;arm\u00e9e britannique pour aider \u00e0 entra\u00eener les chevaux militaires. Sa d\u00e9ception est plus tard aggrav\u00e9e par le fait qu&rsquo;on l&rsquo;envoie se battre en Palestine contre les forces turques, et non venger son fr\u00e8re en combattant les Allemands en France. Edward en vient \u00e0 r\u00e9aliser l&rsquo;horreur absolue de la guerre et \u00e0 remettre en question sa propre foi en un dieu qui permettrait que se produisent de telles choses.<\/p>\n<p>Le livre d\u00e9crit cr\u00fbment les horreurs de la guerre, dans un style narratif direct charg\u00e9 d&rsquo;\u00e9motion. L&rsquo;histoire s&rsquo;inspire vaguement des exp\u00e9riences du grand-p\u00e8re de l&rsquo;auteur.<\/p>\n<hr \/>\n<h3><i>No Man&rsquo;s Land<\/i><\/h3>\n<p>Kevin Major<br \/>\nToronto (Ont.), Anchor Canada, 2001<\/p>\n<p><b>Description:<\/b>\u00a0Major pr\u00e9sente au lecteur la vie de soldats du Newfoundland Regiment qui attendent leur tour pour aller au combat, s&rsquo;ennuyant de leur pays et ayant peur de ce qu&rsquo;ils vont rencontrer quand ils auront \u00ab\u00a0fait le saut\u00a0\u00bb. Apr\u00e8s une longue attente, les hommes gagnent le front pour participer \u00e0 ce qu&rsquo;on appellera la bataille de la Somme. Le livre atteint son point culminant avec une attaque vou\u00e9e \u00e0 l&rsquo;\u00e9chec \u00e0 Beaumont-Hamel le 1er juillet 1916, o\u00f9 le r\u00e9giment est pratiquement d\u00e9cim\u00e9.<\/p>\n<hr \/>\n<h3><i>The Sojourn<\/i><\/h3>\n<p>Alan Cumyn<br \/>\nToronto (Ont.), McClelland &amp; Stewart, 2004<\/p>\n<p><b>Description:<\/b>\u00a0Un jeune homme confronte ses id\u00e9aux et ses valeurs \u00e0 ses exp\u00e9riences du temps de guerre, qui semblent n&rsquo;\u00eatre que des horreurs sans fin et sans but apparent. Crome, le personnage principal, s&rsquo;est port\u00e9 volontaire contre l&rsquo;assentiment de son p\u00e8re. Apr\u00e8s une bataille particuli\u00e8rement atroce, il profite d&rsquo;une permission pour aller \u00e0 Londres, o\u00f9 il rencontre des membres de sa famille qui lui font remettre en question son r\u00f4le dans la guerre et sa responsabilit\u00e9 personnelle face \u00e0 la soci\u00e9t\u00e9.<\/p>\n<hr \/>\n<h3><i>The Stone Carvers<\/i><\/h3>\n<p>Jane Urquhart<br \/>\nToronto (Ont.), McClelland &amp; Stewart, 2001<\/p>\n<p><b>Description:<\/b>\u00a0Ce livre pr\u00e9sente \u00e0 la fois les histoires d&rsquo;une famille, surtout dans une petite ville agricole de l&rsquo;Ontario, la Premi\u00e8re Guerre mondiale et la cr\u00e9ation du M\u00e9morial de Vimy, en France. Klara et Tilman Becker, qui sont fr\u00e8re et s\u0153ur, connaissent les horreurs de la guerre \u00e0 leur mani\u00e8re : Tilman perd une jambe sur la cr\u00eate de Vimy, alors que le premier amour de Klara, Eamon, ne revient pas de la guerre. Le fr\u00e8re et la s\u0153ur se rendent en France participer \u00e0 la construction du M\u00e9morial de Vimy. Ce faisant, ils reconstruisent aussi leurs vies bris\u00e9es.<\/p>\n<hr \/>\n<h3><i>Three Day Road<\/i><\/h3>\n<p>Joseph Boyden<br \/>\nToronto (Ont.), Penguin Canada, 2006<\/p>\n<p><b>Description:<\/b>\u00a0S&rsquo;inspirant de l&rsquo;histoire authentique de Francis Pegahmagabow, ce livre suit deux tireurs d&rsquo;\u00e9lite cris imaginaires de la Premi\u00e8re Guerre mondiale. Les deux hommes servent dans la m\u00eame unit\u00e9, mais la guerre les touche de mani\u00e8re diff\u00e9rente. Elijah devient un tireur d\u00e9cor\u00e9 et admir\u00e9, tandis que Xavier, tout aussi excellent tireur d&rsquo;\u00e9lite, souffre de sa m\u00e9diocre ma\u00eetrise de l&rsquo;anglais et du fait qu&rsquo;il d\u00e9teste tuer. Le livre suit l&rsquo;\u00e9volution de leur relation et les changements qu&rsquo;ils subissent eux-m\u00eames, et nous montre les jeunes soldats partir \u00e0 la guerre et en revenir, \u00e0 travers le regard d&rsquo;un ancien de la famille.<\/p>\n<hr \/>\n<h3><i>Guerres<\/i><\/h3>\n<p>Timothy Findley<br \/>\nMontr\u00e9al (Qc.), Biblioth\u00e8que Qu\u00e9b\u00e9coise, 2004<\/p>\n<p><b>Description:<\/b><i>The Wars<\/i>\u00a0examine le trouble \u00e9motionnel d&rsquo;un jeune officier canadien dans les tranch\u00e9es quand il en vient \u00e0 r\u00e9aliser la cruaut\u00e9 de l&rsquo;homme. Au fil de la guerre, Robert Ross devient lui-m\u00eame victime et regarde un bon nombre de ceux qui l&rsquo;entourent mourir ou perdre la raison. Les pressions physiques et psychologiques de la guerre conduisent Robert \u00e0 commettre un acte de folie d\u00e9sesp\u00e9r\u00e9.<\/p>\n<p>\u00c9galement disponible en anglais sous le titre :\u00a0<b>The Wars<\/b><\/p>\n","protected":false},"excerpt":{"rendered":"<p>Broken Ground Jack Hodgins Toronto (Ont.), Emblem Editions, 1999 Description:\u00a0Des soldats canadiens rentr\u00e9s au pays s&rsquo;efforcent d&rsquo;oublier les souvenirs de la Premi\u00e8re Guerre mondiale en s&rsquo;installant dans le nord-est de l&rsquo;\u00eele de Vancouver sur des terres attribu\u00e9es par l&rsquo;\u00c9tat. Un incendie de for\u00eat s&rsquo;approche du nouvel \u00e9tablissement et ravive leurs horribles souvenirs de la guerre. [&hellip;]<\/p>\n","protected":false},"author":1,"featured_media":0,"parent":2900,"menu_order":4,"comment_status":"open","ping_status":"open","template":"single-ressource.php","meta":{"footnotes":""},"_links":{"self":[{"href":"https:\/\/www.museedelaguerre.ca\/premiereguerremondiale\/wp-json\/wp\/v2\/pages\/2912"}],"collection":[{"href":"https:\/\/www.museedelaguerre.ca\/premiereguerremondiale\/wp-json\/wp\/v2\/pages"}],"about":[{"href":"https:\/\/www.museedelaguerre.ca\/premiereguerremondiale\/wp-json\/wp\/v2\/types\/page"}],"author":[{"embeddable":true,"href":"https:\/\/www.museedelaguerre.ca\/premiereguerremondiale\/wp-json\/wp\/v2\/users\/1"}],"replies":[{"embeddable":true,"href":"https:\/\/www.museedelaguerre.ca\/premiereguerremondiale\/wp-json\/wp\/v2\/comments?post=2912"}],"version-history":[{"count":1,"href":"https:\/\/www.museedelaguerre.ca\/premiereguerremondiale\/wp-json\/wp\/v2\/pages\/2912\/revisions"}],"predecessor-version":[{"id":2913,"href":"https:\/\/www.museedelaguerre.ca\/premiereguerremondiale\/wp-json\/wp\/v2\/pages\/2912\/revisions\/2913"}],"up":[{"embeddable":true,"href":"https:\/\/www.museedelaguerre.ca\/premiereguerremondiale\/wp-json\/wp\/v2\/pages\/2900"}],"wp:attachment":[{"href":"https:\/\/www.museedelaguerre.ca\/premiereguerremondiale\/wp-json\/wp\/v2\/media?parent=2912"}],"curies":[{"name":"wp","href":"https:\/\/api.w.org\/{rel}","templated":true}]}}