{"id":291,"date":"2014-07-17T19:03:54","date_gmt":"2014-07-17T19:03:54","guid":{"rendered":"https:\/\/www.museedelaguerre.ca\/premiere-guerre-mondial\/?page_id=291"},"modified":"2015-03-27T14:59:06","modified_gmt":"2015-03-27T14:59:06","slug":"concerts-et-theatres","status":"publish","type":"page","link":"https:\/\/www.museedelaguerre.ca\/premiereguerremondiale\/histoire\/la-vie-au-front\/la-culture-des-tranchees\/concerts-et-theatres\/","title":{"rendered":"Concerts et th\u00e9\u00e2tres"},"content":{"rendered":"<p class=\"excerpt\">Les commandants \u00e9taient conscients des bienfaits des divertissements sur le moral des soldats civils.<\/p>\n<h2><b>Groupes musicaux au front<\/b><\/h2>\n<p>Au d\u00e9but de la guerre, la plupart des unit\u00e9s \u00e9taient diverties par des musiciens, des orateurs et des chanteurs recrut\u00e9s dans leurs propres rangs. Il n&rsquo;existait pas de groupes de concert ou de troupes de spectacle officielles.<\/p>\n<p>\u00c0 partir de la bataille de la Somme en 1916, les autorit\u00e9s militaires encourag\u00e8rent et organis\u00e8rent des groupes musicaux pour les soldats durant les p\u00e9riodes de repos. \u00c0 la fin de la guerre, presque toutes les divisions avaient leur propre troupe de spectacle et il y avait \u00e9galement des artistes de sc\u00e8ne dans beaucoup d&rsquo;unit\u00e9s et de formations. Les divertissements offerts aux soldats comprenaient des chansons, des satires et des sc\u00e8nes de vaudeville travesties.<\/p>\n<h2>Concerts au Canada<\/h2>\n<p>La majorit\u00e9 des dizaines de troupes de spectacle cr\u00e9\u00e9es pendant la guerre disparurent lorsque le Corps exp\u00e9ditionnaire canadien fut d\u00e9mobilis\u00e9 en 1919, mais quelques-unes surv\u00e9curent. Les Dumbells, form\u00e9 par les meilleurs artistes de sc\u00e8ne de plusieurs des troupes de spectacle du temps de guerre, se produisirent au Canada et aux \u00c9tats-Unis dans les ann\u00e9es 1920, donnant aux anciens combattants l&rsquo;occasion de r\u00e9entendre les chansons et les satires et de revivre les souvenirs des spectacles du temps de guerre.<\/p>\n<h3>Poursuivez votre exploration avec ces sujets :<\/h3>\n<ul class=\"related\">\n<li><a href=\"\/premiereguerremondiale\/histoire\/batailles-et-combats\/batailles-terrestres\/la-somme\/\">La Somme<\/a><\/li>\n<li><a href=\"\/premiereguerremondiale\/histoire\/apres-la-guerre\/les-anciens-combattants\/reinsertion-dans-la-vie-civile\/\">R\u00e9insertion dans la vie civile<\/a><\/li>\n<li><a href=\"\/premiereguerremondiale\/histoire\/apres-la-guerre\/histoire\/recits-de-soldats\/\">R\u00e9cits de soldats<\/a><\/li>\n<\/ul>\n","protected":false},"excerpt":{"rendered":"<p>Les commandants \u00e9taient conscients des bienfaits des divertissements sur le moral des soldats civils. Groupes musicaux au front Au d\u00e9but de la guerre, la plupart des unit\u00e9s \u00e9taient diverties par des musiciens, des orateurs et des chanteurs recrut\u00e9s dans leurs propres rangs. Il n&rsquo;existait pas de groupes de concert ou de troupes de spectacle officielles. [&hellip;]<\/p>\n","protected":false},"author":1,"featured_media":276,"parent":281,"menu_order":4,"comment_status":"open","ping_status":"open","template":"single-history.php","meta":{"footnotes":""},"_links":{"self":[{"href":"https:\/\/www.museedelaguerre.ca\/premiereguerremondiale\/wp-json\/wp\/v2\/pages\/291"}],"collection":[{"href":"https:\/\/www.museedelaguerre.ca\/premiereguerremondiale\/wp-json\/wp\/v2\/pages"}],"about":[{"href":"https:\/\/www.museedelaguerre.ca\/premiereguerremondiale\/wp-json\/wp\/v2\/types\/page"}],"author":[{"embeddable":true,"href":"https:\/\/www.museedelaguerre.ca\/premiereguerremondiale\/wp-json\/wp\/v2\/users\/1"}],"replies":[{"embeddable":true,"href":"https:\/\/www.museedelaguerre.ca\/premiereguerremondiale\/wp-json\/wp\/v2\/comments?post=291"}],"version-history":[{"count":4,"href":"https:\/\/www.museedelaguerre.ca\/premiereguerremondiale\/wp-json\/wp\/v2\/pages\/291\/revisions"}],"predecessor-version":[{"id":3396,"href":"https:\/\/www.museedelaguerre.ca\/premiereguerremondiale\/wp-json\/wp\/v2\/pages\/291\/revisions\/3396"}],"up":[{"embeddable":true,"href":"https:\/\/www.museedelaguerre.ca\/premiereguerremondiale\/wp-json\/wp\/v2\/pages\/281"}],"wp:featuredmedia":[{"embeddable":true,"href":"https:\/\/www.museedelaguerre.ca\/premiereguerremondiale\/wp-json\/wp\/v2\/media\/276"}],"wp:attachment":[{"href":"https:\/\/www.museedelaguerre.ca\/premiereguerremondiale\/wp-json\/wp\/v2\/media?parent=291"}],"curies":[{"name":"wp","href":"https:\/\/api.w.org\/{rel}","templated":true}]}}