{"id":2908,"date":"2014-08-14T15:50:31","date_gmt":"2014-08-14T15:50:31","guid":{"rendered":"https:\/\/www.museedelaguerre.ca\/premiereguerremondiale\/?page_id=2908"},"modified":"2014-08-14T15:50:31","modified_gmt":"2014-08-14T15:50:31","slug":"enfants-9-a-14-ans14-livres-generaux","status":"publish","type":"page","link":"https:\/\/www.museedelaguerre.ca\/premiereguerremondiale\/ressources\/liste-de-livres\/enfants-9-a-14-ans14-livres-generaux\/","title":{"rendered":"Enfants &#8211; 9 \u00e0 14 ans:14 : Livres g\u00e9n\u00e9raux"},"content":{"rendered":"<h3><i>L&rsquo;exploit des Canadiens: La bataille de Vimy Avril 1917<\/i><\/h3>\n<p>Hugh Brewster<br \/>\nToronto (Ont.), Scholastic, 2007<\/p>\n<p><b>Description:<\/b>\u00a0Brewster pr\u00e9sente les \u00e9v\u00e8nements de la cr\u00eate de Vimy et leur importance pour le Canada, tout en montrant les horreurs de la guerre. Le livre pr\u00e9sente les \u00e9v\u00e8nements d&rsquo;une mani\u00e8re facile \u00e0 suivre pour les jeunes lecteurs. Il comporte des photos, des cartes et un glossaire.<\/p>\n<p>\u00c9galement disponible en anglais sous le titre :\u00a0<b><i>At Vimy Ridge: Canada&rsquo;s Greatest World War I Victory<\/i><\/b><\/p>\n<hr \/>\n<h3><i>Explosion in Halifax Harbour: An Illustrated Account of a Disaster that Shook the World<\/i><\/h3>\n<p>David B. Flemming<br \/>\nHalifax (N.-\u00c9.), Formac, 2004<\/p>\n<p><b>Description:<\/b>\u00a0Cet examen d\u00e9taill\u00e9 de l&rsquo;explosion de Halifax (1917) comporte une abondante collection de photos. Flemming recr\u00e9e les \u00e9v\u00e8nements conduisant \u00e0 l&rsquo;explosion depuis la collision des deux navires, et explique comment les ressources ont \u00e9t\u00e9 mobilis\u00e9es dans toute la ville pour faire face au d\u00e9sastre. Le texte peut \u00eatre difficile pour des \u00e9coliers, mais la vaste collection de photos int\u00e9ressera les jeunes de tous \u00e2ges.<\/p>\n<hr \/>\n<h3><i>The Halifax Explosion (Junior Edition): Surviving the Blast that Shook a Nation<\/i><\/h3>\n<p>Joyce Glasner<br \/>\nCanmore (Alb.), Altitude, 2003<\/p>\n<p><b>Description:<\/b>\u00a0Le livre aux d\u00e9tails pr\u00e9cis de Glasner retrace l&rsquo;histoire de l&rsquo;explosion de Halifax en 1917 depuis la collision de deux navires dans le port de cette ville jusqu&rsquo;au combat des survivants pour reconstruire leur ville d\u00e9vast\u00e9e. Une version plus avanc\u00e9e de cet ouvrage est \u00e9galement offerte aux lecteurs plus \u00e2g\u00e9s. Ce livre fait partie de la s\u00e9rie\u00a0<i>Junior Amazing Stories<\/i>.<\/p>\n<hr \/>\n<h3><i>The Men Who Marched Away<\/i><\/h3>\n<p>R. James Steel<br \/>\nSt. Catharines (Ont.), Vanwell Publishing, 1989<\/p>\n<p><b>Description:<\/b>\u00a0Ce livre offre une description et une chronologie d\u00e9taill\u00e9es de la guerre et de ses batailles. Il n&rsquo;est gu\u00e8re question du front int\u00e9rieur, sauf dans le bref \u00e9pilogue. L&rsquo;ouvrage contient des diagrammes, des cartes, des photos et un glossaire, plus des opinions et des questions de recherche dans chaque chapitre.<\/p>\n<hr \/>\n<h3><i>The Real Winnie: A One-Of-A-Kind Bear<\/i><\/h3>\n<p>Val Shushkewich<br \/>\nSt. Catharines (Ont.), Vanwell Publishing, 1989<\/p>\n<p><b>Description:<\/b>\u00a0Shushkewich raconte l&rsquo;histoire de Winnie avec en toile de fond la Premi\u00e8re Guerre mondiale. Harry Colbourn, le premier propri\u00e9taire de Winnie, \u00e9tait v\u00e9t\u00e9rinaire dans l&rsquo;arm\u00e9e canadienne. Le livre parle de sa carri\u00e8re militaire et inclut un document sign\u00e9 par Sam Steele recommandant sa promotion. Il y a des documents historiques sur le d\u00e9clenchement de la guerre, les attaques au gaz, l&rsquo;Armistice, le Jour du Souvenir, les cons\u00e9quences du conflit sur l&rsquo;identit\u00e9 canadienne, Sam Steele, sir Arthur Currie et John McCrae.<\/p>\n<hr \/>\n<h3><i>Where Poppies Grow: A World War I Companion<\/i><\/h3>\n<p>Linda Granfield<br \/>\nToronto (Ont.), Stoddart Kids, 2001<\/p>\n<p><b>Description:<\/b>\u00a0Ce livre bien document\u00e9 est une sorte d&rsquo;album de documents d&rsquo;archives sur la Premi\u00e8re Guerre mondiale. \u00c0 l&rsquo;aide de cartes postales, de lettres, de photos et d&rsquo;autres souvenirs, Granfield explore de nombreux aspects de la guerre, dont la vie sur le front int\u00e9rieur. Elle raconte aussi les histoires personnelles de deux soldats, dont l&rsquo;un est rentr\u00e9 au Canada marqu\u00e9 \u00e0 jamais de cicatrices et l&rsquo;autre n&rsquo;a pas surv\u00e9cu \u00e0 la guerre.<\/p>\n<hr \/>\n<h3><i>World War I<\/i><\/h3>\n<p>G.W. Larkin and J.P. Matresky<br \/>\nMarkham (Ont.), Fitzhenry &amp; Whiteside, 1987<\/p>\n<p><b>Description:<\/b>\u00a0Voici un survol tr\u00e8s g\u00e9n\u00e9ral du conflit d&rsquo;un point de vue canadien. Il comporte un chapitre sur la guerre dans les airs et en mer. La guerre sur le front int\u00e9rieur est \u00e9galement abord\u00e9e, et il est notamment question de l&rsquo;agriculture, de l&rsquo;industrie, de la contribution des femmes, des b\u00e9n\u00e9fices excessifs, de Sam Hughes, de la conscription, de l&rsquo;explosion de Halifax, du financement et des \u00e9lections de 1917. L&rsquo;ouvrage se termine par une br\u00e8ve section sur le Trait\u00e9 de Versailles, l&rsquo;ind\u00e9pendance croissante du Canada et l&rsquo;\u00e9tablissement du Jour du Souvenir. Il y a des photos, des manchettes, de courtes biographies de personnages cl\u00e9s, des histoires personnelles et des citations, des diagrammes, des cartes et un glossaire.<\/p>\n","protected":false},"excerpt":{"rendered":"<p>L&rsquo;exploit des Canadiens: La bataille de Vimy Avril 1917 Hugh Brewster Toronto (Ont.), Scholastic, 2007 Description:\u00a0Brewster pr\u00e9sente les \u00e9v\u00e8nements de la cr\u00eate de Vimy et leur importance pour le Canada, tout en montrant les horreurs de la guerre. Le livre pr\u00e9sente les \u00e9v\u00e8nements d&rsquo;une mani\u00e8re facile \u00e0 suivre pour les jeunes lecteurs. Il comporte des [&hellip;]<\/p>\n","protected":false},"author":1,"featured_media":0,"parent":2900,"menu_order":3,"comment_status":"open","ping_status":"open","template":"single-ressource.php","meta":{"footnotes":""},"_links":{"self":[{"href":"https:\/\/www.museedelaguerre.ca\/premiereguerremondiale\/wp-json\/wp\/v2\/pages\/2908"}],"collection":[{"href":"https:\/\/www.museedelaguerre.ca\/premiereguerremondiale\/wp-json\/wp\/v2\/pages"}],"about":[{"href":"https:\/\/www.museedelaguerre.ca\/premiereguerremondiale\/wp-json\/wp\/v2\/types\/page"}],"author":[{"embeddable":true,"href":"https:\/\/www.museedelaguerre.ca\/premiereguerremondiale\/wp-json\/wp\/v2\/users\/1"}],"replies":[{"embeddable":true,"href":"https:\/\/www.museedelaguerre.ca\/premiereguerremondiale\/wp-json\/wp\/v2\/comments?post=2908"}],"version-history":[{"count":1,"href":"https:\/\/www.museedelaguerre.ca\/premiereguerremondiale\/wp-json\/wp\/v2\/pages\/2908\/revisions"}],"predecessor-version":[{"id":2909,"href":"https:\/\/www.museedelaguerre.ca\/premiereguerremondiale\/wp-json\/wp\/v2\/pages\/2908\/revisions\/2909"}],"up":[{"embeddable":true,"href":"https:\/\/www.museedelaguerre.ca\/premiereguerremondiale\/wp-json\/wp\/v2\/pages\/2900"}],"wp:attachment":[{"href":"https:\/\/www.museedelaguerre.ca\/premiereguerremondiale\/wp-json\/wp\/v2\/media?parent=2908"}],"curies":[{"name":"wp","href":"https:\/\/api.w.org\/{rel}","templated":true}]}}