{"id":2906,"date":"2014-08-14T15:48:08","date_gmt":"2014-08-14T15:48:08","guid":{"rendered":"https:\/\/www.museedelaguerre.ca\/premiereguerremondiale\/?page_id=2906"},"modified":"2014-08-14T15:49:02","modified_gmt":"2014-08-14T15:49:02","slug":"enfants-9-a-14-ans-livres-de-fiction","status":"publish","type":"page","link":"https:\/\/www.museedelaguerre.ca\/premiereguerremondiale\/ressources\/liste-de-livres\/enfants-9-a-14-ans-livres-de-fiction\/","title":{"rendered":"Enfants &#8211; 9 \u00e0 14 ans : Livres de fiction"},"content":{"rendered":"<h3><i>Au petit matin<\/i><\/h3>\n<p>John Wilson<br \/>\nKids Can Press, 2002<\/p>\n<p><b>Description:<\/b>\u00a0Une histoire racont\u00e9e \u00e0 travers le journal d&rsquo;un jeune de 16 ans, Jim, qui part pour la guerre apr\u00e8s la mort de son p\u00e8re au combat. L&rsquo;auteur a fait des recherches sur beaucoup des personnages \u00e0 l&rsquo;Imperial War Museum. Ce livre, qui n&rsquo;est cependant pas un roman anti-guerre, montre les cons\u00e9quences de la guerre sur les individus et leurs relations avec les autres.<\/p>\n<p>\u00c9galement disponible en anglais sous le titre :\u00a0<i><b>And in the Morning<\/b><\/i><\/p>\n<hr \/>\n<h3><i>Mes fr\u00e8res au front : \u00c9lisa Bates, au temps de la Premi\u00e8re Guerre mondiale, Uxbridge, Ontario, 1916<\/i><\/h3>\n<p>Jean Little<br \/>\nMarkham (Ont.), Scholastic Canada, 2003<\/p>\n<p><b>Description:<\/b>\u00a0\u00c9lisa et sa famille affrontent l&rsquo;absence des deux fr\u00e8res qui sont all\u00e9s \u00e0 la guerre dans cette histoire sur la vie sur le front int\u00e9rieur au Canada. \u00c9lisa ne peut comprendre pourquoi ses parents sont boulevers\u00e9s quand son fr\u00e8re Hugo s&rsquo;enr\u00f4le. Elle est enthousiaste \u00e0 l&rsquo;id\u00e9e de l&rsquo;aventure dans laquelle il se lance, et impressionn\u00e9e par le spectacle des d\u00e9fil\u00e9s des soldats qui vont partir. Quand son fr\u00e8re a\u00een\u00e9, Jack, s&rsquo;enr\u00f4le et qu&rsquo;on commence \u00e0 publier les listes des pertes, \u00c9lisa r\u00e9alise qu&rsquo;elle veut avant tout que ses deux fr\u00e8res rentrent sains et saufs \u00e0 la maison.<\/p>\n<p>\u00c9galement disponible en anglais sous le titre :\u00a0<b><i>Brothers Far from Home: The World War I Diary of Eliza Bates, Uxbridge, Ontario, 1916<\/i><\/b>, Uxbridge, Ontario, 1916<\/p>\n<hr \/>\n<h3><i>Charlie Wilcox<\/i><\/h3>\n<p>Sharon E. McKay<br \/>\nToronto (Ont.), Stoddart Kids, 2000<\/p>\n<p><b>Description:<\/b>\u00a0Premier d&rsquo;une s\u00e9rie de deux livres. Charlie, Terre.Neuvien de 14 ans, veut travailler en mer tout comme son p\u00e8re et ses oncles. Ses parents ont d&rsquo;autres projets et comptent l&rsquo;envoyer \u00e0 l&rsquo;universit\u00e9. Furieux de ne pas pouvoir marcher sur les traces de son p\u00e8re, Charlie s&#8217;embarque clandestinement dans ce qu&rsquo;il croit \u00eatre un navire de chasse au phoque. Ce n&rsquo;est qu&rsquo;une fois au large que Charlie d\u00e9couvre qu&rsquo;il transporte des soldats qui vont \u00e0 la guerre en Europe. Comme il est trop jeune pour se battre, Charlie devient brancardier dans la Somme.<\/p>\n<hr \/>\n<h3><i>Charlie Wilcox&rsquo;s Great War<\/i><\/h3>\n<p>Sharon E. McKay<br \/>\nToronto (Ont.), Penguin, 2003<\/p>\n<p><b>Description:<\/b>\u00a0Dans le deuxi\u00e8me livre de la s\u00e9rie Charlie Wilcox, Charlie, 17 ans, rentre \u00e0 Terre-Neuve apr\u00e8s la guerre, transform\u00e9 \u00e0 jamais par ses exp\u00e9riences du temps de guerre. Sa ville natale est endeuill\u00e9e par la mort de tant de jeunes hommes, et Charlie se sent incapable de leur parler des horreurs dont il a \u00e9t\u00e9 t\u00e9moin de peur de les attrister encore davantage.<\/p>\n<hr \/>\n<h3><i>Escape!<\/i><\/h3>\n<p>John Reid<br \/>\nHalifax (N.-\u00c9.), Fernwood Books, 2004.<\/p>\n<p><b>Description:<\/b>\u00a0Lev, le fils de L\u00e9on Trotsky, et Alexi, un jeune Canadien d&rsquo;origine ukrainienne, se lient d&rsquo;amiti\u00e9, et bient\u00f4t toute la famille d&rsquo;Alexi se retrouve impliqu\u00e9e dans une conspiration pour lib\u00e9rer L\u00e9on Trotsky du camp d&rsquo;internement d&rsquo;Amherst, en Nouvelle-\u00c9cosse. Ce livre s&rsquo;inspire de l&rsquo;histoire authentique de l&#8217;emprisonnement de L\u00e9on Trotsky en Nouvelle-\u00c9cosse pendant la Premi\u00e8re Guerre mondiale.<\/p>\n<p>Un bref \u00e9pilogue fait la distinction entre la r\u00e9alit\u00e9 et la fiction dans ce livre.<\/p>\n<hr \/>\n<h3><i>Irish Chain<\/i><\/h3>\n<p>Barbara Haworth-Attard<br \/>\nToronto (Ont.), HarperCollins Canada, 2004<\/p>\n<p><b>Description:<\/b>\u00a0Rose, une fillette de Halifax souffrant de dyslexie, a peur de redoubler et d&rsquo;\u00eatre l&rsquo;an prochain dans la m\u00eame classe que sa petite s\u0153ur.<\/p>\n<p>Rose prie pour ne plus avoir \u00e0 aller \u00e0 l&rsquo;\u00e9cole. Quand les navires explosent dans le port de Halifax, elle se dit que c&rsquo;est peut-\u00eatre de sa faute pendant qu&rsquo;elle s&rsquo;efforce de r\u00e9unir sa famille au milieu des d\u00e9combres de la ville.<\/p>\n<p>Une note illustr\u00e9e de l&rsquo;auteur donne d&rsquo;autres d\u00e9tails sur l&rsquo;explosion de Halifax.<\/p>\n<hr \/>\n<h3><i>A Kind of Courage<\/i><\/h3>\n<p>Colleen Heffernan<br \/>\nVictoria (C.-B.), Orca, 2005<\/p>\n<p><b>Description:<\/b>\u00a0C&rsquo;est l&rsquo;histoire de Hattie, une fillette qui vit dans une ferme. Alors que son fr\u00e8re a\u00een\u00e9 Will est parti se battre pendant la Premi\u00e8re Guerre mondiale, des voisins tournent en ridicule son p\u00e8re, qui a embauch\u00e9 un objecteur de conscience pour les travaux de la ferme.<\/p>\n<p>Ce livre, qui est agr\u00e9able \u00e0 lire, donne un aper\u00e7u de la vie des objecteurs de conscience et des agriculteurs en temps de guerre.<\/p>\n<hr \/>\n<h3><i>Lesia&rsquo;s Dream<\/i><\/h3>\n<p>Laura Langston<br \/>\nToronto (Ont.), HarperCollins, 2003<\/p>\n<p><b>Description:<\/b>\u00a0C&rsquo;est l&rsquo;histoire de Lesia, une fillette ukrainienne, de sa famille et des moments p\u00e9nibles qu&rsquo;ils traversent. Ils \u00e9migrent d&rsquo;Ukraine au Canada et connaissent les difficult\u00e9s du d\u00e9frichement de leur terre au Manitoba. Au cours de la Premi\u00e8re Guerre mondiale, on ordonne \u00e0 la famille de s&rsquo;inscrire aupr\u00e8s du gouvernement comme \u00ab\u00a0sujets d&rsquo;un pays ennemi\u00a0\u00bb, et les hommes sont envoy\u00e9s dans un camp d&rsquo;internement.<\/p>\n<p>Une note de l&rsquo;auteur fournit des statistiques et des renseignements sur l&rsquo;internement des Ukrainiens.<\/p>\n<hr \/>\n<h3><i>Le g\u00e9n\u00e9ral des soldats de bois<\/i><\/h3>\n<p>Iain Lawrence<br \/>\nParis, Hachette, 2003<\/p>\n<p><b>Description:<\/b>\u00a0Quand Johnny a dix ans, la guerre \u00e9clate en Europe. Son p\u00e8re, un fabricant de jouets bien connu, s&rsquo;enr\u00f4le dans l&rsquo;arm\u00e9e au d\u00e9but de la guerre et commence \u00e0 envoyer \u00e0 Johnny par la poste des soldats qu&rsquo;il a sculpt\u00e9s dans le bois pendant les longues heures pass\u00e9es dans les tranch\u00e9es.<\/p>\n<p>Johnny cr\u00e9e ses propres tranch\u00e9es et champs de bataille dans l&rsquo;arri\u00e8re-cour de sa tante, \u00e0 la campagne, avec, en guise de soldats allemands, un ensemble d&rsquo;hommes casse-noisettes qu&rsquo;il a re\u00e7us pour son neuvi\u00e8me anniversaire, et pour les Alli\u00e9s les figures que son p\u00e8re lui envoie des tranch\u00e9es. Johnny fait dans la cour une guerre bien \u00e0 lui. Suite \u00e0 plusieurs co\u00efncidences, Johnny commence \u00e0 se demander si ses batailles avec des soldats jouets n&rsquo;influencent pas les \u00e9v\u00e8nements sur le front.<\/p>\n<p>Ce livre a fait l&rsquo;objet de recherches minutieuses. L&rsquo;auteur a voyag\u00e9 du Canada en Angleterre pour poursuivre ses recherches apr\u00e8s avoir \u00e9cum\u00e9 diverses biblioth\u00e8ques au Canada, dont le Centre de recherche sur l&rsquo;histoire militaire du Mus\u00e9e canadien de la guerre. Une note d\u00e9taill\u00e9e de l&rsquo;auteur pr\u00e9sente le contexte.<\/p>\n<p>Disponible en anglais sous le titre :\u00a0<b><i>Lord of the Nutcracker Men<\/i><\/b><\/p>\n<hr \/>\n<h3><i>No Safe Harbour: The Halifax Explosion Diary of Charlotte Blackburn, Halifax, Nova Scotia, 1917<\/i><\/h3>\n<p>Julie Lawson<br \/>\nMarkham (Ont.), Scholastic, 2006<\/p>\n<p><b>Description:<\/b>\u00a0Le fr\u00e8re de Charlotte, Luke, lui offre un journal pour son douzi\u00e8me anniversaire en juillet 1917. Il lui demande d&rsquo;y consigner sa vie \u00e0 la maison. En retour, il promet de tenir un journal de ses exp\u00e9riences au front.<\/p>\n<p>La guerre colore le quotidien de Charlotte : on tourmente son amie Eva parce que son p\u00e8re est allemand, l&rsquo;oncle d&rsquo;un gar\u00e7on revient au pays apr\u00e8s avoir souffert sur le front d&rsquo;un traumatisme d\u00fb aux bombardements, et le fr\u00e8re d&rsquo;une amie se blesse intentionnellement pour \u00e9chapper \u00e0 la conscription. L&rsquo;explosion de Halifax se produit au milieu de ce d\u00e9sarroi. Charlotte en consigne les cons\u00e9quences de fa\u00e7on vivante dans son journal alors qu&rsquo;elle se r\u00e9veille d\u00e9sorient\u00e9e dans un h\u00f4pital et s&rsquo;efforce de reconstituer comment elle y a abouti avec des centaines d&rsquo;autres.<\/p>\n<p>Une partie historique pr\u00e9sente l&rsquo;histoire de Halifax et son r\u00f4le dans le soutien de l&rsquo;effort de guerre. Cette section inclut aussi des renseignements sur les navires qui se sont heurt\u00e9s, le\u00a0<i>Mont-Blanc<\/i>\u00a0et<i>l&rsquo;Imo<\/i>, et un \u00ab\u00a0album\u00a0\u00bb de photos, de documents et de cartes connexes.<\/p>\n<hr \/>\n<h3><i>Rilla d&rsquo;Ingleside<\/i><\/h3>\n<p>Lucy Maude Montgomery<br \/>\nMontr\u00e9al (Qc.), Qu\u00e9bec Am\u00e9rique, 1995<\/p>\n<p><b>Description:<\/b>\u00a0Dans ce dernier roman de la s\u00e9rie Anne of Green Gables (Anne..La maison aux pignons verts), la fille d&rsquo;Anne, Rilla, affronte la vie sur le front int\u00e9rieur pendant la Premi\u00e8re Guerre mondiale. Les trois fr\u00e8res de Rilla sont all\u00e9s se battre en Europe et son bien-aim\u00e9 ira aussi d\u00e8s que sa cheville fractur\u00e9e sera gu\u00e9rie. Rilla se sent seule et confuse au moment d&rsquo;entrer dans un monde adulte domin\u00e9 par la guerre et le chagrin.<\/p>\n<p>Disponible en anglais sous le titre :\u00a0<b>Rilla of Ingleside<\/b><\/p>\n<hr \/>\n<h3>The Star Supper: Book Three (Our Canadian Girl)<\/h3>\n<p>Troon Harrison<br \/>\nToronto (Ont.), Penguin, 2006<\/p>\n<p><b>Description:<\/b>\u00a0Millie, une fillette d&rsquo;une famille torontoise de classe moyenne, est triste que No\u00ebl ne soit pas comme d&rsquo;habitude cette ann\u00e9e. Son p\u00e8re est en Europe et se bat dans la Premi\u00e8re Guerre mondiale, et sa m\u00e8re est occup\u00e9e, car elle travaille au sein d&rsquo;un mouvement de temp\u00e9rance. Dans l&rsquo;entourage de Millie, beaucoup partent pour la guerre comme infirmi\u00e8res et soldats.<\/p>\n<p>Millie apprend par la m\u00e8re d&rsquo;une amie l&rsquo;existence de camps d&rsquo;internement pour les \u00ab\u00a0sujets de pays ennemis\u00a0\u00bb. Elle vient en aide \u00e0 la famille d&rsquo;un homme intern\u00e9 et l&rsquo;invite pour le d\u00eener de No\u00ebl, ainsi qu&rsquo;une amie immigrante anglaise, une amie d&rsquo;origine polonaise et ses parents autochtones. Le premier No\u00ebl de Millie sans son p\u00e8re sera heureux apr\u00e8s tout.<\/p>\n","protected":false},"excerpt":{"rendered":"<p>Au petit matin John Wilson Kids Can Press, 2002 Description:\u00a0Une histoire racont\u00e9e \u00e0 travers le journal d&rsquo;un jeune de 16 ans, Jim, qui part pour la guerre apr\u00e8s la mort de son p\u00e8re au combat. L&rsquo;auteur a fait des recherches sur beaucoup des personnages \u00e0 l&rsquo;Imperial War Museum. Ce livre, qui n&rsquo;est cependant pas un [&hellip;]<\/p>\n","protected":false},"author":1,"featured_media":0,"parent":2900,"menu_order":2,"comment_status":"open","ping_status":"open","template":"single-ressource.php","meta":{"footnotes":""},"_links":{"self":[{"href":"https:\/\/www.museedelaguerre.ca\/premiereguerremondiale\/wp-json\/wp\/v2\/pages\/2906"}],"collection":[{"href":"https:\/\/www.museedelaguerre.ca\/premiereguerremondiale\/wp-json\/wp\/v2\/pages"}],"about":[{"href":"https:\/\/www.museedelaguerre.ca\/premiereguerremondiale\/wp-json\/wp\/v2\/types\/page"}],"author":[{"embeddable":true,"href":"https:\/\/www.museedelaguerre.ca\/premiereguerremondiale\/wp-json\/wp\/v2\/users\/1"}],"replies":[{"embeddable":true,"href":"https:\/\/www.museedelaguerre.ca\/premiereguerremondiale\/wp-json\/wp\/v2\/comments?post=2906"}],"version-history":[{"count":1,"href":"https:\/\/www.museedelaguerre.ca\/premiereguerremondiale\/wp-json\/wp\/v2\/pages\/2906\/revisions"}],"predecessor-version":[{"id":2907,"href":"https:\/\/www.museedelaguerre.ca\/premiereguerremondiale\/wp-json\/wp\/v2\/pages\/2906\/revisions\/2907"}],"up":[{"embeddable":true,"href":"https:\/\/www.museedelaguerre.ca\/premiereguerremondiale\/wp-json\/wp\/v2\/pages\/2900"}],"wp:attachment":[{"href":"https:\/\/www.museedelaguerre.ca\/premiereguerremondiale\/wp-json\/wp\/v2\/media?parent=2906"}],"curies":[{"name":"wp","href":"https:\/\/api.w.org\/{rel}","templated":true}]}}