{"id":2895,"date":"2014-08-14T15:41:46","date_gmt":"2014-08-14T15:41:46","guid":{"rendered":"https:\/\/www.museedelaguerre.ca\/premiereguerremondiale\/?page_id=2895"},"modified":"2014-09-10T18:18:37","modified_gmt":"2014-09-10T18:18:37","slug":"la-bataille-de-la-somme","status":"publish","type":"page","link":"https:\/\/www.museedelaguerre.ca\/premiereguerremondiale\/ressources\/ensembles-de-photos-et-de-documents-concernant-la-premiereguerremondiale\/la-bataille-de-la-somme\/","title":{"rendered":"La bataille de la Somme"},"content":{"rendered":"<p>La bataille de la Somme, qui dura cinq mois en 1916, causa plus d&rsquo;un million de pertes dans les troupes alli\u00e9es et allemandes et en vint \u00e0 symboliser l&rsquo;impasse sanglante des tranch\u00e9es de la Premi\u00e8re Guerre mondiale. Les Terre-Neuviens \u00e9taient \u00e0 l&rsquo;\u0153uvre \u00e0 Beaumont-Hamel en juillet, et les Canadiens se battirent \u00e0 Courcelette en septembre. Apprenez-en davantage sur cette bataille en examinant les photos, documents, peintures et artefacts de cet ensemble de ressources.<\/p>\n<h3>Photos &#8211; Bataille de la Somme :<\/h3>\n<ul class=\"links\">\n<li class=\"pdf icon icon-download\"><a href=\"https:\/\/www.museedelaguerre.ca\/premiereguerremondiale\/wp-content\/mcme-uploads\/2014\/08\/4-b-5-a-resources-photographs_f.pdf\" target=\"_blank\">Photos &#8211; Bataille de la Somme (pdf)<\/a>\u00a0[PDF 565k]<\/li>\n<li><a href=\"\/premiereguerremondiale\/objets-et-photos\/photos\/photos-de-batailles-et-combats\/attaque-au-gaz-sur-la-somme\/?back=2895\">Attaque au gaz dans la Somme<\/a><\/li>\n<li><a href=\"\/premiereguerremondiale\/objets-et-photos\/photos\/photos-de-batailles-et-combats\/char-hors-de-combat\/?back=2895\">Char hors d&rsquo;usage<\/a><\/li>\n<li><a href=\"\/premiereguerremondiale\/objets-et-photos\/photos\/photos-de-batailles-et-combats\/vieille-tranchee-sur-la-somme\/?back=2895\">Vieille tranch\u00e9e dans la Somme<\/a><\/li>\n<li><a href=\"\/premiereguerremondiale\/objets-et-photos\/photos\/photos-de-batailles-et-combats\/barrage-dartillerie\/?back=2895\">Barrage d&rsquo;artillerie<\/a><\/li>\n<li><a href=\"\/premiereguerremondiale\/objets-et-photos\/photos\/photos-de-batailles-et-combats\/des-prisonniers-allemands-brancardiers\/?back=2895\">Prisonniers allemands faisant office de brancardiers<\/a><\/li>\n<li><a href=\"\/premiereguerremondiale\/objets-et-photos\/photos\/photos-de-batailles-et-combats\/barrage-allemand\/?back=2895\">Barrage allemand<\/a><\/li>\n<li><a href=\"\/premiereguerremondiale\/objets-et-photos\/photos\/photos-de-batailles-et-combats\/prisonniers-allemands\/?back=2895\">Prisonniers allemands captur\u00e9s \u00e0 Courcelette<\/a><\/li>\n<li><a href=\"\/premiereguerremondiale\/objets-et-photos\/photos\/photos-de-batailles-et-combats\/vestiges-de-la-raffinerie-de-sucre\/?back=2895\">Vestiges de la raffinerie de sucre<\/a><\/li>\n<li><a href=\"\/premiereguerremondiale\/objets-et-photos\/photos\/photos-de-batailles-et-combats\/blesses-a-courcelette\/?back=2895\">Bless\u00e9s \u00e0 Courcelette<\/a><\/li>\n<\/ul>\n<h3>Documents de source primaire &#8211; Bataille de la Somme :<\/h3>\n<ul class=\"links\">\n<li class=\"pdf icon icon-download\"><a href=\"\/premiereguerremondiale\/wp-content\/mcme-uploads\/2014\/09\/4-b-5-b-resources-primary-source-materials_f.pdf\" target=\"_blank\">Documents de source primaire &#8211; Bataille de la Somme (pdf)<\/a>\u00a0[PDF 882k]<\/li>\n<li><a href=\"\/premiereguerremondiale\/objets-et-photos\/documents-darchives\/documents-militaires\/tues-au-combat-dans-la-somme\/?back=2895\"><i>Tu\u00e9s au combat<\/i><\/a><\/li>\n<li><a href=\"\/premiereguerremondiale\/objets-et-photos\/art-et-culture\/art-officiel\/debut-du-bombardement-de-la-somme\/\"><i>D\u00e9but du bombardement de la Somme<\/i><\/a><\/li>\n<li><a href=\"\/premiereguerremondiale\/objets-et-photos\/art-et-culture\/art-officiel\/la-bataille-de-la-somme\/\"><i>La bataille de la Somme<\/i><\/a><\/li>\n<li><a href=\"\/premiereguerremondiale\/objets-et-photos\/art-et-culture\/art-officiel\/char-britannique-a-loeuvre\/?back=2895\"><i>Char britannique \u00e0 l&rsquo;\u0153uvre<\/i><\/a><\/li>\n<li><a href=\"\/premiereguerremondiale\/objets-et-photos\/art-et-culture\/art-officiel\/artillerie-canadienne-a-loeuvre\/?back=2895\"><i>Artillerie britannique \u00e0 l&rsquo;\u0153uvre<\/i><\/a><\/li>\n<li><a href=\"\/premiereguerremondiale\/objets-et-photos\/art-et-culture\/art-officiel\/bataille-de-courcelette\/?back=2895\"><i>Bataille de Courcelette<\/i><\/a><\/li>\n<li><a href=\"\/premiereguerremondiale\/objets-et-photos\/art-et-culture\/art-officiel\/la-prise-de-la-raffinerie-de-sucre\/?back=2895\"><i>Prise de la raffinerie de sucre<\/i><\/a><\/li>\n<li><a href=\"\/premiereguerremondiale\/objets-et-photos\/documents-darchives\/cartes\/carte-de-beaumont-hamel\/?back=2895\">Plan de Beaumont-Hamel<\/a><\/li>\n<li><a href=\"\/premiereguerremondiale\/objets-et-photos\/documents-darchives\/documents-personnels\/le-caribou-de-beaumont-hamel\/?back=2895\">Caribou \u00e0 Beaumont-Hamel<\/a><\/li>\n<\/ul>\n<p>Information historique connexe &#8211; Bataille de la Somme :\u00a0<a href=\"\/premiereguerremondiale\/histoire\/batailles-et-combats\/batailles-terrestres\/la-somme\/?back=2895\">La Somme<\/a>, <a href=\"\/premiereguerremondiale\/histoire\/batailles-et-combats\/batailles-terrestres\/courcelette\/?back=2895\">Courcelette<\/a>,\u00a0<a href=\"\/premiereguerremondiale\/histoire\/batailles-et-combats\/armes-terrestres\/mitrailleuses\/?back=2895\">Mitrailleuses<\/a>,<a href=\"\/premiereguerremondiale\/histoire\/les-gens\/en-uniforme\/les-terre-neuviens\/?back=2895\">Terre-Neuviens<\/a>, et\u00a0<a href=\"\/premiereguerremondiale\/histoire\/apres-la-guerre\/se-souvenir\/le-monument-commemoratif-de-terre-neuve-a-beaumont-hamel\/\">M\u00e9morial terre-neuvien de Beaumont-Hamel<\/a><\/p>\n","protected":false},"excerpt":{"rendered":"<p>La bataille de la Somme, qui dura cinq mois en 1916, causa plus d&rsquo;un million de pertes dans les troupes alli\u00e9es et allemandes et en vint \u00e0 symboliser l&rsquo;impasse sanglante des tranch\u00e9es de la Premi\u00e8re Guerre mondiale. Les Terre-Neuviens \u00e9taient \u00e0 l&rsquo;\u0153uvre \u00e0 Beaumont-Hamel en juillet, et les Canadiens se battirent \u00e0 Courcelette en septembre. [&hellip;]<\/p>\n","protected":false},"author":1,"featured_media":0,"parent":2885,"menu_order":0,"comment_status":"open","ping_status":"open","template":"single-ressource.php","meta":{"footnotes":""},"_links":{"self":[{"href":"https:\/\/www.museedelaguerre.ca\/premiereguerremondiale\/wp-json\/wp\/v2\/pages\/2895"}],"collection":[{"href":"https:\/\/www.museedelaguerre.ca\/premiereguerremondiale\/wp-json\/wp\/v2\/pages"}],"about":[{"href":"https:\/\/www.museedelaguerre.ca\/premiereguerremondiale\/wp-json\/wp\/v2\/types\/page"}],"author":[{"embeddable":true,"href":"https:\/\/www.museedelaguerre.ca\/premiereguerremondiale\/wp-json\/wp\/v2\/users\/1"}],"replies":[{"embeddable":true,"href":"https:\/\/www.museedelaguerre.ca\/premiereguerremondiale\/wp-json\/wp\/v2\/comments?post=2895"}],"version-history":[{"count":6,"href":"https:\/\/www.museedelaguerre.ca\/premiereguerremondiale\/wp-json\/wp\/v2\/pages\/2895\/revisions"}],"predecessor-version":[{"id":3229,"href":"https:\/\/www.museedelaguerre.ca\/premiereguerremondiale\/wp-json\/wp\/v2\/pages\/2895\/revisions\/3229"}],"up":[{"embeddable":true,"href":"https:\/\/www.museedelaguerre.ca\/premiereguerremondiale\/wp-json\/wp\/v2\/pages\/2885"}],"wp:attachment":[{"href":"https:\/\/www.museedelaguerre.ca\/premiereguerremondiale\/wp-json\/wp\/v2\/media?parent=2895"}],"curies":[{"name":"wp","href":"https:\/\/api.w.org\/{rel}","templated":true}]}}