{"id":2892,"date":"2014-08-14T15:40:19","date_gmt":"2014-08-14T15:40:19","guid":{"rendered":"https:\/\/www.museedelaguerre.ca\/premiereguerremondiale\/?page_id=2892"},"modified":"2016-07-08T13:22:57","modified_gmt":"2016-07-08T13:22:57","slug":"la-bataille-de-la-crete-de-vimy","status":"publish","type":"page","link":"https:\/\/www.museedelaguerre.ca\/premiereguerremondiale\/ressources\/ensembles-de-photos-et-de-documents-concernant-la-premiereguerremondiale\/la-bataille-de-la-crete-de-vimy\/","title":{"rendered":"La bataille de la cr\u00eate de Vimy"},"content":{"rendered":"<p>Dans le cadre d&rsquo;une offensive britannique en avril 1917, des soldats canadiens s&#8217;empar\u00e8rent de la cr\u00eate de Vimy, dans le nord de la France, qui \u00e9tait puissamment fortifi\u00e9e. Beaucoup consid\u00e8rent Vimy comme un moment d\u00e9terminant pour le Canada, mais la victoire fut acquise \u00e0 un co\u00fbt terrible, plus de 10\u00a0000 Canadiens ayant \u00e9t\u00e9 tu\u00e9s ou bless\u00e9s. Apprenez-en davantage sur la bataille et son h\u00e9ritage en consultant ces ressources.<\/p>\n<h3>Photos &#8211; Bataille de la cr\u00eate de Vimy :<\/h3>\n<ul class=\"links\">\n<li class=\"pdf icon icon-download\"><a href=\"https:\/\/www.museedelaguerre.ca\/premiereguerremondiale\/wp-content\/mcme-uploads\/2014\/08\/4-b-4-a-resources-photographs_f.pdf\" target=\"_blank\">Photos &#8211; Bataille de la cr\u00eate de Vimy (pdf)<\/a>\u00a0[PDF 1027k]<\/li>\n<li><a href=\"\/premiereguerremondiale\/objets-et-photos\/photos\/photos-de-batailles-et-combats\/la-crete-de-vimy-du-haut-des-airs\/?back=2892\">Vue d\u00e9sol\u00e9e de la cr\u00eate de Vimy<\/a><\/li>\n<li><a href=\"\/premiereguerremondiale\/objets-et-photos\/photos\/photos-de-batailles-et-combats\/char-a-vimy\/?back=2892\">Char \u00e0 Vimy<\/a><\/li>\n<li><a href=\"\/premiereguerremondiale\/objets-et-photos\/photos\/photos-de-batailles-et-combats\/au-dela-de-vimy-la-plaine-de-douai\/?back=2892\">Vue par-dessus le sommet de la cr\u00eate de Vimy<\/a><\/li>\n<li><a href=\"\/premiereguerremondiale\/objets-et-photos\/photos\/photos-de-batailles-et-combats\/lavancee-des-canadiens\/?back=2892\">Avanc\u00e9e du 29e bataillon \u00e0 Vimy<\/a><\/li>\n<li><a href=\"\/premiereguerremondiale\/objets-et-photos\/photos\/photos-de-batailles-et-combats\/fortifications-de-vimy\/?back=2892\">Fortifications de Vimy<\/a><\/li>\n<li><a href=\"\/premiereguerremondiale\/objets-et-photos\/photos\/photos-de-batailles-et-combats\/enlevement-des-blesses\/?back=2892\">Transport des bless\u00e9s<\/a><\/li>\n<li><a href=\"\/premiereguerremondiale\/objets-et-photos\/photos\/photos-de-batailles-et-combats\/prisonniers-de-guerre\/?back=2892\">Arriv\u00e9e d&rsquo;un officier allemand<\/a><\/li>\n<li><a href=\"\/premiereguerremondiale\/objets-et-photos\/photos\/photos-de-batailles-et-combats\/appui-dartillerie\/?back=2892\">Canon naval la nuit<\/a><\/li>\n<li><a href=\"\/premiereguerremondiale\/objets-et-photos\/photos\/photos-de-personnalites\/byng-en-train-dinspecter-des-canons-pris-a-lennemi\/?back=2892\">Byng inspecte un canon pris \u00e0 l&rsquo;ennemi<\/a><\/li>\n<li><a href=\"\/premiereguerremondiale\/objets-et-photos\/photos\/photos-de-personnalites\/byng-de-vimy\/?back=2892\">Byng de Vimy<\/a><\/li>\n<li><a href=\"\/premiereguerremondiale\/objets-et-photos\/photos\/photos-dapres-guerre\/le-cimetiere-canadien-a-vimy\/?back=2892\">Cimeti\u00e8re canadien \u00e0 Vimy<\/a><\/li>\n<li><a href=\"\/premiereguerremondiale\/objets-et-photos\/photos\/photos-de-la-vie-au-front\/tombes-canadiennes\/?back=2892\">Une tombe canadienne<\/a><\/li>\n<li><a href=\"\/premiereguerremondiale\/objets-et-photos\/photos\/photos-dapres-guerre\/inauguration-du-memorial-de-vimy\/?back=2892\">Inauguration \u00e0 Vimy<\/a><\/li>\n<li><a href=\"\/premiereguerremondiale\/objets-et-photos\/photos\/photos-dapres-guerre\/pelerins-a-vimy\/?back=2892\">P\u00e8lerins \u00e0 Vimy<\/a><\/li>\n<li><a href=\"\/premiereguerremondiale\/objets-et-photos\/photos\/photos-de-personnalites\/walter-allward\/?back=2892\">Walter Allward<\/a><\/li>\n<li><a href=\"\/premiereguerremondiale\/objets-et-photos\/photos\/photos-de-la-vie-au-front\/premier-monument-commemoratif\/?back=2892\">Premier m\u00e9morial<\/a><\/li>\n<\/ul>\n<h3>Documents de source primaire &#8211; Bataille de la cr\u00eate de Vimy :<\/h3>\n<ul class=\"links\">\n<li class=\"pdf icon icon-download\"><a href=\"\/premiereguerremondiale\/wp-content\/mcme-uploads\/2016\/07\/4-b-4-b-resources-primary-source-materials_f.pdf\" target=\"_blank\">Documents de source primaire &#8211; Bataille de la cr\u00eate de Vimy (pdf)<\/a>\u00a0[PDF 1577k]<\/li>\n<li><a href=\"\/premiereguerremondiale\/objets-et-photos\/art-et-culture\/art-officiel\/la-crete-de-vimy\/?back=2892\"><i>Cr\u00eate de Vimy<\/i><\/a><\/li>\n<li><a href=\"\/premiereguerremondiale\/objets-et-photos\/decorations-et-monuments-commemoratifs\/monuments\/la-justice\/?back=2892\"><i>Justice<\/i><\/a><\/li>\n<li><a href=\"\/premiereguerremondiale\/objets-et-photos\/armes-et-munitions\/pieces-dartillerie-et-grenades\/piece-dartillerie\/?back=2892\">Pi\u00e8ce d&rsquo;artillerie<\/a><\/li>\n<li><a href=\"\/premiereguerremondiale\/objets-et-photos\/art-et-culture\/art-officiel\/le-sommet-de-la-crete-de-vimy\/?back=2892\">Le sommet de la cr\u00eate de Vimy<\/a><\/li>\n<li><a href=\"\/premiereguerremondiale\/objets-et-photos\/armes-et-munitions\/gourdins-et-armes-blanches\/baionnette-allemande\/?back=2892\">Ba\u00efonnette allemande<\/a><\/li>\n<li><a href=\"\/premiereguerremondiale\/objets-et-photos\/decorations-et-monuments-commemoratifs\/objets-commemoratifs\/stele-funeraire-de-howard-pawley\/?back=2892\">St\u00e8le fun\u00e9raire de Pawley<\/a><\/li>\n<li><a href=\"\/premiereguerremondiale\/objets-et-photos\/art-et-culture\/art-officiel\/cimetiere-sur-la-crete-de-vimy\/?back=2892\"><i>Cimeti\u00e8re sur la cr\u00eate de Vimy<\/i><\/a><\/li>\n<li><a href=\"\/premiereguerremondiale\/objets-et-photos\/art-et-culture\/art-officiel\/le-pimple-le-soir\/?back=2892\"><i>Le Pimple, le soir<\/i><\/a><\/li>\n<li><a href=\"\/premiereguerremondiale\/objets-et-photos\/art-et-culture\/art-officiel\/la-prise-de-la-crete-de-vimy-le-lundi-de-paques-1917\/?back=2892\">La prise de la cr\u00eate de Vimy, lundi de P\u00e2ques 1917<\/a><\/li>\n<li><a href=\"\/premiereguerremondiale\/objets-et-photos\/armes-et-munitions\/armes-a-feu\/mitrailleuse-allemande-maxim-08\/?back=2892\">Mitrailleuse allemande Maxim 08<\/a><\/li>\n<li><a href=\"\/premiereguerremondiale\/objets-et-photos\/documents-darchives\/documents-militaires\/message-de-combat-crete-de-vimy\/?back=2892\">Message de campagne, cr\u00eate de Vimy<\/a><\/li>\n<li><a href=\"\/premiereguerremondiale\/objets-et-photos\/documents-darchives\/cartes\/carte-de-vimy-roclincourt\/?back=2892\">Vimy-Roclincourt<\/a><\/li>\n<li><a href=\"\/premiereguerremondiale\/objets-et-photos\/documents-darchives\/cartes\/cartes-de-la-progression-des-canadiens-a-vimy\/?back=2892\">Avanc\u00e9e du Corps canadien : du 9 avril au 3 mai 1917<\/a><\/li>\n<\/ul>\n<p>Information historique connexe &#8211; Bataille de la cr\u00eate de Vimy :\u00a0<a href=\"\/premiereguerremondiale\/histoire\/batailles-et-combats\/batailles-terrestres\/crete-de-vimy\/?back=2892\">Cr\u00eate de Vimy<\/a>,\u00a0<a href=\"\/premiereguerremondiale\/histoire\/batailles-et-combats\/armes-terrestres\/artillerie-et-mortiers\/?back=2892\">Artillerie et mortiers<\/a>,<a href=\"\/premiereguerremondiale\/histoire\/batailles-et-combats\/armes-terrestres\/mines-souterraines\/?back=2892\">Pose de mines sous terre<\/a>,\u00a0<a href=\"\/premiereguerremondiale\/histoire\/les-gens\/generaux\/sir-julian-byng\/?back=2892\">Sir Julian Byng<\/a>,\u00a0<a href=\"\/premiereguerremondiale\/histoire\/les-gens\/generaux\/a-g-l-mcnaughton\/?back=2892\">A.G.L. McNaughton<\/a>, et\u00a0<a href=\"\/premiereguerremondiale\/histoire\/apres-la-guerre\/se-souvenir\/le-memorial-de-vimy\/?back=2892\">M\u00e9morial de Vimy<\/a><\/p>\n","protected":false},"excerpt":{"rendered":"<p>Dans le cadre d&rsquo;une offensive britannique en avril 1917, des soldats canadiens s&#8217;empar\u00e8rent de la cr\u00eate de Vimy, dans le nord de la France, qui \u00e9tait puissamment fortifi\u00e9e. Beaucoup consid\u00e8rent Vimy comme un moment d\u00e9terminant pour le Canada, mais la victoire fut acquise \u00e0 un co\u00fbt terrible, plus de 10\u00a0000 Canadiens ayant \u00e9t\u00e9 tu\u00e9s ou [&hellip;]<\/p>\n","protected":false},"author":1,"featured_media":0,"parent":2885,"menu_order":0,"comment_status":"open","ping_status":"open","template":"single-ressource.php","meta":{"footnotes":""},"_links":{"self":[{"href":"https:\/\/www.museedelaguerre.ca\/premiereguerremondiale\/wp-json\/wp\/v2\/pages\/2892"}],"collection":[{"href":"https:\/\/www.museedelaguerre.ca\/premiereguerremondiale\/wp-json\/wp\/v2\/pages"}],"about":[{"href":"https:\/\/www.museedelaguerre.ca\/premiereguerremondiale\/wp-json\/wp\/v2\/types\/page"}],"author":[{"embeddable":true,"href":"https:\/\/www.museedelaguerre.ca\/premiereguerremondiale\/wp-json\/wp\/v2\/users\/1"}],"replies":[{"embeddable":true,"href":"https:\/\/www.museedelaguerre.ca\/premiereguerremondiale\/wp-json\/wp\/v2\/comments?post=2892"}],"version-history":[{"count":5,"href":"https:\/\/www.museedelaguerre.ca\/premiereguerremondiale\/wp-json\/wp\/v2\/pages\/2892\/revisions"}],"predecessor-version":[{"id":3500,"href":"https:\/\/www.museedelaguerre.ca\/premiereguerremondiale\/wp-json\/wp\/v2\/pages\/2892\/revisions\/3500"}],"up":[{"embeddable":true,"href":"https:\/\/www.museedelaguerre.ca\/premiereguerremondiale\/wp-json\/wp\/v2\/pages\/2885"}],"wp:attachment":[{"href":"https:\/\/www.museedelaguerre.ca\/premiereguerremondiale\/wp-json\/wp\/v2\/media?parent=2892"}],"curies":[{"name":"wp","href":"https:\/\/api.w.org\/{rel}","templated":true}]}}