{"id":2890,"date":"2014-08-14T15:35:36","date_gmt":"2014-08-14T15:35:36","guid":{"rendered":"https:\/\/www.museedelaguerre.ca\/premiereguerremondiale\/?page_id=2890"},"modified":"2014-08-15T17:46:56","modified_gmt":"2014-08-15T17:46:56","slug":"la-vie-dun-soldat","status":"publish","type":"page","link":"https:\/\/www.museedelaguerre.ca\/premiereguerremondiale\/ressources\/ensembles-de-photos-et-de-documents-concernant-la-premiereguerremondiale\/la-vie-dun-soldat\/","title":{"rendered":"La vie d&rsquo;un soldat"},"content":{"rendered":"<p>Comment les soldats des tranch\u00e9es voyaient-ils la guerre? Quelle \u00e9tait leur routine quotidienne? Comment faisaient-ils face \u00e0 la situation et survivaient-ils? Cet ensemble de ressources permet de mieux conna\u00eetre la vie des soldats.<\/p>\n<h3>Photos &#8211; La vie d&rsquo;un soldat<\/h3>\n<ul class=\"links\">\n<li class=\"pdf icon icon-download\"><a href=\"https:\/\/www.museedelaguerre.ca\/premiereguerremondiale\/wp-content\/mcme-uploads\/2014\/08\/4-b-3-a-resources-photographs-soldiers-life_f.pdf\" target=\"_blank\">Photos &#8211; La vie d&rsquo;un soldat (pdf)<\/a>\u00a0[PDF 983k]<\/li>\n<li><a href=\"\/premiereguerremondiale\/objets-et-photos\/photos\/photos-de-la-vie-au-front\/dans-les-tranchees\/?back=2890\">Dans les tranch\u00e9es<\/a><\/li>\n<li><a href=\"\/premiereguerremondiale\/objets-et-photos\/photos\/photos-de-la-vie-au-front\/une-coupe-de-cheveux\/?back=2890\">Une coupe de cheveux<\/a><\/li>\n<li><a href=\"\/premiereguerremondiale\/objets-et-photos\/photos\/photos-de-la-vie-au-front\/un-diner-dans-les-tranchees\/\">Un d\u00eener dans les tranch\u00e9es<\/a><\/li>\n<li><a href=\"\/premiereguerremondiale\/objets-et-photos\/photos\/photos-de-la-vie-au-front\/tirer-parti-dun-trou-dobus\/?back=2890\">Tirer parti d&rsquo;un trou d&rsquo;obus<\/a><\/li>\n<li><a href=\"\/premiereguerremondiale\/objets-et-photos\/photos\/photos-de-la-vie-au-front\/une-lettre-du-pays\/?back=2890\">Une lettre du pays<\/a><\/li>\n<li><a href=\"\/premiereguerremondiale\/objets-et-photos\/photos\/photos-de-batailles-et-combats\/un-coup-de-main-dun-camarade\/?back=2890\">Un coup de main d&rsquo;un camarade<\/a><\/li>\n<li><a href=\"\/premiereguerremondiale\/objets-et-photos\/photos\/photos-de-la-vie-au-front\/derniere-touche-a-une-sepulture\/?back=2890\">Derni\u00e8re touche \u00e0 une s\u00e9pulture<\/a><\/li>\n<li><a href=\"\/premiereguerremondiale\/objets-et-photos\/photos\/photos-de-la-vie-au-front\/divertir-les-camarades\/?back=2890\">Divertir les camarades<\/a><\/li>\n<li><a href=\"\/premiereguerremondiale\/objets-et-photos\/photos\/photos-de-la-vie-au-front\/dans-la-peau-du-personnage\/?back=2890\">Dans la peau du personnage<\/a><\/li>\n<li><a href=\"\/premiereguerremondiale\/objets-et-photos\/photos\/photos-de-la-vie-au-front\/le-meilleur-ami-de-lhomme\/?back=2890\">Le meilleur ami de l&rsquo;homme<\/a><\/li>\n<li><a href=\"\/premiereguerremondiale\/objets-et-photos\/photos\/photos-de-la-vie-au-front\/file-dattente-a-la-hutte-du-ymca\/?back=2890\">File d&rsquo;attente \u00e0 la hutte du YMCA<\/a><\/li>\n<li><a href=\"\/premiereguerremondiale\/objets-et-photos\/photos\/photos-de-la-vie-au-front\/une-pause\/?back=2890\">Une pause<\/a><\/li>\n<li><a href=\"\/premiereguerremondiale\/objets-et-photos\/photos\/photos-de-la-vie-au-front\/planque\/?back=2890\">Planque<\/a><\/li>\n<\/ul>\n<h3>Ressources &#8211; La vie d&rsquo;un soldat<\/h3>\n<ul class=\"links\">\n<li class=\"pdf icon icon-download\"><a href=\"https:\/\/www.museedelaguerre.ca\/premiereguerremondiale\/wp-content\/mcme-uploads\/2014\/08\/4-b-3-b-resources-primary-source-materials_f.pdf\" target=\"_blank\">Ressources &#8211; La vie d&rsquo;un soldat (pdf)<\/a>\u00a0[PDF 635k]<\/li>\n<li><a href=\"\/premiereguerremondiale\/objets-et-photos\/documents-darchives\/documents-produits-par-des-organisations\/tricks-for-the-trenches-and-wards-tours-pour-les-tranchees-et-les-salles-dhopitaux\/?back=2890\">Tricks for the Trenches and Wards (Tours pour les tranch\u00e9es et les salles d&rsquo;h\u00f4pitaux)<\/a><\/li>\n<li><a href=\"\/premiereguerremondiale\/objets-et-photos\/documents-darchives\/documents-produits-par-des-organisations\/the-spirit-of-our-troops-is-excellent-lesprit-de-nos-troupes-est-excellent\/?back=2890\">\u00ab\u00a0The Spirit of our Troops is excellent\u00a0\u00bb (L&rsquo;esprit de nos troupes est excellent)<\/a><\/li>\n<li><a href=\"\/premiereguerremondiale\/objets-et-photos\/art-et-culture\/art-des-tranchees\/service-a-the\/?back=2890\">Service \u00e0 th\u00e9<\/a><\/li>\n<li><a href=\"\/premiereguerremondiale\/objets-et-photos\/documents-darchives\/documents-personnels\/les-cartes-postales-whiz-bang\/?back=2890\">Les cartes postales \u00ab\u00a0Whiz Bang\u00a0\u00bb<\/a><\/li>\n<li><a href=\"\/premiereguerremondiale\/objets-et-photos\/art-et-culture\/jouets-et-maquettes\/ours-en-peluche\/?back=2890\">Ours en peluche<\/a><\/li>\n<li><a href=\"\/premiereguerremondiale\/objets-et-photos\/documents-darchives\/documents-personnels\/carnet-de-croquis\/?back=2890\">Carnet de croquis<\/a><\/li>\n<li><a href=\"\/premiereguerremondiale\/objets-et-photos\/equipement-et-vehicules\/equipement-et-vehicules\/casque\/?back=2890\">Casque<\/a><\/li>\n<li><a href=\"\/premiereguerremondiale\/objets-et-photos\/documents-darchives\/documents-militaires\/argot-des-tranchees\/?back=2890\">Argot des tranch\u00e9es<\/a><\/li>\n<li><a href=\"\/premiereguerremondiale\/objets-et-photos\/art-et-culture\/sports-et-divertissements\/its-a-long-long-way-to-tipperary\/?back=2890\">\u00ab\u00a0It&rsquo;s a long, long way to Tipperary.\u00a0\u00bb<\/a><\/li>\n<\/ul>\n<p>Information historique connexe sur la vie d&rsquo;un soldat :\u00a0<a href=\"\/premiereguerremondiale\/histoire\/la-vie-au-front\/les-conditions-dans-les-tranchees\/?back=2890\">Les conditions dans les tranch\u00e9es<\/a>,\u00a0<a href=\"\/premiereguerremondiale\/histoire\/la-vie-au-front\/la-culture-des-tranchees\/?back=2890\">La culture des tranch\u00e9es<\/a>, et\u00a0<a href=\"\/premiereguerremondiale\/histoire\/la-vie-au-front\/derriere-les-lignes-de-front\/?back=2890\">Derri\u00e8re les lignes de front<\/a><\/p>\n","protected":false},"excerpt":{"rendered":"<p>Comment les soldats des tranch\u00e9es voyaient-ils la guerre? Quelle \u00e9tait leur routine quotidienne? Comment faisaient-ils face \u00e0 la situation et survivaient-ils? Cet ensemble de ressources permet de mieux conna\u00eetre la vie des soldats. Photos &#8211; La vie d&rsquo;un soldat Photos &#8211; La vie d&rsquo;un soldat (pdf)\u00a0[PDF 983k] Dans les tranch\u00e9es Une coupe de cheveux Un [&hellip;]<\/p>\n","protected":false},"author":1,"featured_media":0,"parent":2885,"menu_order":0,"comment_status":"open","ping_status":"open","template":"single-ressource.php","meta":{"footnotes":""},"_links":{"self":[{"href":"https:\/\/www.museedelaguerre.ca\/premiereguerremondiale\/wp-json\/wp\/v2\/pages\/2890"}],"collection":[{"href":"https:\/\/www.museedelaguerre.ca\/premiereguerremondiale\/wp-json\/wp\/v2\/pages"}],"about":[{"href":"https:\/\/www.museedelaguerre.ca\/premiereguerremondiale\/wp-json\/wp\/v2\/types\/page"}],"author":[{"embeddable":true,"href":"https:\/\/www.museedelaguerre.ca\/premiereguerremondiale\/wp-json\/wp\/v2\/users\/1"}],"replies":[{"embeddable":true,"href":"https:\/\/www.museedelaguerre.ca\/premiereguerremondiale\/wp-json\/wp\/v2\/comments?post=2890"}],"version-history":[{"count":8,"href":"https:\/\/www.museedelaguerre.ca\/premiereguerremondiale\/wp-json\/wp\/v2\/pages\/2890\/revisions"}],"predecessor-version":[{"id":3027,"href":"https:\/\/www.museedelaguerre.ca\/premiereguerremondiale\/wp-json\/wp\/v2\/pages\/2890\/revisions\/3027"}],"up":[{"embeddable":true,"href":"https:\/\/www.museedelaguerre.ca\/premiereguerremondiale\/wp-json\/wp\/v2\/pages\/2885"}],"wp:attachment":[{"href":"https:\/\/www.museedelaguerre.ca\/premiereguerremondiale\/wp-json\/wp\/v2\/media?parent=2890"}],"curies":[{"name":"wp","href":"https:\/\/api.w.org\/{rel}","templated":true}]}}