{"id":289,"date":"2014-07-17T18:57:56","date_gmt":"2014-07-17T18:57:56","guid":{"rendered":"https:\/\/www.museedelaguerre.ca\/premiere-guerre-mondial\/?page_id=289"},"modified":"2015-03-27T14:57:25","modified_gmt":"2015-03-27T14:57:25","slug":"chansons","status":"publish","type":"page","link":"https:\/\/www.museedelaguerre.ca\/premiereguerremondiale\/histoire\/la-vie-au-front\/la-culture-des-tranchees\/chansons\/","title":{"rendered":"Chansons"},"content":{"rendered":"<p class=\"excerpt\">La Premi\u00e8re Guerre mondiale a \u00e9t\u00e9 une guerre de chansons. Les soldats utilisaient les chansons pour cr\u00e9er des liens et pour all\u00e9ger le stress et la peur caus\u00e9s par le fait de se trouver au front. Ils partageaient des chansons les uns avec les autres dans les camps de base, lorsqu&rsquo;ils marchaient ou sur les lignes de front.<\/p>\n<h2>Types de chansons<\/h2>\n<p>Il y avait des chansons populaires sur la guerre comme\u00a0<i>It&rsquo;s a Long, Long Way to Tipperary<\/i>\u00a0ou\u00a0<i>Keep the Home Fires Burning<\/i>, ainsi que beaucoup d&rsquo;autres chansons emprunt\u00e9es aux cabarets contemporains. Les ballades sentimentales \u00e9taient populaires ainsi que les couplets irr\u00e9v\u00e9rencieux. Quant aux chansons qui venaient du front int\u00e9rieur, qu&rsquo;on chantait souvent dans les tranch\u00e9es, de nombreux soldats en faisaient des parodies, ajoutant de nouvelles paroles \u00e0 la musique existante. Les nouvelles chansons des soldats s&rsquo;\u00e9levaient souvent contre la guerre ou contre l&rsquo;autorit\u00e9, et peu de non initi\u00e9s, particuli\u00e8rement les civils, comprenaient des chansons au titre morbide comme\u00a0<i>We&rsquo;re All Waiting for a Shell<\/i>\u00a0(Nous attendons tous un obus) ou <i>Hanging on the Old Barbed Wire<\/i>\u00a0(Suspendu au bon vieux fil barbel\u00e9).<\/p>\n<h3>Pursuivez votre exploration avec ces sujets :<\/h3>\n<ul class=\"related\">\n<li><a href=\"\/premiereguerremondiale\/histoire\/la-vie-au-pays-pendant-la-guerre\/leconomie-de-guerre\/finances-et-production-de-guerre\/\">Finances et production de guerre<\/a><\/li>\n<li><a href=\"\/premiereguerremondiale\/histoire\/la-vie-au-front\/les-conditions-dans-les-tranchees\/la-vie-quotidienne-dans-les-tranchees\/\">La vie quotidienne dans les tranch\u00e9es<\/a><\/li>\n<li><a href=\"\/premiereguerremondiale\/histoire\/lentree-en-guerre\/le-canada-entre-en-guerre\/reaction-enthousiaste-a-la-guerre\/\">R\u00e9action enthousiaste \u00e0 la guerre<\/a><\/li>\n<\/ul>\n","protected":false},"excerpt":{"rendered":"<p>La Premi\u00e8re Guerre mondiale a \u00e9t\u00e9 une guerre de chansons. Les soldats utilisaient les chansons pour cr\u00e9er des liens et pour all\u00e9ger le stress et la peur caus\u00e9s par le fait de se trouver au front. Ils partageaient des chansons les uns avec les autres dans les camps de base, lorsqu&rsquo;ils marchaient ou sur les [&hellip;]<\/p>\n","protected":false},"author":1,"featured_media":279,"parent":281,"menu_order":3,"comment_status":"open","ping_status":"open","template":"single-history.php","meta":{"footnotes":""},"_links":{"self":[{"href":"https:\/\/www.museedelaguerre.ca\/premiereguerremondiale\/wp-json\/wp\/v2\/pages\/289"}],"collection":[{"href":"https:\/\/www.museedelaguerre.ca\/premiereguerremondiale\/wp-json\/wp\/v2\/pages"}],"about":[{"href":"https:\/\/www.museedelaguerre.ca\/premiereguerremondiale\/wp-json\/wp\/v2\/types\/page"}],"author":[{"embeddable":true,"href":"https:\/\/www.museedelaguerre.ca\/premiereguerremondiale\/wp-json\/wp\/v2\/users\/1"}],"replies":[{"embeddable":true,"href":"https:\/\/www.museedelaguerre.ca\/premiereguerremondiale\/wp-json\/wp\/v2\/comments?post=289"}],"version-history":[{"count":4,"href":"https:\/\/www.museedelaguerre.ca\/premiereguerremondiale\/wp-json\/wp\/v2\/pages\/289\/revisions"}],"predecessor-version":[{"id":3395,"href":"https:\/\/www.museedelaguerre.ca\/premiereguerremondiale\/wp-json\/wp\/v2\/pages\/289\/revisions\/3395"}],"up":[{"embeddable":true,"href":"https:\/\/www.museedelaguerre.ca\/premiereguerremondiale\/wp-json\/wp\/v2\/pages\/281"}],"wp:featuredmedia":[{"embeddable":true,"href":"https:\/\/www.museedelaguerre.ca\/premiereguerremondiale\/wp-json\/wp\/v2\/media\/279"}],"wp:attachment":[{"href":"https:\/\/www.museedelaguerre.ca\/premiereguerremondiale\/wp-json\/wp\/v2\/media?parent=289"}],"curies":[{"name":"wp","href":"https:\/\/api.w.org\/{rel}","templated":true}]}}