{"id":2887,"date":"2014-08-14T15:32:20","date_gmt":"2014-08-14T15:32:20","guid":{"rendered":"https:\/\/www.museedelaguerre.ca\/premiereguerremondiale\/?page_id=2887"},"modified":"2014-08-14T18:53:17","modified_gmt":"2014-08-14T18:53:17","slug":"propagande","status":"publish","type":"page","link":"https:\/\/www.museedelaguerre.ca\/premiereguerremondiale\/ressources\/ensembles-de-photos-et-de-documents-concernant-la-premiereguerremondiale\/propagande\/","title":{"rendered":"Propagande"},"content":{"rendered":"<p>Tous les pays ayant particip\u00e9 \u00e0 la Premi\u00e8re Guerre mondiale ont fait usage de propagande pour encourager les contributions \u00e0 l&rsquo;effort de guerre et l&rsquo;enr\u00f4lement. Les documents de cet ensemble sont surtout des exemples canadiens de divers types de propagande du temps de guerre, des sculptures aux affiches et aux cartes postales.<\/p>\n<h3>Affiches de propagande :<\/h3>\n<ul class=\"links\">\n<li class=\"pdf icon icon-download\"><a href=\"\/premiereguerremondiale\/wp-content\/mcme-uploads\/2014\/08\/4-b-2-a-resources-propaganda-posters_f.pdf\" target=\"_blank\">Affiches de propagande (pdf)<\/a>\u00a0[PDF 1125k]<\/li>\n<li><a href=\"\/premiereguerremondiale\/objets-et-photos\/propagande\/objets-promotionnels-pour-leffort-de-guerre\/kultur-contre-humanite\/?back=2887\"><i>Kultur contre humanit\u00e9<\/i><\/a><\/li>\n<li><a href=\"\/premiereguerremondiale\/objets-et-photos\/propagande\/objets-promotionnels-pour-leffort-de-guerre\/ne-gaspillez-pas-le-pain\/?back=2887\"><i>Don&rsquo;t Waste Bread! (Ne gaspillez pas le pain!)<\/i><\/a><\/li>\n<li><a href=\"\/premiereguerremondiale\/objets-et-photos\/propagande\/objets-promotionnels-pour-leffort-de-guerre\/u-boote-heraus\u2026ment-de-u-boot\/?back=2887\"><i>U Boote Heraus!<\/i><\/a><\/li>\n<li><a href=\"\/premiereguerremondiale\/objets-et-photos\/propagande\/affiches-de-recrutement\/souvenez-vous-du-lusitania\/?back=2887\"><i>Remember the Lusitania (Souvenez-vous du \u00ab\u00a0Lusitania\u00a0\u00bb)<\/i><\/a><\/li>\n<li><a href=\"\/premiereguerremondiale\/objets-et-photos\/propagande\/affiches-de-recrutement\/canadiens-fran\u2026s-enrolez-vous\/?back=2887\"><i>Canadiens-Fran\u00e7ais, Enrolez-Vous!<\/i><\/a><\/li>\n<li><a href=\"\/premiereguerremondiale\/objets-et-photos\/propagande\/affiches-de-recrutement\/150e-carabinier-150e-bataillon\/?back=2887\"><i>150i\u00e8me Carabiniers<\/i><\/a><\/li>\n<li><a href=\"\/premiereguerremondiale\/objets-et-photos\/propagande\/affiches-de-recrutement\/help-the-boys-aidez-les-gars\/?back=2887\"><i>Help the Boys (Aidez les gars)<\/i><\/a><\/li>\n<li><a href=\"\/premiereguerremondiale\/objets-et-photos\/propagande\/affiches-de-recrutement\/fight-for-her-\u2026-toi-pour-elle\/?back=2887\"><i>Fight for Her (Bats-toi pour elle)<\/i><\/a><\/li>\n<li><a href=\"\/premiereguerremondiale\/objets-et-photos\/propagande\/objets-promotionnels-pour-leffort-de-guerre\/souscrivez-a-l\u2026de-la-victoire\/?back=2887\"><i>Souscrivez \u00e0 l&rsquo;Emprunt de la Victoire<\/i><\/a><\/li>\n<li><a href=\"\/premiereguerremondiale\/objets-et-photos\/propagande\/objets-promotionnels-pour-leffort-de-guerre\/fight-with-foo\u2026c-des-aliments\/?back=2887\">Fight with Food (Combattez avec des aliments)<\/a><\/li>\n<li><a href=\"\/premiereguerremondiale\/objets-et-photos\/propagande\/documents-de-propagande-antiallemande\/allemand-un-jo\u2026lways-a-german\/?back=2887\"><i>\u00ab\u00a0Allemand un jour, Allemand toujours!\u00a0\u00bb (\u00ab\u00a0Once a German &#8211; Always a German!\u00a0\u00bb)<\/i><\/a><\/li>\n<\/ul>\n<h3>Autres documents de propagande de source primaire :<\/h3>\n<ul class=\"links\">\n<li class=\"pdf icon icon-download\"><a href=\"\/premiereguerremondiale\/wp-content\/mcme-uploads\/2014\/08\/4-b-2-b-resources-other-primary-materials_f.pdf\" target=\"_blank\">Autres documents de propagande de source primaire (pdf)<\/a>\u00a0[PDF 567k]<\/li>\n<li><a href=\"\/premiereguerremondiale\/objets-et-photos\/propagande\/documents-de-propagande-antiallemande\/2239-2\/?back=2887\">M\u00e9daille du Lusitania, version britannique<\/a><\/li>\n<li><a href=\"\/premiereguerremondiale\/objets-et-photos\/art-et-culture\/periodiques\/lembleme-de-la\u2026-kulturs-crest\/?back=2887\">\u00c9cusson de la Kultur<\/a><\/li>\n<li><a href=\"\/premiereguerremondiale\/objets-et-photos\/propagande\/documents-de-propagande-antiallemande\/tombe-dedith-cavell\/?back=2887\">Le meurtre d&rsquo;Edith Cavell<\/a><\/li>\n<li><a href=\"\/premiereguerremondiale\/objets-et-photos\/documents-darchives\/documents-produits-par-des-organisations\/stick-it-canad\u2026-coller-canada\/?back=2887\"><i>Stick it Canada!<\/i><\/a><\/li>\n<li><a href=\"\/premiereguerremondiale\/objets-et-photos\/documents-darchives\/documents-gouvernementaux\/how-to-vote-ye\u2026ment-voter-oui\/?back=2887\">Que voudrait le kaiser?<\/a><\/li>\n<li><a href=\"\/premiereguerremondiale\/objets-et-photos\/documents-darchives\/documents-militaires\/give-us-his-na\u2026z-nous-son-nom\/?back=2887\">Donnez-nous son nom<\/a><\/li>\n<\/ul>\n<p>Information historique connexe sur la propagande :\u00a0<a href=\"\/premiereguerremondiale\/histoire\/la-vie-au-pays-pendant-la-guerre\/recrutement-et-conscription\/recrutement-volontaire\/?back=2887\">Recrutement<\/a>,\u00a0<a href=\"\/premiereguerremondiale\/histoire\/la-vie-au-pays-pendant-la-guerre\/leconomie-de-guerre\/finances-et-pr\u2026tion-de-guerre\/?back=2887\">Finances et production de guerre<\/a>, et\u00a0<a href=\"\/premiereguerremondiale\/histoire\/la-vie-au-pays-pendant-la-guerre\/sujets-dun-pays-ennemi\/sentiment-anti-allemand\/?back=2887\">Sentiment antiallemand<\/a><\/p>\n","protected":false},"excerpt":{"rendered":"<p>Tous les pays ayant particip\u00e9 \u00e0 la Premi\u00e8re Guerre mondiale ont fait usage de propagande pour encourager les contributions \u00e0 l&rsquo;effort de guerre et l&rsquo;enr\u00f4lement. Les documents de cet ensemble sont surtout des exemples canadiens de divers types de propagande du temps de guerre, des sculptures aux affiches et aux cartes postales. Affiches de propagande [&hellip;]<\/p>\n","protected":false},"author":1,"featured_media":0,"parent":2885,"menu_order":0,"comment_status":"open","ping_status":"open","template":"single-ressource.php","meta":{"footnotes":""},"_links":{"self":[{"href":"https:\/\/www.museedelaguerre.ca\/premiereguerremondiale\/wp-json\/wp\/v2\/pages\/2887"}],"collection":[{"href":"https:\/\/www.museedelaguerre.ca\/premiereguerremondiale\/wp-json\/wp\/v2\/pages"}],"about":[{"href":"https:\/\/www.museedelaguerre.ca\/premiereguerremondiale\/wp-json\/wp\/v2\/types\/page"}],"author":[{"embeddable":true,"href":"https:\/\/www.museedelaguerre.ca\/premiereguerremondiale\/wp-json\/wp\/v2\/users\/1"}],"replies":[{"embeddable":true,"href":"https:\/\/www.museedelaguerre.ca\/premiereguerremondiale\/wp-json\/wp\/v2\/comments?post=2887"}],"version-history":[{"count":5,"href":"https:\/\/www.museedelaguerre.ca\/premiereguerremondiale\/wp-json\/wp\/v2\/pages\/2887\/revisions"}],"predecessor-version":[{"id":2960,"href":"https:\/\/www.museedelaguerre.ca\/premiereguerremondiale\/wp-json\/wp\/v2\/pages\/2887\/revisions\/2960"}],"up":[{"embeddable":true,"href":"https:\/\/www.museedelaguerre.ca\/premiereguerremondiale\/wp-json\/wp\/v2\/pages\/2885"}],"wp:attachment":[{"href":"https:\/\/www.museedelaguerre.ca\/premiereguerremondiale\/wp-json\/wp\/v2\/media?parent=2887"}],"curies":[{"name":"wp","href":"https:\/\/api.w.org\/{rel}","templated":true}]}}