{"id":2883,"date":"2014-08-14T15:23:41","date_gmt":"2014-08-14T15:23:41","guid":{"rendered":"https:\/\/www.museedelaguerre.ca\/premiereguerremondiale\/?page_id=2883"},"modified":"2014-08-28T14:11:47","modified_gmt":"2014-08-28T14:11:47","slug":"debat-sur-la-conscription","status":"publish","type":"page","link":"https:\/\/www.museedelaguerre.ca\/premiereguerremondiale\/ressources\/plans-de-lecon\/debat-sur-la-conscription\/","title":{"rendered":"D\u00e9bat sur la conscription"},"content":{"rendered":"<h3>Pour tous les territoires et provinces sauf le Qu\u00e9bec\u00a0: Niveaux 10 \u00e0 12<\/h3>\n<h3>Pour le Qu\u00e9bec\u00a0: secondaire 4 et 5<\/h3>\n<p><span style=\"line-height: 1.5em;\">Les \u00e9l\u00e8ves se familiarisent avec la crise de la conscription au Canada. Ils sont r\u00e9partis en trois groupes et font des recherches sur les arguments pour ou contre la conscription avanc\u00e9s par le groupe qu&rsquo;ils repr\u00e9sentent. Les \u00e9l\u00e8ves participent ensuite \u00e0 un d\u00e9bat sur le sujet.\u00a0<\/span><a style=\"line-height: 1.5em;\" href=\"\/premiereguerremondiale\/wp-content\/mcme-uploads\/2014\/08\/4-a-5-all_f.pdf\" target=\"_blank\">T\u00e9l\u00e9chargez l&rsquo;ensemble des documents (pdf)<\/a><span style=\"line-height: 1.5em;\">\u00a0[PDF 41k]. Comprend le plan de le\u00e7on, la feuille de travail et des images de qualit\u00e9 sup\u00e9rieure d&rsquo;affiches.<\/span><\/p>\n<h3>Plan de le\u00e7on &#8211; D\u00e9bat sur la conscription<\/h3>\n<ul class=\"links\">\n<li class=\"pdf icon icon-download\"><a href=\"\/premiereguerremondiale\/wp-content\/mcme-uploads\/2014\/08\/4-a-5-a-conscription-debate-lesson-plan-10-12_f.pdf\" target=\"_blank\">D\u00e9bat sur la conscription, Plan de le\u00e7on (pdf)<\/a>\u00a0[PDF 53k]<\/li>\n<li class=\"pdf icon icon-download\"><a href=\"\/premiereguerremondiale\/wp-content\/mcme-uploads\/2014\/08\/4-a-5-b-conscription-debate-worksheet-10-12_f.pdf\" target=\"_blank\">Feuille de travail de groupe pour le d\u00e9bat sur la conscription (pdf)<\/a>\u00a0[PDF 23k]<\/li>\n<\/ul>\n<h3>Ressources: Affiche de recrutement<\/h3>\n<ul class=\"links\">\n<li class=\"pdf icon icon-download\"><a href=\"\/premiereguerremondiale\/wp-content\/mcme-uploads\/2014\/08\/4-a-5-c-resources-recruitment-posters_f.pdf\" target=\"_blank\">Ressources: Affiche de recrutement (pdf)<\/a>\u00a0[PDF 978k]<\/li>\n<li><a href=\"\/premiereguerremondiale\/objets-et-photos\/propagande\/affiches-de-recrutement\/this-is-your-flag-voici-votre-drapeau\/?back=2883\">This is Your Flag (Voici votre drapeau)<\/a><\/li>\n<li><a href=\"\/premiereguerremondiale\/objets-et-photos\/propagande\/affiches-de-recrutement\/heroes-of-st-julien-and-festubert-les-heros-de-st-julien-et-de-festubert\/?back=2883\">Heroes of St. Julien and Festubert<\/a><\/li>\n<li><a href=\"\/premiereguerremondiale\/objets-et-photos\/propagande\/affiches-de-recrutement\/les-heros-de-st-julien-et-de-festubert\/?back=2883\">Les H\u00e9ros de St-Julien et de Festubert<\/a><\/li>\n<li><a href=\"\/premiereguerremondiale\/objets-et-photos\/propagande\/affiches-de-recrutement\/canadiens-francais-enrolez-vous\/?back=2883\">Canadiens-Francais, Enrolez Vous!<\/a><\/li>\n<li><a href=\"\/premiereguerremondiale\/objets-et-photos\/propagande\/affiches-de-recrutement\/150e-carabinier-150e-bataillon\/?back=2883\">150e Carabiniers<\/a><\/li>\n<li><a href=\"\/premiereguerremondiale\/objets-et-photos\/propagande\/affiches-de-recrutement\/the-happy-man-lhomme-heureux\/?back=2883\">The Happy Man (L&rsquo;homme heureux)<\/a><\/li>\n<li><a href=\"\/premiereguerremondiale\/objets-et-photos\/propagande\/affiches-de-recrutement\/help-the-boys-aidez-les-gars\/?back=2883\">Help the Boys (Aidez les gars)<\/a><\/li>\n<\/ul>\n","protected":false},"excerpt":{"rendered":"<p>Pour tous les territoires et provinces sauf le Qu\u00e9bec\u00a0: Niveaux 10 \u00e0 12 Pour le Qu\u00e9bec\u00a0: secondaire 4 et 5 Les \u00e9l\u00e8ves se familiarisent avec la crise de la conscription au Canada. Ils sont r\u00e9partis en trois groupes et font des recherches sur les arguments pour ou contre la conscription avanc\u00e9s par le groupe qu&rsquo;ils [&hellip;]<\/p>\n","protected":false},"author":1,"featured_media":0,"parent":36,"menu_order":0,"comment_status":"open","ping_status":"open","template":"single-ressource.php","meta":{"footnotes":""},"_links":{"self":[{"href":"https:\/\/www.museedelaguerre.ca\/premiereguerremondiale\/wp-json\/wp\/v2\/pages\/2883"}],"collection":[{"href":"https:\/\/www.museedelaguerre.ca\/premiereguerremondiale\/wp-json\/wp\/v2\/pages"}],"about":[{"href":"https:\/\/www.museedelaguerre.ca\/premiereguerremondiale\/wp-json\/wp\/v2\/types\/page"}],"author":[{"embeddable":true,"href":"https:\/\/www.museedelaguerre.ca\/premiereguerremondiale\/wp-json\/wp\/v2\/users\/1"}],"replies":[{"embeddable":true,"href":"https:\/\/www.museedelaguerre.ca\/premiereguerremondiale\/wp-json\/wp\/v2\/comments?post=2883"}],"version-history":[{"count":5,"href":"https:\/\/www.museedelaguerre.ca\/premiereguerremondiale\/wp-json\/wp\/v2\/pages\/2883\/revisions"}],"predecessor-version":[{"id":3198,"href":"https:\/\/www.museedelaguerre.ca\/premiereguerremondiale\/wp-json\/wp\/v2\/pages\/2883\/revisions\/3198"}],"up":[{"embeddable":true,"href":"https:\/\/www.museedelaguerre.ca\/premiereguerremondiale\/wp-json\/wp\/v2\/pages\/36"}],"wp:attachment":[{"href":"https:\/\/www.museedelaguerre.ca\/premiereguerremondiale\/wp-json\/wp\/v2\/media?parent=2883"}],"curies":[{"name":"wp","href":"https:\/\/api.w.org\/{rel}","templated":true}]}}