{"id":287,"date":"2014-07-17T18:48:37","date_gmt":"2014-07-17T18:48:37","guid":{"rendered":"https:\/\/www.museedelaguerre.ca\/premiere-guerre-mondial\/?page_id=287"},"modified":"2015-03-27T14:55:55","modified_gmt":"2015-03-27T14:55:55","slug":"humour-des-tranchees","status":"publish","type":"page","link":"https:\/\/www.museedelaguerre.ca\/premiereguerremondiale\/histoire\/la-vie-au-front\/la-culture-des-tranchees\/humour-des-tranchees\/","title":{"rendered":"Humour des tranch\u00e9es"},"content":{"rendered":"<p class=\"excerpt\">Les soldats avaient souvent recours \u00e0 l&rsquo;humour pour all\u00e9ger le stress de la vie dans les tranch\u00e9es. Les blagues, les jeux de mots et les chansons satiriques faisaient partie de la culture orale des soldats. Leur dr\u00f4lerie \u00e9chappait \u00e0 ceux qui n&rsquo;appartenaient pas au groupe de soldats mais avait une r\u00e9sonance aupr\u00e8s des soldats et leur permettait de supporter le stress du service et du combat.<\/p>\n<h2>Dessins humoristiques<\/h2>\n<p>Les dessins humoristiques, dont bon nombre \u00e9taient publi\u00e9s dans les journaux des tranch\u00e9es, transmettaient des messages importants sur la vie dans les tranch\u00e9es. Les dessins pouvaient \u00eatre satiriques, loufoques ou subversifs, se moquant des officiers, de l&rsquo;arm\u00e9e ou de la guerre elle-m\u00eame.<\/p>\n<h3>Poursuivez votre exploration avec ces sujets :<\/h3>\n<ul class=\"related\">\n<li><a href=\"\/premiereguerremondiale\/histoire\/la-vie-au-front\/la-culture-des-tranchees\/journaux-des-tranchees\/\">Journaux des tranch\u00e9es<\/a><\/li>\n<li><a href=\"\/premiereguerremondiale\/histoire\/la-vie-au-front\/les-conditions-dans-les-tranchees\/garder-le-moral\/\">Garder le moral<\/a><\/li>\n<li><a href=\"\/premiereguerremondiale\/histoire\/les-gens\/en-uniforme\/tommy-canuck-le-fantassin\/\">Tommy Canuck :\u00a0le\u00a0fantassin<\/a><\/li>\n<\/ul>\n","protected":false},"excerpt":{"rendered":"<p>Les soldats avaient souvent recours \u00e0 l&rsquo;humour pour all\u00e9ger le stress de la vie dans les tranch\u00e9es. Les blagues, les jeux de mots et les chansons satiriques faisaient partie de la culture orale des soldats. Leur dr\u00f4lerie \u00e9chappait \u00e0 ceux qui n&rsquo;appartenaient pas au groupe de soldats mais avait une r\u00e9sonance aupr\u00e8s des soldats et [&hellip;]<\/p>\n","protected":false},"author":1,"featured_media":273,"parent":281,"menu_order":2,"comment_status":"open","ping_status":"open","template":"single-history.php","meta":{"footnotes":""},"_links":{"self":[{"href":"https:\/\/www.museedelaguerre.ca\/premiereguerremondiale\/wp-json\/wp\/v2\/pages\/287"}],"collection":[{"href":"https:\/\/www.museedelaguerre.ca\/premiereguerremondiale\/wp-json\/wp\/v2\/pages"}],"about":[{"href":"https:\/\/www.museedelaguerre.ca\/premiereguerremondiale\/wp-json\/wp\/v2\/types\/page"}],"author":[{"embeddable":true,"href":"https:\/\/www.museedelaguerre.ca\/premiereguerremondiale\/wp-json\/wp\/v2\/users\/1"}],"replies":[{"embeddable":true,"href":"https:\/\/www.museedelaguerre.ca\/premiereguerremondiale\/wp-json\/wp\/v2\/comments?post=287"}],"version-history":[{"count":3,"href":"https:\/\/www.museedelaguerre.ca\/premiereguerremondiale\/wp-json\/wp\/v2\/pages\/287\/revisions"}],"predecessor-version":[{"id":3394,"href":"https:\/\/www.museedelaguerre.ca\/premiereguerremondiale\/wp-json\/wp\/v2\/pages\/287\/revisions\/3394"}],"up":[{"embeddable":true,"href":"https:\/\/www.museedelaguerre.ca\/premiereguerremondiale\/wp-json\/wp\/v2\/pages\/281"}],"wp:featuredmedia":[{"embeddable":true,"href":"https:\/\/www.museedelaguerre.ca\/premiereguerremondiale\/wp-json\/wp\/v2\/media\/273"}],"wp:attachment":[{"href":"https:\/\/www.museedelaguerre.ca\/premiereguerremondiale\/wp-json\/wp\/v2\/media?parent=287"}],"curies":[{"name":"wp","href":"https:\/\/api.w.org\/{rel}","templated":true}]}}