{"id":285,"date":"2014-07-17T18:44:16","date_gmt":"2014-07-17T18:44:16","guid":{"rendered":"https:\/\/www.museedelaguerre.ca\/premiere-guerre-mondial\/?page_id=285"},"modified":"2015-03-27T14:54:22","modified_gmt":"2015-03-27T14:54:22","slug":"journaux-des-tranchees","status":"publish","type":"page","link":"https:\/\/www.museedelaguerre.ca\/premiereguerremondiale\/histoire\/la-vie-au-front\/la-culture-des-tranchees\/journaux-des-tranchees\/","title":{"rendered":"Journaux des tranch\u00e9es"},"content":{"rendered":"<p class=\"excerpt\">La plupart des soldats se m\u00e9fiaient des journaux civils qui \u00e9taient en g\u00e9n\u00e9ral ultra-patriotiques et excessivement optimistes quant \u00e0 la fin imminente de la guerre. Les soldats comptaient les uns sur les autres pour apprendre les nouvelles et certaines unit\u00e9s publiaient leurs propres journaux.<\/p>\n<h2>Une tribune o\u00f9 s&rsquo;exprimer librement<\/h2>\n<p>Les journaux des tranch\u00e9es permettaient aux soldats ordinaires d&rsquo;exprimer publiquement leurs pens\u00e9es. Des journaux canadiens publi\u00e9s par des soldats, notamment\u00a0<i>The Listening Post <\/i>et\u00a0<i>The Dead Horse Corner Gazette<\/i>, se moquaient des difficult\u00e9s de la guerre et les tournaient en ridicule dans des articles, des po\u00e8mes, des blagues et des dessins humoristiques. Les censeurs militaires interdisaient la publication de certaines informations, mais les journaux des tranch\u00e9es pouvaient \u00eatre \u00e9tonnamment francs. Ils constituaient une tribune o\u00f9 les soldats pouvaient librement exprimer la col\u00e8re et l&rsquo;aversion qu&rsquo;ils ressentaient envers leur vie difficile, m\u00eame si c&rsquo;\u00e9tait souvent au travers de blagues ou de jeux de mots.<\/p>\n<h3>Poursuivez votre exploration avec ces sujets :<\/h3>\n<ul class=\"related\">\n<li><a href=\"\/premiereguerremondiale\/histoire\/la-vie-au-front\/les-conditions-dans-les-tranchees\/la-vie-quotidienne-dans-les-tranchees\/\">La vie quotidienne dans les tranch\u00e9es<\/a><\/li>\n<li><a href=\"\/premiereguerremondiale\/histoire\/apres-la-guerre\/histoire\/recits-de-soldats\/\">R\u00e9cits de soldats<\/a><\/li>\n<li><a href=\"\/premiereguerremondiale\/histoire\/la-vie-au-front\/la-culture-des-tranchees\/largot-des-soldats\/\">L&rsquo;argot des soldats<\/a><\/li>\n<\/ul>\n","protected":false},"excerpt":{"rendered":"<p>La plupart des soldats se m\u00e9fiaient des journaux civils qui \u00e9taient en g\u00e9n\u00e9ral ultra-patriotiques et excessivement optimistes quant \u00e0 la fin imminente de la guerre. Les soldats comptaient les uns sur les autres pour apprendre les nouvelles et certaines unit\u00e9s publiaient leurs propres journaux. Une tribune o\u00f9 s&rsquo;exprimer librement Les journaux des tranch\u00e9es permettaient aux [&hellip;]<\/p>\n","protected":false},"author":1,"featured_media":275,"parent":281,"menu_order":1,"comment_status":"open","ping_status":"open","template":"single-history.php","meta":{"footnotes":""},"_links":{"self":[{"href":"https:\/\/www.museedelaguerre.ca\/premiereguerremondiale\/wp-json\/wp\/v2\/pages\/285"}],"collection":[{"href":"https:\/\/www.museedelaguerre.ca\/premiereguerremondiale\/wp-json\/wp\/v2\/pages"}],"about":[{"href":"https:\/\/www.museedelaguerre.ca\/premiereguerremondiale\/wp-json\/wp\/v2\/types\/page"}],"author":[{"embeddable":true,"href":"https:\/\/www.museedelaguerre.ca\/premiereguerremondiale\/wp-json\/wp\/v2\/users\/1"}],"replies":[{"embeddable":true,"href":"https:\/\/www.museedelaguerre.ca\/premiereguerremondiale\/wp-json\/wp\/v2\/comments?post=285"}],"version-history":[{"count":4,"href":"https:\/\/www.museedelaguerre.ca\/premiereguerremondiale\/wp-json\/wp\/v2\/pages\/285\/revisions"}],"predecessor-version":[{"id":3393,"href":"https:\/\/www.museedelaguerre.ca\/premiereguerremondiale\/wp-json\/wp\/v2\/pages\/285\/revisions\/3393"}],"up":[{"embeddable":true,"href":"https:\/\/www.museedelaguerre.ca\/premiereguerremondiale\/wp-json\/wp\/v2\/pages\/281"}],"wp:featuredmedia":[{"embeddable":true,"href":"https:\/\/www.museedelaguerre.ca\/premiereguerremondiale\/wp-json\/wp\/v2\/media\/275"}],"wp:attachment":[{"href":"https:\/\/www.museedelaguerre.ca\/premiereguerremondiale\/wp-json\/wp\/v2\/media?parent=285"}],"curies":[{"name":"wp","href":"https:\/\/api.w.org\/{rel}","templated":true}]}}