{"id":283,"date":"2014-07-17T18:39:48","date_gmt":"2014-07-17T18:39:48","guid":{"rendered":"https:\/\/www.museedelaguerre.ca\/premiere-guerre-mondial\/?page_id=283"},"modified":"2014-08-14T17:07:39","modified_gmt":"2014-08-14T17:07:39","slug":"largot-des-soldats","status":"publish","type":"page","link":"https:\/\/www.museedelaguerre.ca\/premiereguerremondiale\/histoire\/la-vie-au-front\/la-culture-des-tranchees\/largot-des-soldats\/","title":{"rendered":"L&rsquo;argot des soldats"},"content":{"rendered":"<p class=\"excerpt\">L&rsquo;exp\u00e9rience unique v\u00e9cue par les soldats sur la ligne de front contribua \u00e0 la formation d&rsquo;un langage exclusif ou d&rsquo;un argot. Ils l&rsquo;utilisaient pour parler, chanter ou communiquer les uns avec les autres, et parfois pour se distinguer de ceux qui n&rsquo;avaient pas connu l&rsquo;exp\u00e9rience des tranch\u00e9es.<\/p>\n<p>L&rsquo;argot des soldats \u00e9tait constitu\u00e9 de r\u00e9f\u00e9rences culturelles d&rsquo;avant la guerre, de termes militaires, de mots fran\u00e7ais ab\u00e2tardis et de nouveaux mots invent\u00e9s dans les tranch\u00e9es.<\/p>\n<p>L&rsquo;argot \u00e9tait utilis\u00e9 pour toutes sortes de raisons. Il exprimait du m\u00e9pris envers les sup\u00e9rieurs et les civils, indiquait l&rsquo;appartenance \u00e0 un groupe particulier et niait les horreurs de la guerre en banalisant le terrifiant.<\/p>\n<p>Par exemple, l&rsquo;utilisation d&rsquo;un langage anodin aidait \u00e0 banaliser la f\u00e9rocit\u00e9 des armes et la mort qu&rsquo;elles provoquaient. Les grenades allemandes devinrent des \u00ab\u00a0pilons \u00e0 patates\u00a0\u00bb et certains obus de plus petit calibre des \u00ab\u00a0whiz bangs\u00a0\u00bb.<\/p>\n<h3>Poursuivez votre exploration avec ces sujets :<\/h3>\n<ul class=\"related\">\n<li><a href=\"\/premiereguerremondiale\/histoire\/batailles-et-combats\/armes-terrestres\/grenades\/\">Grenades<\/a><\/li>\n<li><a href=\"\/premiereguerremondiale\/histoire\/batailles-et-combats\/armes-terrestres\/artillerie-et-mortiers\/\">Artillerie et mortiers<\/a><\/li>\n<li><a href=\"\/premiereguerremondiale\/histoire\/la-vie-au-front\/la-culture-des-tranchees\/humour-des-tranchees\/\">Humour des tranch\u00e9es<\/a><\/li>\n<\/ul>\n","protected":false},"excerpt":{"rendered":"<p>L&rsquo;exp\u00e9rience unique v\u00e9cue par les soldats sur la ligne de front contribua \u00e0 la formation d&rsquo;un langage exclusif ou d&rsquo;un argot. Ils l&rsquo;utilisaient pour parler, chanter ou communiquer les uns avec les autres, et parfois pour se distinguer de ceux qui n&rsquo;avaient pas connu l&rsquo;exp\u00e9rience des tranch\u00e9es. L&rsquo;argot des soldats \u00e9tait constitu\u00e9 de r\u00e9f\u00e9rences culturelles [&hellip;]<\/p>\n","protected":false},"author":1,"featured_media":280,"parent":281,"menu_order":0,"comment_status":"open","ping_status":"open","template":"single-history.php","meta":{"footnotes":""},"_links":{"self":[{"href":"https:\/\/www.museedelaguerre.ca\/premiereguerremondiale\/wp-json\/wp\/v2\/pages\/283"}],"collection":[{"href":"https:\/\/www.museedelaguerre.ca\/premiereguerremondiale\/wp-json\/wp\/v2\/pages"}],"about":[{"href":"https:\/\/www.museedelaguerre.ca\/premiereguerremondiale\/wp-json\/wp\/v2\/types\/page"}],"author":[{"embeddable":true,"href":"https:\/\/www.museedelaguerre.ca\/premiereguerremondiale\/wp-json\/wp\/v2\/users\/1"}],"replies":[{"embeddable":true,"href":"https:\/\/www.museedelaguerre.ca\/premiereguerremondiale\/wp-json\/wp\/v2\/comments?post=283"}],"version-history":[{"count":2,"href":"https:\/\/www.museedelaguerre.ca\/premiereguerremondiale\/wp-json\/wp\/v2\/pages\/283\/revisions"}],"predecessor-version":[{"id":2932,"href":"https:\/\/www.museedelaguerre.ca\/premiereguerremondiale\/wp-json\/wp\/v2\/pages\/283\/revisions\/2932"}],"up":[{"embeddable":true,"href":"https:\/\/www.museedelaguerre.ca\/premiereguerremondiale\/wp-json\/wp\/v2\/pages\/281"}],"wp:featuredmedia":[{"embeddable":true,"href":"https:\/\/www.museedelaguerre.ca\/premiereguerremondiale\/wp-json\/wp\/v2\/media\/280"}],"wp:attachment":[{"href":"https:\/\/www.museedelaguerre.ca\/premiereguerremondiale\/wp-json\/wp\/v2\/media?parent=283"}],"curies":[{"name":"wp","href":"https:\/\/api.w.org\/{rel}","templated":true}]}}