{"id":281,"date":"2014-07-17T18:30:42","date_gmt":"2014-07-17T18:30:42","guid":{"rendered":"https:\/\/www.museedelaguerre.ca\/premiere-guerre-mondial\/?page_id=281"},"modified":"2014-08-26T14:54:46","modified_gmt":"2014-08-26T14:54:46","slug":"la-culture-des-tranchees","status":"publish","type":"page","link":"https:\/\/www.museedelaguerre.ca\/premiereguerremondiale\/histoire\/la-vie-au-front\/la-culture-des-tranchees\/","title":{"rendered":"La culture des tranch\u00e9es"},"content":{"rendered":"<p>Pendant la guerre, les soldats \u00e9labor\u00e8rent leur propre sous-culture et s&rsquo;inspir\u00e8rent de leurs souvenirs d&rsquo;avant-guerre et de leur environnement pendant la guerre pour forger des formes d&rsquo;expression et de communication uniques au sein du groupe. Apprenez comment les soldats utilisaient le langage et l&rsquo;humour pour supporter la vie dans les tranch\u00e9es et donnaient un sens \u00e0 leurs exp\u00e9riences de guerre.<\/p>\n","protected":false},"excerpt":{"rendered":"<p>Pendant la guerre, les soldats \u00e9labor\u00e8rent leur propre sous-culture et s&rsquo;inspir\u00e8rent de leurs souvenirs d&rsquo;avant-guerre et de leur environnement pendant la guerre pour forger des formes d&rsquo;expression et de communication uniques au sein du groupe. Apprenez comment les soldats utilisaient le langage et l&rsquo;humour pour supporter la vie dans les tranch\u00e9es et donnaient un sens [&hellip;]<\/p>\n","protected":false},"author":1,"featured_media":3182,"parent":244,"menu_order":1,"comment_status":"open","ping_status":"open","template":"listing-history.php","meta":{"footnotes":""},"_links":{"self":[{"href":"https:\/\/www.museedelaguerre.ca\/premiereguerremondiale\/wp-json\/wp\/v2\/pages\/281"}],"collection":[{"href":"https:\/\/www.museedelaguerre.ca\/premiereguerremondiale\/wp-json\/wp\/v2\/pages"}],"about":[{"href":"https:\/\/www.museedelaguerre.ca\/premiereguerremondiale\/wp-json\/wp\/v2\/types\/page"}],"author":[{"embeddable":true,"href":"https:\/\/www.museedelaguerre.ca\/premiereguerremondiale\/wp-json\/wp\/v2\/users\/1"}],"replies":[{"embeddable":true,"href":"https:\/\/www.museedelaguerre.ca\/premiereguerremondiale\/wp-json\/wp\/v2\/comments?post=281"}],"version-history":[{"count":1,"href":"https:\/\/www.museedelaguerre.ca\/premiereguerremondiale\/wp-json\/wp\/v2\/pages\/281\/revisions"}],"predecessor-version":[{"id":282,"href":"https:\/\/www.museedelaguerre.ca\/premiereguerremondiale\/wp-json\/wp\/v2\/pages\/281\/revisions\/282"}],"up":[{"embeddable":true,"href":"https:\/\/www.museedelaguerre.ca\/premiereguerremondiale\/wp-json\/wp\/v2\/pages\/244"}],"wp:featuredmedia":[{"embeddable":true,"href":"https:\/\/www.museedelaguerre.ca\/premiereguerremondiale\/wp-json\/wp\/v2\/media\/3182"}],"wp:attachment":[{"href":"https:\/\/www.museedelaguerre.ca\/premiereguerremondiale\/wp-json\/wp\/v2\/media?parent=281"}],"curies":[{"name":"wp","href":"https:\/\/api.w.org\/{rel}","templated":true}]}}