{"id":28,"date":"2014-07-14T17:41:28","date_gmt":"2014-07-14T17:41:28","guid":{"rendered":"https:\/\/www.museedelaguerre.ca\/premiere-guerre-mondial\/?page_id=28"},"modified":"2015-03-25T18:35:07","modified_gmt":"2015-03-25T18:35:07","slug":"leurope-avant-la-guerre","status":"publish","type":"page","link":"https:\/\/www.museedelaguerre.ca\/premiereguerremondiale\/histoire\/lentree-en-guerre\/origines-et-premieres-phases\/leurope-avant-la-guerre\/","title":{"rendered":"L&rsquo;Europe avant la guerre"},"content":{"rendered":"<p class=\"excerpt\">Alliances rivales, conflits d&rsquo;int\u00e9r\u00eats et trait\u00e9s secrets divisaient l&rsquo;Europe d&rsquo;avant-guerre. Ils ouvrirent la voie \u00e0 une guerre qui allait balayer la plus grande partie du continent, et une bonne partie du monde.<\/p>\n<h3>La Triple-Entente c. les Puissances centrales<\/h3>\n<div>\n<p>Au d\u00e9but de la guerre, les puissances de la Triple-Entente \u00e9taient\u00a0:<\/p>\n<ul>\n<li>La Grande-Bretagne<\/li>\n<li>La France<\/li>\n<li>La Russie<\/li>\n<\/ul>\n<\/div>\n<div>\n<p>En face, se trouvaient les\u00a0Puissances centrales\u00a0:<\/p>\n<ul>\n<li>L&rsquo;Allemagne<\/li>\n<li>L&rsquo;Autriche-Hongrie<\/li>\n<\/ul>\n<\/div>\n<p>L&rsquo;Empire Ottoman &#8211; on dit souvent la Turquie &#8211; ne faisait pas partie de l&rsquo;alliance des Puissances centrales en ao\u00fbt 1914, mais il avait d\u00e9clar\u00e9 la guerre \u00e0 la plupart des puissances de l&rsquo;Entente \u00e0 la fin de 1914. En octobre 1915, la Bulgarie se joignit aux Puissances centrales.<\/p>\n<p>L&rsquo;Italie, alli\u00e9e de l&rsquo;Allemagne et de l&rsquo;Autriche-Hongrie d&rsquo;avant-guerre, entra en guerre en 1915 aux c\u00f4t\u00e9s des pays de l&rsquo;Entente. En 1918, beaucoup d&rsquo;autres pays avaient particip\u00e9 au conflit, dont les \u00c9tats-Unis et le Japon aux c\u00f4t\u00e9s de l&rsquo;Entente.<\/p>\n<h3>Causes de tension<\/h3>\n<p>D&rsquo;anciens griefs territoriaux, la concurrence coloniale et la crainte d&rsquo;attaques surprises envenim\u00e8rent les relations internationales \u00e0 l&rsquo;approche de la guerre. D\u00e8s que le conflit parut probable, aucun \u00c9tat ne voulut se mobiliser en dernier, de peur que ses ennemis en profitent pour r\u00e9gler de vieux contentieux. Les calendriers de la mobilisation, la rh\u00e9torique martiale et des obligations secr\u00e8tes entra\u00een\u00e8rent la plupart des pays d&rsquo;Europe \u00e0 prendre le sentier de la guerre.<\/p>\n<h3>Int\u00e9r\u00eats nationaux<\/h3>\n<p>Toutes les grandes puissances europ\u00e9ennes avaient des int\u00e9r\u00eats nationaux qu&rsquo;elles esp\u00e9raient voir favoriser en faisant la guerre.<\/p>\n<div>\n<p>Triple-Entente<\/p>\n<ul>\n<li>La France tenait \u00e0 tout prix \u00e0 venger sa d\u00e9faite aux mains de l&rsquo;Allemagne lors de la guerre de 1870-1871 en r\u00e9cup\u00e9rant l&rsquo;Alsace-Lorraine.<\/li>\n<li>La Russie promettait de soutenir la Serbie, nation slave s\u0153ur, tout en faisant en sorte que l&rsquo;Autriche-Hongrie n&rsquo;augmente pas son influence dans les Balkans.<\/li>\n<li>La Grande-Bretagne soutenait la Belgique et garantissait sa souverainet\u00e9, mais elle souhaitait \u00e9galement conserver l&rsquo;\u00e9quilibre des forces en Europe en contenant l&rsquo;Allemagne.<\/li>\n<li>L&rsquo;Italie, alli\u00e9e au d\u00e9part des Puissances centrales, refusa de se laisser entra\u00eener dans ce qu&rsquo;elle consid\u00e9rait comme leur guerre d&rsquo;agression, mais en mai 1915 elle se joignit \u00e0 l&rsquo;Entente dans l&rsquo;espoir d&rsquo;acqu\u00e9rir des territoires austro-hongrois et de nouvelles possessions coloniales, surtout en Afrique.<\/li>\n<\/ul>\n<\/div>\n<div>\n<p>Les Puissances centrales<\/p>\n<ul>\n<li>L&rsquo;Autriche-Hongrie voulait \u00e9craser le nationalisme serbe et renforcer l&rsquo;unit\u00e9 de son empire, particuli\u00e8rement dans les Balkans.<\/li>\n<li>L&rsquo;Allemagne soutenait l&rsquo;Autriche-Hongrie dans sa guerre contre la Serbie. Elle aspirait aussi \u00e0 exercer une plus grande influence en Europe, surtout en affaiblissant la France et la Russie, et souhaitait acqu\u00e9rir d&rsquo;autres colonies.<\/li>\n<li>L&rsquo;Empire Ottoman (la Turquie) voulait exercer un plus grand contr\u00f4le territorial sur les peuples turcs, dont un grand nombre vivaient en Russie, et prot\u00e9ger ses fronti\u00e8res, surtout de la Russie.<\/li>\n<\/ul>\n<h3>Poursuivez votre exploration avec ces sujets\u00a0:<\/h3>\n<ul class=\"related\">\n<li><a href=\"\/premiereguerremondiale\/histoire\/lentree-en-guerre\/le-canada-entre-en-guerre\/\">Le Canada en guerre<\/a><\/li>\n<li><a href=\"\/premiereguerremondiale\/histoire\/les-gens\/generaux\/sir-douglas-haig\/\">Sir Douglas Haig<\/a><\/li>\n<li><a href=\"\/premiereguerremondiale\/histoire\/apres-la-guerre\/legs\/lincidence-de-la-guerre-sur-le-canada\/\">L&rsquo;incidence de la guerre sur le Canada<\/a><\/li>\n<\/ul>\n<\/div>\n","protected":false},"excerpt":{"rendered":"<p>Alliances rivales, conflits d&rsquo;int\u00e9r\u00eats et trait\u00e9s secrets divisaient l&rsquo;Europe d&rsquo;avant-guerre. Ils ouvrirent la voie \u00e0 une guerre qui allait balayer la plus grande partie du continent, et une bonne partie du monde. La Triple-Entente c. les Puissances centrales Au d\u00e9but de la guerre, les puissances de la Triple-Entente \u00e9taient\u00a0: La Grande-Bretagne La France La Russie [&hellip;]<\/p>\n","protected":false},"author":1,"featured_media":414,"parent":26,"menu_order":0,"comment_status":"open","ping_status":"open","template":"single-history.php","meta":{"footnotes":""},"_links":{"self":[{"href":"https:\/\/www.museedelaguerre.ca\/premiereguerremondiale\/wp-json\/wp\/v2\/pages\/28"}],"collection":[{"href":"https:\/\/www.museedelaguerre.ca\/premiereguerremondiale\/wp-json\/wp\/v2\/pages"}],"about":[{"href":"https:\/\/www.museedelaguerre.ca\/premiereguerremondiale\/wp-json\/wp\/v2\/types\/page"}],"author":[{"embeddable":true,"href":"https:\/\/www.museedelaguerre.ca\/premiereguerremondiale\/wp-json\/wp\/v2\/users\/1"}],"replies":[{"embeddable":true,"href":"https:\/\/www.museedelaguerre.ca\/premiereguerremondiale\/wp-json\/wp\/v2\/comments?post=28"}],"version-history":[{"count":8,"href":"https:\/\/www.museedelaguerre.ca\/premiereguerremondiale\/wp-json\/wp\/v2\/pages\/28\/revisions"}],"predecessor-version":[{"id":3335,"href":"https:\/\/www.museedelaguerre.ca\/premiereguerremondiale\/wp-json\/wp\/v2\/pages\/28\/revisions\/3335"}],"up":[{"embeddable":true,"href":"https:\/\/www.museedelaguerre.ca\/premiereguerremondiale\/wp-json\/wp\/v2\/pages\/26"}],"wp:featuredmedia":[{"embeddable":true,"href":"https:\/\/www.museedelaguerre.ca\/premiereguerremondiale\/wp-json\/wp\/v2\/media\/414"}],"wp:attachment":[{"href":"https:\/\/www.museedelaguerre.ca\/premiereguerremondiale\/wp-json\/wp\/v2\/media?parent=28"}],"curies":[{"name":"wp","href":"https:\/\/api.w.org\/{rel}","templated":true}]}}