{"id":271,"date":"2014-07-17T17:47:18","date_gmt":"2014-07-17T17:47:18","guid":{"rendered":"https:\/\/www.museedelaguerre.ca\/premiere-guerre-mondial\/?page_id=271"},"modified":"2015-03-26T20:38:04","modified_gmt":"2015-03-26T20:38:04","slug":"medailles-et-decorations","status":"publish","type":"page","link":"https:\/\/www.museedelaguerre.ca\/premiereguerremondiale\/histoire\/la-vie-au-front\/les-conditions-dans-les-tranchees\/medailles-et-decorations\/","title":{"rendered":"M\u00e9dailles et d\u00e9corations"},"content":{"rendered":"<p class=\"excerpt\">Les m\u00e9dailles et les d\u00e9corations soulignaient la longueur et le type de service des soldats et \u00e9taient accord\u00e9es pour bravoure ou service m\u00e9ritoire. Les m\u00e9dailles et les d\u00e9corations constituaient une motivation positive pour les autres soldats de leur unit\u00e9 ou de leur secteur de service, mais la plupart consid\u00e9raient qu&rsquo;ils ne faisaient que leur devoir et ne se battaient pas pour obtenir des m\u00e9dailles.<\/p>\n<h2>Les m\u00e9dailles<\/h2>\n<p>Les m\u00e9dailles pouvaient \u00eatre d\u00e9cern\u00e9es tant pour le service que la bravoure, mais les m\u00e9dailles les plus nombreuses \u00e9taient celles qui r\u00e9compensaient le service, comme la M\u00e9daille de guerre britannique 1914-1920 et la M\u00e9daille de la victoire 1914-1919. La grande majorit\u00e9 des membres du Corps exp\u00e9ditionnaire canadien re\u00e7urent ces deux m\u00e9dailles. Beaucoup moins se m\u00e9rit\u00e8rent l&rsquo;\u00c9toile de 1914-1915, qui \u00e9tait conf\u00e9r\u00e9e aux effectifs du personnel qui avaient servi en France et en Belgique avant le 31 d\u00e9cembre 1915, et l&rsquo;\u00c9toile de 1914, plus rare encore, r\u00e9serv\u00e9e \u00e0 ceux qui avaient servi avant le 23 d\u00e9cembre 1914.<\/p>\n<h2>Les d\u00e9corations<\/h2>\n<p>Des d\u00e9corations et des m\u00e9dailles particuli\u00e8res reconnaissaient la bravoure sur le champ de bataille ou le service distingu\u00e9 des soldats. La plus haute distinction pour bravoure de l&rsquo;Empire britannique \u00e9tait la Croix de Victoria, institu\u00e9e en 1856. Soixante-dix canadiens furent d\u00e9cor\u00e9s de la Croix de Victoria pendant la Premi\u00e8re Guerre mondiale, nombre d&rsquo;entre eux \u00e0 titre posthume. Parmi les autres d\u00e9corations et m\u00e9dailles d\u00e9cern\u00e9es pendant la guerre, on peut citer l&rsquo;Ordre du service distingu\u00e9, la Croix militaire, la M\u00e9daille de conduite distingu\u00e9e et la M\u00e9daille militaire. Les deux premi\u00e8res r\u00e9compensaient les officiers, certains adjudants recevant la Croix militaire, et les deux derni\u00e8res \u00e9taient r\u00e9serv\u00e9es aux sous-officiers et aux autres grades. Dans le cas de toutes ces m\u00e9dailles, une deuxi\u00e8me citation \u00e9tait reconnue par l&rsquo;ajout d&rsquo;une barrette port\u00e9e sur le ruban.<\/p>\n<p>Il existait \u00e9galement des d\u00e9corations particuli\u00e8res pour le personnel naval, notamment la Croix du service distingu\u00e9 et l&rsquo;Ordre de la Croix-Rouge royale pour les membres des services infirmiers. Les nouveaux services a\u00e9riens eurent \u00e9galement droit \u00e0 des d\u00e9corations et des m\u00e9dailles propres \u00e0 leur environnement particulier, par exemple la Croix du service distingu\u00e9 dans l&rsquo;Aviation et la Croix de l&rsquo;aviation.<\/p>\n<p>La guerre se poursuivant et les arm\u00e9es s&rsquo;agrandissant rapidement, de nouvelles m\u00e9dailles furent frapp\u00e9es et d\u00e9cern\u00e9es plus fr\u00e9quemment. Certains soldats trouvaient que cela amoindrissait l&rsquo;effort particulier qu&rsquo;il fallait fournir pour recevoir une d\u00e9coration, mais elles demeuraient tout de m\u00eame incroyablement rares et surtout accord\u00e9es pour des actes h\u00e9ro\u00efques de bravoure et de sacrifice.<\/p>\n<h3>Poursuivez votre exploration avec ces sujets :<\/h3>\n<ul class=\"related\">\n<li><a href=\"\/premiereguerremondiale\/histoire\/batailles-et-combats\/batailles-terrestres\/crete-de-vimy\/\">Cr\u00eate de Vimy<\/a><\/li>\n<li><a href=\"\/premiereguerremondiale\/histoire\/les-gens\/en-uniforme\/les-aviateurs\/\">Les aviateurs<\/a><\/li>\n<li><a href=\"\/premiereguerremondiale\/histoire\/apres-la-guerre\/se-souvenir\/les-monuments-commemoratifs-du-canada\/\">Les monuments comm\u00e9moratifs du Canada<\/a><\/li>\n<\/ul>\n","protected":false},"excerpt":{"rendered":"<p>Les m\u00e9dailles et les d\u00e9corations soulignaient la longueur et le type de service des soldats et \u00e9taient accord\u00e9es pour bravoure ou service m\u00e9ritoire. Les m\u00e9dailles et les d\u00e9corations constituaient une motivation positive pour les autres soldats de leur unit\u00e9 ou de leur secteur de service, mais la plupart consid\u00e9raient qu&rsquo;ils ne faisaient que leur devoir [&hellip;]<\/p>\n","protected":false},"author":1,"featured_media":246,"parent":255,"menu_order":7,"comment_status":"open","ping_status":"open","template":"single-history.php","meta":{"footnotes":""},"_links":{"self":[{"href":"https:\/\/www.museedelaguerre.ca\/premiereguerremondiale\/wp-json\/wp\/v2\/pages\/271"}],"collection":[{"href":"https:\/\/www.museedelaguerre.ca\/premiereguerremondiale\/wp-json\/wp\/v2\/pages"}],"about":[{"href":"https:\/\/www.museedelaguerre.ca\/premiereguerremondiale\/wp-json\/wp\/v2\/types\/page"}],"author":[{"embeddable":true,"href":"https:\/\/www.museedelaguerre.ca\/premiereguerremondiale\/wp-json\/wp\/v2\/users\/1"}],"replies":[{"embeddable":true,"href":"https:\/\/www.museedelaguerre.ca\/premiereguerremondiale\/wp-json\/wp\/v2\/comments?post=271"}],"version-history":[{"count":4,"href":"https:\/\/www.museedelaguerre.ca\/premiereguerremondiale\/wp-json\/wp\/v2\/pages\/271\/revisions"}],"predecessor-version":[{"id":3392,"href":"https:\/\/www.museedelaguerre.ca\/premiereguerremondiale\/wp-json\/wp\/v2\/pages\/271\/revisions\/3392"}],"up":[{"embeddable":true,"href":"https:\/\/www.museedelaguerre.ca\/premiereguerremondiale\/wp-json\/wp\/v2\/pages\/255"}],"wp:featuredmedia":[{"embeddable":true,"href":"https:\/\/www.museedelaguerre.ca\/premiereguerremondiale\/wp-json\/wp\/v2\/media\/246"}],"wp:attachment":[{"href":"https:\/\/www.museedelaguerre.ca\/premiereguerremondiale\/wp-json\/wp\/v2\/media?parent=271"}],"curies":[{"name":"wp","href":"https:\/\/api.w.org\/{rel}","templated":true}]}}