{"id":267,"date":"2014-07-17T16:20:06","date_gmt":"2014-07-17T16:20:06","guid":{"rendered":"https:\/\/www.museedelaguerre.ca\/premiere-guerre-mondial\/?page_id=267"},"modified":"2015-03-26T20:31:50","modified_gmt":"2015-03-26T20:31:50","slug":"les-effets-dun-mauvais-moral","status":"publish","type":"page","link":"https:\/\/www.museedelaguerre.ca\/premiereguerremondiale\/histoire\/la-vie-au-front\/les-conditions-dans-les-tranchees\/les-effets-dun-mauvais-moral\/","title":{"rendered":"Les effets d&rsquo;un mauvais moral"},"content":{"rendered":"<p class=\"excerpt\">Les pertes \u00e9lev\u00e9es, une nourriture de pi\u00e8tre qualit\u00e9 et le manque de sommeil \u00e9taient certains des nombreux facteurs qui mena\u00e7aient constamment de saper le moral, et par cons\u00e9quent de diminuer l&rsquo;ardeur au combat des arm\u00e9es de la Premi\u00e8re Guerre mondiale.<\/p>\n<h2>Les d\u00e9sertions<\/h2>\n<p>La d\u00e9sertion, lorsqu&rsquo;un soldat d\u00e9cidait de quitter son unit\u00e9 militaire, \u00e9tait peut-\u00eatre le signe d&rsquo;un mauvais moral et souvent d&rsquo;un exc\u00e8s de stress, d&rsquo;une d\u00e9pression mentale ou de traumatismes dus aux bombardements. Certains soldats abandonnaient directement le front alors que d&rsquo;autres choisissaient simplement de ne pas retourner dans leur unit\u00e9 apr\u00e8s une permission. L&rsquo;arm\u00e9e craignait que les d\u00e9sertions ne passent d&rsquo;un mince filet \u00e0 un flot important menant \u00e0 la d\u00e9faite si on n&rsquo;y portait pas rem\u00e8de en en cherchant les causes, en \u00e9liminant toute possibilit\u00e9 de d\u00e9sertion et en veillant au bon oral des troupes. Pour emp\u00eacher les d\u00e9sertions, l&rsquo;arm\u00e9e imposa des peines extr\u00eamement lourdes, pouvant aller jusqu&rsquo;\u00e0 la mort devant un peloton d&rsquo;ex\u00e9cution.<\/p>\n<h2>L&rsquo;automutilation<\/h2>\n<p>L&rsquo;automutilation \u00e9tait un autre moyen utilis\u00e9 par les soldats pour \u00e9chapper aux tranch\u00e9es. Ils se blessaient suffisamment pour \u00eatre dispens\u00e9s de service sur la ligne de front et passer une longue convalescence dans un h\u00f4pital en Angleterre. L&rsquo;automutilation pouvait prendre la forme d&rsquo;une blessure par balle \u00e0 la main ou au pied ou d&rsquo;une infection \u00e0 l&rsquo;\u0153il caus\u00e9e en le frottant avec de la terre contamin\u00e9e par des produits chimiques. On a r\u00e9pertori\u00e9 729 cas d&rsquo;automutilation dans le Corps exp\u00e9ditionnaire canadien et beaucoup d&rsquo;autres sont pass\u00e9s inaper\u00e7us. Les soldats soup\u00e7onn\u00e9s \u00e9taient g\u00e9n\u00e9ralement envoy\u00e9s dans des h\u00f4pitaux sp\u00e9ciaux pour les automutilations, passibles de la cour martiale et de peines allant de peines de quelques jours en campagne \u00e0 l&#8217;emprisonnement.<\/p>\n<h2>La simulation<\/h2>\n<p>La simulation, similaire \u00e0 l&rsquo;automutilation, consistait \u00e0 faire semblant d&rsquo;\u00eatre malade ou simuler un traumatisme d\u00fb aux bombardements, ou \u00e0 s&rsquo;infliger volontairement une blessure. D&rsquo;autres simulateurs exag\u00e9raient leurs sympt\u00f4mes nerveux une fois loin des lignes, ou continuaient de les manifester.<\/p>\n<p>Malgr\u00e9 la tension subie par les soldats au front, le nombre de ceux qui tent\u00e8rent d&rsquo;\u00e9chapper au service sur la ligne de front par ces moyens ill\u00e9gaux fut peu \u00e9lev\u00e9.<\/p>\n<h3>Poursuivez votre exploration avec ces sujets :<\/h3>\n<ul class=\"related\">\n<li><a href=\"\/premiereguerremondiale\/histoire\/la-vie-au-front\/la-culture-des-tranchees\/largot-des-soldats\/\">L&rsquo;argot des soldats<\/a><\/li>\n<li><a href=\"\/premiereguerremondiale\/histoire\/batailles-et-combats\/batailles-terrestres\/passchendaele\/\">Passchendaele<\/a><\/li>\n<li><a href=\"\/premiereguerremondiale\/histoire\/la-vie-au-pays-pendant-la-guerre\/recrutement-et-conscription\/recrutement-volontaire\/\">Recrutement volontaire<\/a><\/li>\n<\/ul>\n","protected":false},"excerpt":{"rendered":"<p>Les pertes \u00e9lev\u00e9es, une nourriture de pi\u00e8tre qualit\u00e9 et le manque de sommeil \u00e9taient certains des nombreux facteurs qui mena\u00e7aient constamment de saper le moral, et par cons\u00e9quent de diminuer l&rsquo;ardeur au combat des arm\u00e9es de la Premi\u00e8re Guerre mondiale. Les d\u00e9sertions La d\u00e9sertion, lorsqu&rsquo;un soldat d\u00e9cidait de quitter son unit\u00e9 militaire, \u00e9tait peut-\u00eatre le [&hellip;]<\/p>\n","protected":false},"author":1,"featured_media":249,"parent":255,"menu_order":5,"comment_status":"open","ping_status":"open","template":"single-history.php","meta":{"footnotes":""},"_links":{"self":[{"href":"https:\/\/www.museedelaguerre.ca\/premiereguerremondiale\/wp-json\/wp\/v2\/pages\/267"}],"collection":[{"href":"https:\/\/www.museedelaguerre.ca\/premiereguerremondiale\/wp-json\/wp\/v2\/pages"}],"about":[{"href":"https:\/\/www.museedelaguerre.ca\/premiereguerremondiale\/wp-json\/wp\/v2\/types\/page"}],"author":[{"embeddable":true,"href":"https:\/\/www.museedelaguerre.ca\/premiereguerremondiale\/wp-json\/wp\/v2\/users\/1"}],"replies":[{"embeddable":true,"href":"https:\/\/www.museedelaguerre.ca\/premiereguerremondiale\/wp-json\/wp\/v2\/comments?post=267"}],"version-history":[{"count":3,"href":"https:\/\/www.museedelaguerre.ca\/premiereguerremondiale\/wp-json\/wp\/v2\/pages\/267\/revisions"}],"predecessor-version":[{"id":3388,"href":"https:\/\/www.museedelaguerre.ca\/premiereguerremondiale\/wp-json\/wp\/v2\/pages\/267\/revisions\/3388"}],"up":[{"embeddable":true,"href":"https:\/\/www.museedelaguerre.ca\/premiereguerremondiale\/wp-json\/wp\/v2\/pages\/255"}],"wp:featuredmedia":[{"embeddable":true,"href":"https:\/\/www.museedelaguerre.ca\/premiereguerremondiale\/wp-json\/wp\/v2\/media\/249"}],"wp:attachment":[{"href":"https:\/\/www.museedelaguerre.ca\/premiereguerremondiale\/wp-json\/wp\/v2\/media?parent=267"}],"curies":[{"name":"wp","href":"https:\/\/api.w.org\/{rel}","templated":true}]}}