{"id":265,"date":"2014-07-17T16:13:28","date_gmt":"2014-07-17T16:13:28","guid":{"rendered":"https:\/\/www.museedelaguerre.ca\/premiere-guerre-mondial\/?page_id=265"},"modified":"2014-08-14T16:05:29","modified_gmt":"2014-08-14T16:05:29","slug":"traumatismes-dus-aux-bombardements","status":"publish","type":"page","link":"https:\/\/www.museedelaguerre.ca\/premiereguerremondiale\/histoire\/la-vie-au-front\/les-conditions-dans-les-tranchees\/traumatismes-dus-aux-bombardements\/","title":{"rendered":"Traumatismes dus aux bombardements"},"content":{"rendered":"<p class=\"excerpt\">L&rsquo;expression \u00e9tait un terme g\u00e9n\u00e9rique utilis\u00e9 par les contemporains pour d\u00e9signer le cas des soldats qui ne pouvaient supporter la tension de la guerre.<\/p>\n<h2>Une situation mal comprise<\/h2>\n<p>Le rythme et l&rsquo;intensit\u00e9 de la guerre industrialis\u00e9e avaient des cons\u00e9quences profondes sur l&rsquo;esprit et le corps qui n&rsquo;avaient rien \u00e0 voir avec les blessures ou les dommages corporels. Mal comprises \u00e0 l&rsquo;\u00e9poque et pendant de nombreuses ann\u00e9es apr\u00e8s, les crises de larmes, la peur, la paralysie ou l&rsquo;ali\u00e9nation mentale dont souffraient les soldats expos\u00e9s au stress et \u00e0 l&rsquo;horreur des tranch\u00e9es \u00e9taient souvent consid\u00e9r\u00e9es par les professionnels de la sant\u00e9 comme le r\u00e9sultat des l\u00e9sions caus\u00e9es au cerveau par l&rsquo;explosion des obus. Les autorit\u00e9s militaires voyaient souvent dans ces sympt\u00f4mes des manifestations de l\u00e2chet\u00e9 ou de faiblesse de caract\u00e8re. Leur v\u00e9ritable cause, une exposition prolong\u00e9e au stress des combats, ne serait ni vraiment comprise ni trait\u00e9e efficacement pendant la guerre.<\/p>\n<h2>Diagnostic et traitement<\/h2>\n<p>Les m\u00e9decins diagnostiqu\u00e8rent des traumatismes dus aux bombardements chez pr\u00e8s de 10 000 Canadiens pendant la guerre. Les traitements m\u00e9dicaux pouvaient \u00eatre doux ou cruels. Les techniques freudiennes utilisant le discours et la th\u00e9rapie physique aid\u00e8rent de nombreuses victimes, alors que les m\u00e9thodes plus extr\u00eames faisaient appel \u00e0 la th\u00e9rapie par \u00e9lectrochocs. Cette derni\u00e8re consistait \u00e0 envoyer une d\u00e9charge \u00e9lectrique au patient dans l&rsquo;espoir de stimuler ses nerfs, ses cordes vocales ou ses membres paralys\u00e9s. Cette th\u00e9rapie \u00e9tait plus efficace que les techniques freudiennes pour renvoyer les soldats au front puisque environ deux tiers d&rsquo;entre eux y retournaient. On ignore combien de soldats eurent des rechutes lorsqu&rsquo;ils reprirent le combat.<\/p>\n<p>Les m\u00e9decins savaient peu de choses sur ce que l&rsquo;on entend maintenant par syndrome de stress post-traumatique, et plusieurs programmes de traitement furent mis en place apr\u00e8s la guerre pour les anciens combattants souffrant de traumatismes mentaux cr\u00e9\u00e9s par la guerre.<\/p>\n<h3>Poursuivez votre exploration avec ces sujets :<\/h3>\n<ul class=\"related\">\n<li><a href=\"\/premiereguerremondiale\/histoire\/la-vie-au-front\/medecine\/traitements-medicaux\/\">Traitements m\u00e9dicaux<\/a><\/li>\n<li><a href=\"\/premiereguerremondiale\/histoire\/batailles-et-combats\/armes-terrestres\/artillerie-et-mortiers\/\">Artillerie et mortiers<\/a><\/li>\n<li><a href=\"\/premiereguerremondiale\/histoire\/apres-la-guerre\/legs\/le-cout-de-la-guerre-du-canada\/\">Le co\u00fbt de la guerre du Canada<\/a><\/li>\n<\/ul>\n","protected":false},"excerpt":{"rendered":"<p>L&rsquo;expression \u00e9tait un terme g\u00e9n\u00e9rique utilis\u00e9 par les contemporains pour d\u00e9signer le cas des soldats qui ne pouvaient supporter la tension de la guerre. Une situation mal comprise Le rythme et l&rsquo;intensit\u00e9 de la guerre industrialis\u00e9e avaient des cons\u00e9quences profondes sur l&rsquo;esprit et le corps qui n&rsquo;avaient rien \u00e0 voir avec les blessures ou les [&hellip;]<\/p>\n","protected":false},"author":1,"featured_media":250,"parent":255,"menu_order":4,"comment_status":"open","ping_status":"open","template":"single-history.php","meta":{"footnotes":""},"_links":{"self":[{"href":"https:\/\/www.museedelaguerre.ca\/premiereguerremondiale\/wp-json\/wp\/v2\/pages\/265"}],"collection":[{"href":"https:\/\/www.museedelaguerre.ca\/premiereguerremondiale\/wp-json\/wp\/v2\/pages"}],"about":[{"href":"https:\/\/www.museedelaguerre.ca\/premiereguerremondiale\/wp-json\/wp\/v2\/types\/page"}],"author":[{"embeddable":true,"href":"https:\/\/www.museedelaguerre.ca\/premiereguerremondiale\/wp-json\/wp\/v2\/users\/1"}],"replies":[{"embeddable":true,"href":"https:\/\/www.museedelaguerre.ca\/premiereguerremondiale\/wp-json\/wp\/v2\/comments?post=265"}],"version-history":[{"count":2,"href":"https:\/\/www.museedelaguerre.ca\/premiereguerremondiale\/wp-json\/wp\/v2\/pages\/265\/revisions"}],"predecessor-version":[{"id":2927,"href":"https:\/\/www.museedelaguerre.ca\/premiereguerremondiale\/wp-json\/wp\/v2\/pages\/265\/revisions\/2927"}],"up":[{"embeddable":true,"href":"https:\/\/www.museedelaguerre.ca\/premiereguerremondiale\/wp-json\/wp\/v2\/pages\/255"}],"wp:featuredmedia":[{"embeddable":true,"href":"https:\/\/www.museedelaguerre.ca\/premiereguerremondiale\/wp-json\/wp\/v2\/media\/250"}],"wp:attachment":[{"href":"https:\/\/www.museedelaguerre.ca\/premiereguerremondiale\/wp-json\/wp\/v2\/media?parent=265"}],"curies":[{"name":"wp","href":"https:\/\/api.w.org\/{rel}","templated":true}]}}