{"id":263,"date":"2014-07-17T16:05:25","date_gmt":"2014-07-17T16:05:25","guid":{"rendered":"https:\/\/www.museedelaguerre.ca\/premiere-guerre-mondial\/?page_id=263"},"modified":"2015-03-26T20:29:12","modified_gmt":"2015-03-26T20:29:12","slug":"foi-et-fatalisme","status":"publish","type":"page","link":"https:\/\/www.museedelaguerre.ca\/premiereguerremondiale\/histoire\/la-vie-au-front\/les-conditions-dans-les-tranchees\/foi-et-fatalisme\/","title":{"rendered":"Foi et fatalisme"},"content":{"rendered":"<p class=\"excerpt\">La foi religieuse aidait bon nombre de soldats \u00e0 faire face aux horreurs de la guerre. D&rsquo;autres faisaient preuve d&rsquo;un fatalisme parfois morbide, s&rsquo;en remettant \u00e0 la chance, \u00e0 la superstition ou \u00e0 l&rsquo;in\u00e9luctabilit\u00e9 des choses pour survivre.<\/p>\n<h2>Aum\u00f4niers pour les soldats croyants<\/h2>\n<p>La religion jouait un r\u00f4le essentiel dans la vie de la plupart des soldats. Des aum\u00f4niers militaires de plusieurs confessions leur offraient un r\u00e9confort et une consolation spirituels. Des 440 aum\u00f4niers qui servirent outre-mer, 357 \u00e9taient protestants et 83 catholiques.<\/p>\n<p>Les aum\u00f4niers faisaient des expos\u00e9s ou pronon\u00e7aient des sermons devant de grands groupes de soldats au cours de rassemblements religieux, mais ils avaient \u00e9galement des conversations priv\u00e9es avec les soldats, organisaient des manifestations sportives et parfois \u00e9crivaient des lettres pour ceux qui \u00e9taient analphab\u00e8tes. Beaucoup d&rsquo;aum\u00f4niers \u00e9taient conscients de devoir faire preuve d&rsquo;une grande sensibilit\u00e9 dans leur r\u00f4le, apportant une consolation ou donnant un conseil lorsqu&rsquo;on le leur demandait et s&rsquo;abstenant de sermons importuns sur les m\u00e9faits de l&rsquo;alcool ou du tabac. Les soldats avaient du respect et de l&rsquo;admiration pour les aum\u00f4niers qui servaient pr\u00e8s de la ligne de feu, mais beaucoup moins pour ceux qui restaient \u00e0 l&rsquo;arri\u00e8re.<\/p>\n<h2>Croire en la chance<\/h2>\n<p>D&rsquo;autres soldats ne pla\u00e7aient leur foi que dans le caract\u00e8re al\u00e9atoire des \u00e9v\u00e9nements, ayant constat\u00e9 trop peu de liens entre d\u00e9votion et survie. Des soldats endurcis qui avaient vu mourir nombre de leurs amis et camarades \u00e9taient souvent persuad\u00e9s, avec un profond sentiment de r\u00e9signation, que rien ne pouvait \u00e9loigner la mort. Les soldats avaient coutume de dire qu&rsquo;ils mourraient lorsque leur heure serait venue.<\/p>\n<h3>Poursuivez votre exploration avec ces sujets :<\/h3>\n<ul class=\"related\">\n<li><a href=\"\/premiereguerremondiale\/histoire\/la-vie-au-front\/la-culture-des-tranchees\/largot-des-soldats\/\">L&rsquo;argot des soldats<\/a><\/li>\n<li><a href=\"\/premiereguerremondiale\/histoire\/la-vie-au-pays-pendant-la-guerre\/voix-pour-la-paix\/objecteurs-de-conscience\/\">Objecteurs de conscience<\/a><\/li>\n<li><a href=\"\/premiereguerremondiale\/histoire\/apres-la-guerre\/se-souvenir\/les-monuments-commemoratifs-du-canada\/\">Les monuments comm\u00e9moratifs du Canada<\/a><\/li>\n<\/ul>\n","protected":false},"excerpt":{"rendered":"<p>La foi religieuse aidait bon nombre de soldats \u00e0 faire face aux horreurs de la guerre. D&rsquo;autres faisaient preuve d&rsquo;un fatalisme parfois morbide, s&rsquo;en remettant \u00e0 la chance, \u00e0 la superstition ou \u00e0 l&rsquo;in\u00e9luctabilit\u00e9 des choses pour survivre. Aum\u00f4niers pour les soldats croyants La religion jouait un r\u00f4le essentiel dans la vie de la plupart [&hellip;]<\/p>\n","protected":false},"author":1,"featured_media":247,"parent":255,"menu_order":3,"comment_status":"open","ping_status":"open","template":"single-history.php","meta":{"footnotes":""},"_links":{"self":[{"href":"https:\/\/www.museedelaguerre.ca\/premiereguerremondiale\/wp-json\/wp\/v2\/pages\/263"}],"collection":[{"href":"https:\/\/www.museedelaguerre.ca\/premiereguerremondiale\/wp-json\/wp\/v2\/pages"}],"about":[{"href":"https:\/\/www.museedelaguerre.ca\/premiereguerremondiale\/wp-json\/wp\/v2\/types\/page"}],"author":[{"embeddable":true,"href":"https:\/\/www.museedelaguerre.ca\/premiereguerremondiale\/wp-json\/wp\/v2\/users\/1"}],"replies":[{"embeddable":true,"href":"https:\/\/www.museedelaguerre.ca\/premiereguerremondiale\/wp-json\/wp\/v2\/comments?post=263"}],"version-history":[{"count":4,"href":"https:\/\/www.museedelaguerre.ca\/premiereguerremondiale\/wp-json\/wp\/v2\/pages\/263\/revisions"}],"predecessor-version":[{"id":3387,"href":"https:\/\/www.museedelaguerre.ca\/premiereguerremondiale\/wp-json\/wp\/v2\/pages\/263\/revisions\/3387"}],"up":[{"embeddable":true,"href":"https:\/\/www.museedelaguerre.ca\/premiereguerremondiale\/wp-json\/wp\/v2\/pages\/255"}],"wp:featuredmedia":[{"embeddable":true,"href":"https:\/\/www.museedelaguerre.ca\/premiereguerremondiale\/wp-json\/wp\/v2\/media\/247"}],"wp:attachment":[{"href":"https:\/\/www.museedelaguerre.ca\/premiereguerremondiale\/wp-json\/wp\/v2\/media?parent=263"}],"curies":[{"name":"wp","href":"https:\/\/api.w.org\/{rel}","templated":true}]}}