{"id":261,"date":"2014-07-17T15:51:37","date_gmt":"2014-07-17T15:51:37","guid":{"rendered":"https:\/\/www.museedelaguerre.ca\/premiere-guerre-mondial\/?page_id=261"},"modified":"2015-03-26T20:28:10","modified_gmt":"2015-03-26T20:28:10","slug":"garder-le-moral","status":"publish","type":"page","link":"https:\/\/www.museedelaguerre.ca\/premiereguerremondiale\/histoire\/la-vie-au-front\/les-conditions-dans-les-tranchees\/garder-le-moral\/","title":{"rendered":"Garder le moral"},"content":{"rendered":"<p class=\"excerpt\">De nombreux facteurs contribuaient \u00e0 encourager les soldats \u00e0 se battre. Les liens d&rsquo;amiti\u00e9, de loyaut\u00e9 et de communaut\u00e9 bas\u00e9s sur une exp\u00e9rience commune et des dangers partag\u00e9s \u00e9taient le principal de ces facteurs, forgeant un solide sentiment d&rsquo;appartenance au groupe, particuli\u00e8rement dans le cas de groupes restreints. La formation, une discipline stricte et un leadership fort motivaient \u00e9galement les soldats, et la peur des peines contribuait \u00e0 rendre les soldats ob\u00e9issants. Les traditions et les valeurs militaires \u00e9taient \u00e9galement importantes, m\u00eame dans des arm\u00e9es constitu\u00e9es de civils comme au Canada, ainsi que le sentiment bien ancr\u00e9 qu&rsquo;avaient la majorit\u00e9 des soldats de la justesse de leur cause. Les militaires comprenaient nombre des facteurs pouvant saper le moral des troupes, et l&rsquo;inconfort de la vie dans les tranch\u00e9es. Ils s&rsquo;effor\u00e7aient de fournir aux soldats les petites douceurs qui pouvaient les aider \u00e0 garder le moral.<\/p>\n<p>L&rsquo;orientation strat\u00e9gique de la guerre avait des r\u00e9percussions sur la vie quotidienne des soldats, mais les plaisirs simples \u00e9taient plus importants pour la sant\u00e9 de l&rsquo;esprit, du corps et de l&rsquo;\u00e2me au cours des longues nuits pass\u00e9es dans les tranch\u00e9es ou des bombardements ennemis infernaux.<\/p>\n<h2>Des douceurs du pays<\/h2>\n<p>Le courrier provenant du pays \u00e9tait livr\u00e9 tous les jours. C&rsquo;\u00e9tait un lien important avec les personnes ch\u00e8res et les soldats gardaient un vif int\u00e9r\u00eat pour les activit\u00e9s de leur famille, de leurs amis et de leur communaut\u00e9. Les lettres des soldats dans les tranch\u00e9es \u00e9taient censur\u00e9es par leurs officiers et souvent par diff\u00e9rents postes de commandement derri\u00e8re les lignes, mais les troupes combattantes racontaient tout de m\u00eame leur vie dans les tranch\u00e9es \u00e0 ceux qui \u00e9taient rest\u00e9s au pays.<\/p>\n<p>Des colis de douceurs envoy\u00e9es du pays \u00e9taient \u00e9galement un plaisir p\u00e9riodique. Ils contenaient des aliments dont ils avaient bien besoin, des revues et des v\u00eatements. Les soldats recevaient des cigarettes qui faisaient partie de leur ration hebdomadaire et la plupart des hommes fumaient constamment. Les soldats demandaient souvent instamment \u00e0 ceux qui \u00e9taient rest\u00e9s au pays de leur envoyer d&rsquo;autres cigarettes de leurs marques pr\u00e9f\u00e9r\u00e9es.<\/p>\n<h2>Le rhum, r\u00e9compense, m\u00e9dicament et motivation<\/h2>\n<p>Le rhum distribu\u00e9 par l&rsquo;arm\u00e9e \u00e9tait \u00e9galement important. Lorsque le rhum \u00e9tait disponible dans les tranch\u00e9es, les soldats en recevaient une petite dose le matin et une autre le soir. Le rhum \u00e9tait une r\u00e9compense, un m\u00e9dicament et un moyen de motiver les soldats \u00e0 se battre. Ceux qui avaient commis des infractions n&rsquo;avaient pas droit au rhum; ceux qui s&rsquo;\u00e9taient port\u00e9s volontaires pour des raids dans les tranch\u00e9es ou d&rsquo;autres missions dangereuses recevaient une ration suppl\u00e9mentaire.<\/p>\n<h3>Poursuivez votre exploration avec ces sujets :<\/h3>\n<ul class=\"related\">\n<li><a href=\"\/premiereguerremondiale\/histoire\/la-vie-au-pays-pendant-la-guerre\/le-front-interieur\/nourriture-combustible-et-inflation\/\">Nourriture, combustible et inflation<\/a><\/li>\n<li><a href=\"\/premiereguerremondiale\/histoire\/la-vie-au-front\/la-culture-des-tranchees\/chansons\/\">Chansons<\/a><\/li>\n<li><a href=\"\/premiereguerremondiale\/histoire\/la-vie-au-pays-pendant-la-guerre\/recrutement-et-conscription\/recrutement-volontaire\/\">Recrutement volontaire<\/a><\/li>\n<\/ul>\n","protected":false},"excerpt":{"rendered":"<p>De nombreux facteurs contribuaient \u00e0 encourager les soldats \u00e0 se battre. Les liens d&rsquo;amiti\u00e9, de loyaut\u00e9 et de communaut\u00e9 bas\u00e9s sur une exp\u00e9rience commune et des dangers partag\u00e9s \u00e9taient le principal de ces facteurs, forgeant un solide sentiment d&rsquo;appartenance au groupe, particuli\u00e8rement dans le cas de groupes restreints. La formation, une discipline stricte et un [&hellip;]<\/p>\n","protected":false},"author":1,"featured_media":253,"parent":255,"menu_order":2,"comment_status":"open","ping_status":"open","template":"single-history.php","meta":{"footnotes":""},"_links":{"self":[{"href":"https:\/\/www.museedelaguerre.ca\/premiereguerremondiale\/wp-json\/wp\/v2\/pages\/261"}],"collection":[{"href":"https:\/\/www.museedelaguerre.ca\/premiereguerremondiale\/wp-json\/wp\/v2\/pages"}],"about":[{"href":"https:\/\/www.museedelaguerre.ca\/premiereguerremondiale\/wp-json\/wp\/v2\/types\/page"}],"author":[{"embeddable":true,"href":"https:\/\/www.museedelaguerre.ca\/premiereguerremondiale\/wp-json\/wp\/v2\/users\/1"}],"replies":[{"embeddable":true,"href":"https:\/\/www.museedelaguerre.ca\/premiereguerremondiale\/wp-json\/wp\/v2\/comments?post=261"}],"version-history":[{"count":4,"href":"https:\/\/www.museedelaguerre.ca\/premiereguerremondiale\/wp-json\/wp\/v2\/pages\/261\/revisions"}],"predecessor-version":[{"id":3386,"href":"https:\/\/www.museedelaguerre.ca\/premiereguerremondiale\/wp-json\/wp\/v2\/pages\/261\/revisions\/3386"}],"up":[{"embeddable":true,"href":"https:\/\/www.museedelaguerre.ca\/premiereguerremondiale\/wp-json\/wp\/v2\/pages\/255"}],"wp:featuredmedia":[{"embeddable":true,"href":"https:\/\/www.museedelaguerre.ca\/premiereguerremondiale\/wp-json\/wp\/v2\/media\/253"}],"wp:attachment":[{"href":"https:\/\/www.museedelaguerre.ca\/premiereguerremondiale\/wp-json\/wp\/v2\/media?parent=261"}],"curies":[{"name":"wp","href":"https:\/\/api.w.org\/{rel}","templated":true}]}}