{"id":257,"date":"2014-07-17T15:41:50","date_gmt":"2014-07-17T15:41:50","guid":{"rendered":"https:\/\/www.museedelaguerre.ca\/premiere-guerre-mondial\/?page_id=257"},"modified":"2015-03-26T20:25:18","modified_gmt":"2015-03-26T20:25:18","slug":"rats-poux-et-epuisement","status":"publish","type":"page","link":"https:\/\/www.museedelaguerre.ca\/premiereguerremondiale\/histoire\/la-vie-au-front\/les-conditions-dans-les-tranchees\/rats-poux-et-epuisement\/","title":{"rendered":"Rats, poux et \u00e9puisement"},"content":{"rendered":"<p class=\"excerpt\">La vie dans les tranch\u00e9es se r\u00e9sumait \u00e0 de longues p\u00e9riodes d&rsquo;ennui ponctu\u00e9es de brefs moments de terreur. La menace de la mort obligeait les soldats \u00e0 \u00eatre constamment sur le qui-vive alors que les conditions de vie difficiles et le manque de sommeil minaient leur sant\u00e9 et leur endurance.<\/p>\n<h2>Vermine et douleur<\/h2>\n<p>Les rats et les poux tourmentaient les soldats jour et nuit. Des rats gigantesques attir\u00e9s par la nourriture et les d\u00e9chets des arm\u00e9es stationnaires contribuaient \u00e0 r\u00e9pandre les maladies et \u00e9taient un irritant constant. En 1918, les m\u00e9decins identifi\u00e8rent \u00e9galement les poux comme les responsables de la fi\u00e8vre des tranch\u00e9es, qui causait des maux de t\u00eate, de la fi\u00e8vre et des douleurs musculaires aux soldats. L&rsquo;insalubrit\u00e9 des tranch\u00e9es, particuli\u00e8rement due \u00e0 l&rsquo;humidit\u00e9 froide et persistante, provoquait la maladie du pied des tranch\u00e9es, infection apparent\u00e9e aux engelures qui dans les cas les plus graves pouvait causer la gangr\u00e8ne et n\u00e9cessiter l&rsquo;amputation.<\/p>\n<h2>Le caract\u00e8re al\u00e9atoire de la mort<\/h2>\n<p>La guerre des tranch\u00e9es \u00e9tait caract\u00e9ris\u00e9e par les bombardements ou les tirs d&#8217;embuscade, des tirs de fusil violents ou mortels troublant p\u00e9riodiquement l&rsquo;ennui de la vie des tranch\u00e9es. L&rsquo;ennemi \u00e9tait en grande partie dissimul\u00e9 \u00e0 la vue et les soldats se sentaient souvent impuissants face \u00e0 une mort arbitraire et soudaine. L&rsquo;incapacit\u00e9 de se d\u00e9fendre contre les obus ou les tireurs d&rsquo;\u00e9lite et les difficult\u00e9s constantes de la vie dans les tranch\u00e9es provoquaient un stress et un \u00e9puisement excessifs. Des dizaines, et parfois des centaines, de soldats canadiens \u00e9taient tu\u00e9s et bless\u00e9s chaque jour le long du Front occidental. L&rsquo;infanterie et les mitrailleurs qui subirent la majorit\u00e9 des pertes au cours de la guerre, pr\u00e9voyaient de perdre chaque mois 10 pour cent de l&rsquo;ensemble de leurs effectifs par d\u00e9c\u00e8s, blessure et maladie. La mort ne ch\u00f4mait jamais sur le Front occidental.<\/p>\n<h3>Poursuivez votre exploration avec ces sujets :<\/h3>\n<ul class=\"related\">\n<li><a href=\"\/premiereguerremondiale\/histoire\/batailles-et-combats\/armes-terrestres\/armes-des-tranchees\/\">Armes des tranch\u00e9es<\/a><\/li>\n<li><a href=\"\/premiereguerremondiale\/histoire\/batailles-et-combats\/batailles-terrestres\/passchendaele\/\">Passchendaele<\/a><\/li>\n<li><a href=\"\/premiereguerremondiale\/histoire\/les-gens\/en-uniforme\/tommy-canuck-le-fantassin\/\">Tommy Canuck : le fantassin<\/a><\/li>\n<\/ul>\n","protected":false},"excerpt":{"rendered":"<p>La vie dans les tranch\u00e9es se r\u00e9sumait \u00e0 de longues p\u00e9riodes d&rsquo;ennui ponctu\u00e9es de brefs moments de terreur. La menace de la mort obligeait les soldats \u00e0 \u00eatre constamment sur le qui-vive alors que les conditions de vie difficiles et le manque de sommeil minaient leur sant\u00e9 et leur endurance. Vermine et douleur Les rats [&hellip;]<\/p>\n","protected":false},"author":1,"featured_media":252,"parent":255,"menu_order":0,"comment_status":"open","ping_status":"open","template":"single-history.php","meta":{"footnotes":""},"_links":{"self":[{"href":"https:\/\/www.museedelaguerre.ca\/premiereguerremondiale\/wp-json\/wp\/v2\/pages\/257"}],"collection":[{"href":"https:\/\/www.museedelaguerre.ca\/premiereguerremondiale\/wp-json\/wp\/v2\/pages"}],"about":[{"href":"https:\/\/www.museedelaguerre.ca\/premiereguerremondiale\/wp-json\/wp\/v2\/types\/page"}],"author":[{"embeddable":true,"href":"https:\/\/www.museedelaguerre.ca\/premiereguerremondiale\/wp-json\/wp\/v2\/users\/1"}],"replies":[{"embeddable":true,"href":"https:\/\/www.museedelaguerre.ca\/premiereguerremondiale\/wp-json\/wp\/v2\/comments?post=257"}],"version-history":[{"count":3,"href":"https:\/\/www.museedelaguerre.ca\/premiereguerremondiale\/wp-json\/wp\/v2\/pages\/257\/revisions"}],"predecessor-version":[{"id":3384,"href":"https:\/\/www.museedelaguerre.ca\/premiereguerremondiale\/wp-json\/wp\/v2\/pages\/257\/revisions\/3384"}],"up":[{"embeddable":true,"href":"https:\/\/www.museedelaguerre.ca\/premiereguerremondiale\/wp-json\/wp\/v2\/pages\/255"}],"wp:featuredmedia":[{"embeddable":true,"href":"https:\/\/www.museedelaguerre.ca\/premiereguerremondiale\/wp-json\/wp\/v2\/media\/252"}],"wp:attachment":[{"href":"https:\/\/www.museedelaguerre.ca\/premiereguerremondiale\/wp-json\/wp\/v2\/media?parent=257"}],"curies":[{"name":"wp","href":"https:\/\/api.w.org\/{rel}","templated":true}]}}