{"id":255,"date":"2014-07-17T15:28:08","date_gmt":"2014-07-17T15:28:08","guid":{"rendered":"https:\/\/www.museedelaguerre.ca\/premiere-guerre-mondial\/?page_id=255"},"modified":"2014-07-17T15:28:08","modified_gmt":"2014-07-17T15:28:08","slug":"les-conditions-dans-les-tranchees","status":"publish","type":"page","link":"https:\/\/www.museedelaguerre.ca\/premiereguerremondiale\/histoire\/la-vie-au-front\/les-conditions-dans-les-tranchees\/","title":{"rendered":"Les conditions dans les tranch\u00e9es"},"content":{"rendered":"<p>Les tranch\u00e9es qui sillonnaient le Front occidental \u00e9taient tenues par des dizaines de milliers de soldats. Apprenez-en davantage sur cet environnement sale et dangereux et sur ses effets sur les soldats.<\/p>\n","protected":false},"excerpt":{"rendered":"<p>Les tranch\u00e9es qui sillonnaient le Front occidental \u00e9taient tenues par des dizaines de milliers de soldats. Apprenez-en davantage sur cet environnement sale et dangereux et sur ses effets sur les soldats.<\/p>\n","protected":false},"author":1,"featured_media":251,"parent":244,"menu_order":0,"comment_status":"open","ping_status":"open","template":"listing-history.php","meta":{"footnotes":""},"_links":{"self":[{"href":"https:\/\/www.museedelaguerre.ca\/premiereguerremondiale\/wp-json\/wp\/v2\/pages\/255"}],"collection":[{"href":"https:\/\/www.museedelaguerre.ca\/premiereguerremondiale\/wp-json\/wp\/v2\/pages"}],"about":[{"href":"https:\/\/www.museedelaguerre.ca\/premiereguerremondiale\/wp-json\/wp\/v2\/types\/page"}],"author":[{"embeddable":true,"href":"https:\/\/www.museedelaguerre.ca\/premiereguerremondiale\/wp-json\/wp\/v2\/users\/1"}],"replies":[{"embeddable":true,"href":"https:\/\/www.museedelaguerre.ca\/premiereguerremondiale\/wp-json\/wp\/v2\/comments?post=255"}],"version-history":[{"count":1,"href":"https:\/\/www.museedelaguerre.ca\/premiereguerremondiale\/wp-json\/wp\/v2\/pages\/255\/revisions"}],"predecessor-version":[{"id":256,"href":"https:\/\/www.museedelaguerre.ca\/premiereguerremondiale\/wp-json\/wp\/v2\/pages\/255\/revisions\/256"}],"up":[{"embeddable":true,"href":"https:\/\/www.museedelaguerre.ca\/premiereguerremondiale\/wp-json\/wp\/v2\/pages\/244"}],"wp:featuredmedia":[{"embeddable":true,"href":"https:\/\/www.museedelaguerre.ca\/premiereguerremondiale\/wp-json\/wp\/v2\/media\/251"}],"wp:attachment":[{"href":"https:\/\/www.museedelaguerre.ca\/premiereguerremondiale\/wp-json\/wp\/v2\/media?parent=255"}],"curies":[{"name":"wp","href":"https:\/\/api.w.org\/{rel}","templated":true}]}}