{"id":240,"date":"2014-07-17T14:45:03","date_gmt":"2014-07-17T14:45:03","guid":{"rendered":"https:\/\/www.museedelaguerre.ca\/premiere-guerre-mondial\/?page_id=240"},"modified":"2015-03-26T19:20:23","modified_gmt":"2015-03-26T19:20:23","slug":"batailles-navales-sur-la-cote-est","status":"publish","type":"page","link":"https:\/\/www.museedelaguerre.ca\/premiereguerremondiale\/histoire\/batailles-et-combats\/la-guerre-en-mer\/batailles-navales-sur-la-cote-est\/","title":{"rendered":"Batailles navales sur la c\u00f4te est"},"content":{"rendered":"<p class=\"excerpt\">Au moment o\u00f9 l&rsquo;arm\u00e9e allemande battait en retraite en Europe, la marine allemande attaquait dans les eaux canadiennes.<\/p>\n<h2>La guerre pr\u00e8s de Halifax<\/h2>\n<p>\u00c0 l&rsquo;\u00e9t\u00e9 1918, des U-boot allemands pos\u00e8rent des mines au large de l&rsquo;entr\u00e9e du port de Halifax et coul\u00e8rent des navires dans les eaux canadiennes. Dans un cas c\u00e9l\u00e8bre, ils s&#8217;empar\u00e8rent d&rsquo;un navire canadien et en firent un corsaire pour longer la c\u00f4te est et couler d&rsquo;autres navires canadiens.<\/p>\n<h2>R\u00e9ponse \u00e0 la menace des U-boot<\/h2>\n<p>La flotte canadienne de petits navires patrouilla contre les U-boot avec l&rsquo;aide des Britanniques et des Am\u00e9ricains. Une escadrille am\u00e9ricaine effectua des patrouilles a\u00e9riennes anti-sous-marines en 1918 depuis une hydrobase \u00e0 Shearwater (Nouvelle-\u00c9cosse). Plusieurs torpillages spectaculaires effray\u00e8rent les populations sur place, mais des milliers de navires continu\u00e8rent de traverser l&rsquo;oc\u00e9an en toute s\u00e9curit\u00e9 vers l&rsquo;Europe, transportant aliments, troupes et mat\u00e9riel de guerre. Un navire sur quatre quittant des ports britanniques fut coul\u00e9 en 1917, mais le danger diminua en 1918 quand les convois et un nombre plus grand de navires alli\u00e9s r\u00e9duisirent l&rsquo;efficacit\u00e9 des U-boot. La derni\u00e8re offensive sous-marine de la guerre \u00e9choua.<\/p>\n<h3>Poursuivez votre exploration avec ces sujets :<\/h3>\n<ul class=\"related\">\n<li><a href=\"\/premiereguerremondiale\/histoire\/la-vie-au-pays-pendant-la-guerre\/tragedies-du-temps-de-guerre\/lexplosion-de-halifax\/\">L&rsquo;explosion de Halifax<\/a><\/li>\n<li><a href=\"\/premiereguerremondiale\/histoire\/batailles-et-combats\/la-guerre-sur-terre\/fournir-le-materiel-necessaire-a-la-guerre\/\">Fournir le mat\u00e9riel n\u00e9cessaire \u00e0 la guerre<\/a><\/li>\n<li><a href=\"\/premiereguerremondiale\/histoire\/la-vie-au-pays-pendant-la-guerre\/leconomie-de-guerre\/agriculture-et-produits-alimentaires\/\">Agriculture et produits alimentaires<\/a><\/li>\n<\/ul>\n","protected":false},"excerpt":{"rendered":"<p>Au moment o\u00f9 l&rsquo;arm\u00e9e allemande battait en retraite en Europe, la marine allemande attaquait dans les eaux canadiennes. La guerre pr\u00e8s de Halifax \u00c0 l&rsquo;\u00e9t\u00e9 1918, des U-boot allemands pos\u00e8rent des mines au large de l&rsquo;entr\u00e9e du port de Halifax et coul\u00e8rent des navires dans les eaux canadiennes. Dans un cas c\u00e9l\u00e8bre, ils s&#8217;empar\u00e8rent d&rsquo;un [&hellip;]<\/p>\n","protected":false},"author":1,"featured_media":233,"parent":234,"menu_order":2,"comment_status":"open","ping_status":"open","template":"single-history.php","meta":{"footnotes":""},"_links":{"self":[{"href":"https:\/\/www.museedelaguerre.ca\/premiereguerremondiale\/wp-json\/wp\/v2\/pages\/240"}],"collection":[{"href":"https:\/\/www.museedelaguerre.ca\/premiereguerremondiale\/wp-json\/wp\/v2\/pages"}],"about":[{"href":"https:\/\/www.museedelaguerre.ca\/premiereguerremondiale\/wp-json\/wp\/v2\/types\/page"}],"author":[{"embeddable":true,"href":"https:\/\/www.museedelaguerre.ca\/premiereguerremondiale\/wp-json\/wp\/v2\/users\/1"}],"replies":[{"embeddable":true,"href":"https:\/\/www.museedelaguerre.ca\/premiereguerremondiale\/wp-json\/wp\/v2\/comments?post=240"}],"version-history":[{"count":6,"href":"https:\/\/www.museedelaguerre.ca\/premiereguerremondiale\/wp-json\/wp\/v2\/pages\/240\/revisions"}],"predecessor-version":[{"id":3383,"href":"https:\/\/www.museedelaguerre.ca\/premiereguerremondiale\/wp-json\/wp\/v2\/pages\/240\/revisions\/3383"}],"up":[{"embeddable":true,"href":"https:\/\/www.museedelaguerre.ca\/premiereguerremondiale\/wp-json\/wp\/v2\/pages\/234"}],"wp:featuredmedia":[{"embeddable":true,"href":"https:\/\/www.museedelaguerre.ca\/premiereguerremondiale\/wp-json\/wp\/v2\/media\/233"}],"wp:attachment":[{"href":"https:\/\/www.museedelaguerre.ca\/premiereguerremondiale\/wp-json\/wp\/v2\/media?parent=240"}],"curies":[{"name":"wp","href":"https:\/\/api.w.org\/{rel}","templated":true}]}}