{"id":228,"date":"2014-07-17T14:11:43","date_gmt":"2014-07-17T14:11:43","guid":{"rendered":"https:\/\/www.museedelaguerre.ca\/premiere-guerre-mondial\/?page_id=228"},"modified":"2015-03-26T19:14:09","modified_gmt":"2015-03-26T19:14:09","slug":"bombardement-strategique-et-puissance-aerienne-tactique","status":"publish","type":"page","link":"https:\/\/www.museedelaguerre.ca\/premiereguerremondiale\/histoire\/batailles-et-combats\/la-guerre-aerienne\/bombardement-strategique-et-puissance-aerienne-tactique\/","title":{"rendered":"Bombardement strat\u00e9gique et puissance a\u00e9rienne tactique"},"content":{"rendered":"<p class=\"excerpt\">La guerre des airs \u00e9volua au cours de la Premi\u00e8re Guerre mondiale pour comporter des bombardements strat\u00e9giques et une puissance a\u00e9rienne int\u00e9gr\u00e9e dans le cadre d&rsquo;actions offensives comme d\u00e9fensives.<\/p>\n<h2>Le bombardement de villes depuis les airs<\/h2>\n<p>En 1915, les Allemands lanc\u00e8rent des raids au moyen de dirigeables rigides, les zeppelins, contre Paris et Londres. Comme les zeppelins s&rsquo;av\u00e9r\u00e8rent finalement vuln\u00e9rables aux nouvelles balles incendiaires tir\u00e9es depuis les a\u00e9ronefs alli\u00e9s sup\u00e9rieurs qui pouvaient monter plus haut dans les airs, les Allemands employ\u00e8rent ensuite les bombardiers g\u00e9ants Gotha pour attaquer les villes.<\/p>\n<p>Ces attaques a\u00e9riennes caus\u00e8rent environ 4000 pertes chez les Britanniques et annonc\u00e8rent les campagnes de bombardements massifs de la Seconde Guerre mondiale. Les Alli\u00e9s pr\u00e9par\u00e8rent une campagne majeure de bombardements contre des villes allemandes en 1919, mais l&rsquo;armistice de novembre 1918 la rendit inutile.<\/p>\n<h2>La ma\u00eetrise du ciel au-dessus du champ de bataille<\/h2>\n<p>\u00c0 la fin de la guerre, la puissance a\u00e9rienne tactique \u00e9tait un \u00e9l\u00e9ment important de toute action offensive ou d\u00e9fensive. La ma\u00eetrise des airs au-dessus du champ de bataille permettait aux chasseurs d&rsquo;attaquer des formations au sol au moyen de mitrailleuses ou de bombes. Les attaques a\u00e9riennes pouvaient \u00eatre terrifiantes pour les soldats au sol et meurtri\u00e8res pour ceux qui se trouvaient \u00e0 d\u00e9couvert. Toutefois, les avions, fragiles et relativement lents, \u00e9taient extr\u00eamement vuln\u00e9rables \u00e0 basse altitude et beaucoup \u00e9taient abattus par des tirs depuis le sol.<\/p>\n<h3>Poursuivez votre exploration avec ces sujets :<\/h3>\n<ul class=\"related\">\n<li><a href=\"\/premiereguerremondiale\/histoire\/les-gens\/en-uniforme\/les-aviateurs\/\">Les aviateurs<\/a><\/li>\n<li><a href=\"\/premiereguerremondiale\/histoire\/la-vie-au-front\/les-conditions-dans-les-tranchees\/medailles-et-decorations\/\">M\u00e9dailles et d\u00e9corations<\/a><\/li>\n<li><a href=\"\/premiereguerremondiale\/histoire\/batailles-et-combats\/batailles-terrestres\/cote-70\/\">Cote 70<\/a><\/li>\n<\/ul>\n","protected":false},"excerpt":{"rendered":"<p>La guerre des airs \u00e9volua au cours de la Premi\u00e8re Guerre mondiale pour comporter des bombardements strat\u00e9giques et une puissance a\u00e9rienne int\u00e9gr\u00e9e dans le cadre d&rsquo;actions offensives comme d\u00e9fensives. Le bombardement de villes depuis les airs En 1915, les Allemands lanc\u00e8rent des raids au moyen de dirigeables rigides, les zeppelins, contre Paris et Londres. Comme [&hellip;]<\/p>\n","protected":false},"author":1,"featured_media":217,"parent":220,"menu_order":3,"comment_status":"open","ping_status":"open","template":"single-history.php","meta":{"footnotes":""},"_links":{"self":[{"href":"https:\/\/www.museedelaguerre.ca\/premiereguerremondiale\/wp-json\/wp\/v2\/pages\/228"}],"collection":[{"href":"https:\/\/www.museedelaguerre.ca\/premiereguerremondiale\/wp-json\/wp\/v2\/pages"}],"about":[{"href":"https:\/\/www.museedelaguerre.ca\/premiereguerremondiale\/wp-json\/wp\/v2\/types\/page"}],"author":[{"embeddable":true,"href":"https:\/\/www.museedelaguerre.ca\/premiereguerremondiale\/wp-json\/wp\/v2\/users\/1"}],"replies":[{"embeddable":true,"href":"https:\/\/www.museedelaguerre.ca\/premiereguerremondiale\/wp-json\/wp\/v2\/comments?post=228"}],"version-history":[{"count":5,"href":"https:\/\/www.museedelaguerre.ca\/premiereguerremondiale\/wp-json\/wp\/v2\/pages\/228\/revisions"}],"predecessor-version":[{"id":3378,"href":"https:\/\/www.museedelaguerre.ca\/premiereguerremondiale\/wp-json\/wp\/v2\/pages\/228\/revisions\/3378"}],"up":[{"embeddable":true,"href":"https:\/\/www.museedelaguerre.ca\/premiereguerremondiale\/wp-json\/wp\/v2\/pages\/220"}],"wp:featuredmedia":[{"embeddable":true,"href":"https:\/\/www.museedelaguerre.ca\/premiereguerremondiale\/wp-json\/wp\/v2\/media\/217"}],"wp:attachment":[{"href":"https:\/\/www.museedelaguerre.ca\/premiereguerremondiale\/wp-json\/wp\/v2\/media?parent=228"}],"curies":[{"name":"wp","href":"https:\/\/api.w.org\/{rel}","templated":true}]}}