{"id":226,"date":"2014-07-17T14:07:53","date_gmt":"2014-07-17T14:07:53","guid":{"rendered":"https:\/\/www.museedelaguerre.ca\/premiere-guerre-mondial\/?page_id=226"},"modified":"2015-03-26T19:12:18","modified_gmt":"2015-03-26T19:12:18","slug":"la-maitrise-des-airs","status":"publish","type":"page","link":"https:\/\/www.museedelaguerre.ca\/premiereguerremondiale\/histoire\/batailles-et-combats\/la-guerre-aerienne\/la-maitrise-des-airs\/","title":{"rendered":"La ma\u00eetrise des airs"},"content":{"rendered":"<p class=\"excerpt\">Au moment du d\u00e9clenchement de la guerre, la plupart des avions n&rsquo;\u00e9taient pas arm\u00e9s et \u00e9taient surtout utilis\u00e9s \u00e0 des fins d&rsquo;observation et de reconnaissance. Les \u00e9quipages ne tard\u00e8rent pas \u00e0 se tirer les uns sur les autres avec des armes manuelles et, plus tard, des mitrailleuses mont\u00e9es sur l&rsquo;avion. Ces \u00ab\u00a0chasseurs\u00a0\u00bb patrouillaient le ciel pour tirer sur d&rsquo;\u00e9ventuels avions ou dirigeables d&rsquo;observation ennemis, pour assurer la ma\u00eetrise des airs aux forces amies, et pour dissimuler les mouvements au sol aux regards ennemis.<\/p>\n<h2>R\u00e9solution du probl\u00e8me des h\u00e9lices<\/h2>\n<p>L&#8217;emplacement de l&rsquo;h\u00e9lice \u00e9tait le principal probl\u00e8me \u00e0 r\u00e9gler pour rendre les avions de combat plus meurtriers. L&rsquo;endroit le plus efficace pour le fusil \u00e9tait \u00e0 l&rsquo;avant de l&rsquo;appareil, pr\u00e8s du pilote, qui pouvait alors pointer fusil et avion en m\u00eame temps vers l&rsquo;ennemi lors des combats a\u00e9riens. Mais cela signifiait que l&rsquo;on tirait \u00e0 travers l&rsquo;h\u00e9lice qui tournait. Tirer avec la mitrailleuse vers le haut ou vers les c\u00f4t\u00e9s ou l&rsquo;arri\u00e8re n&rsquo;\u00e9tait pas tr\u00e8s efficace \u00e0 bord d&rsquo;un avion rapide, et les deux camps cherch\u00e8rent des solutions techniques au probl\u00e8me de l&rsquo;h\u00e9lice. En 1915, les Allemands introduisirent un interrupteur qui laissait les tirs de mitrailleuse passer \u00e0 travers l&rsquo;h\u00e9lice tournante. Les Alli\u00e9s trouv\u00e8rent bient\u00f4t leur propre solution, mais pas avant que nombreux avions aient \u00e9t\u00e9 abattus.<\/p>\n<h2>Combats a\u00e9riens<\/h2>\n<p>Apr\u00e8s qu&rsquo;on eut r\u00e9solu le probl\u00e8me du tir frontal des mitrailleuses, les avions furent davantage en mesure d&rsquo;affronter d&rsquo;autres avions. Ces combats a\u00e9riens pouvaient concerner des combattants uniques ou des escadrilles enti\u00e8res luttant les unes contre les autres au cours de batailles chaotiques \u00e0 grande vitesse. Dans ces combats, les pilotes devinrent des \u00ab\u00a0chevaliers des airs\u00a0\u00bb et beaucoup furent c\u00e9l\u00e9br\u00e9s comme des h\u00e9ros. En avril 1917, l&rsquo;esp\u00e9rance de vie moyenne pour les nouveaux pilotes britanniques \u00e9tait de onze jours. Mais certains survivaient et devenaient plus exp\u00e9riment\u00e9s, tant au combat que dans la lutte pour la survie. On apprit de nouvelles tactiques, par exemple descendre en piqu\u00e9 hors de la lumi\u00e8re du soleil pour obtenir un avantage ou voler sans \u00eatre vu sous des avions ennemis avant de les cribler de balles de pr\u00e8s.<\/p>\n<h2>Davantage d&rsquo;avions, de plus grosses batailles<\/h2>\n<p>En 1917, le nombre d&rsquo;avions de combat avait rapidement augment\u00e9. Les avions volaient souvent en plus grandes formations pour assurer une plus grande protection, mais quelques \u00ab\u00a0loups solitaires\u00a0\u00bb chassaient encore seuls. Aux combats \u00e0 grande vitesse participaient souvent des dizaines d&rsquo;avions qui man\u0153uvraient sauvagement les uns contre les autres pour obtenir une position sup\u00e9rieure, tandis que d&rsquo;autres appareils cherchaient \u00e0 bombarder des cibles au sol ou \u00e0 photographier les mouvements de troupes et les positions au sol.<\/p>\n<h3>Poursuivez votre exploration avec ces sujets :<\/h3>\n<ul class=\"related\">\n<li><a href=\"\/premiereguerremondiale\/histoire\/batailles-et-combats\/armes-terrestres\/mitrailleuses\/\">Mitrailleuses<\/a><\/li>\n<li><a href=\"\/premiereguerremondiale\/histoire\/la-vie-au-pays-pendant-la-guerre\/leconomie-de-guerre\/finances-et-production-de-guerre\/\">Finances et production de guerre<\/a><\/li>\n<li><a href=\"\/premiereguerremondiale\/histoire\/batailles-et-combats\/la-guerre-sur-terre\/mettre-fin-a-limpasse-dans-les-tranchees\/\">Mettre fin \u00e0 l&rsquo;impasse dans les tranch\u00e9es<\/a><\/li>\n<\/ul>\n","protected":false},"excerpt":{"rendered":"<p>Au moment du d\u00e9clenchement de la guerre, la plupart des avions n&rsquo;\u00e9taient pas arm\u00e9s et \u00e9taient surtout utilis\u00e9s \u00e0 des fins d&rsquo;observation et de reconnaissance. Les \u00e9quipages ne tard\u00e8rent pas \u00e0 se tirer les uns sur les autres avec des armes manuelles et, plus tard, des mitrailleuses mont\u00e9es sur l&rsquo;avion. Ces \u00ab\u00a0chasseurs\u00a0\u00bb patrouillaient le ciel [&hellip;]<\/p>\n","protected":false},"author":1,"featured_media":219,"parent":220,"menu_order":2,"comment_status":"open","ping_status":"open","template":"single-history.php","meta":{"footnotes":""},"_links":{"self":[{"href":"https:\/\/www.museedelaguerre.ca\/premiereguerremondiale\/wp-json\/wp\/v2\/pages\/226"}],"collection":[{"href":"https:\/\/www.museedelaguerre.ca\/premiereguerremondiale\/wp-json\/wp\/v2\/pages"}],"about":[{"href":"https:\/\/www.museedelaguerre.ca\/premiereguerremondiale\/wp-json\/wp\/v2\/types\/page"}],"author":[{"embeddable":true,"href":"https:\/\/www.museedelaguerre.ca\/premiereguerremondiale\/wp-json\/wp\/v2\/users\/1"}],"replies":[{"embeddable":true,"href":"https:\/\/www.museedelaguerre.ca\/premiereguerremondiale\/wp-json\/wp\/v2\/comments?post=226"}],"version-history":[{"count":4,"href":"https:\/\/www.museedelaguerre.ca\/premiereguerremondiale\/wp-json\/wp\/v2\/pages\/226\/revisions"}],"predecessor-version":[{"id":3377,"href":"https:\/\/www.museedelaguerre.ca\/premiereguerremondiale\/wp-json\/wp\/v2\/pages\/226\/revisions\/3377"}],"up":[{"embeddable":true,"href":"https:\/\/www.museedelaguerre.ca\/premiereguerremondiale\/wp-json\/wp\/v2\/pages\/220"}],"wp:featuredmedia":[{"embeddable":true,"href":"https:\/\/www.museedelaguerre.ca\/premiereguerremondiale\/wp-json\/wp\/v2\/media\/219"}],"wp:attachment":[{"href":"https:\/\/www.museedelaguerre.ca\/premiereguerremondiale\/wp-json\/wp\/v2\/media?parent=226"}],"curies":[{"name":"wp","href":"https:\/\/api.w.org\/{rel}","templated":true}]}}