{"id":224,"date":"2014-07-17T14:00:16","date_gmt":"2014-07-17T14:00:16","guid":{"rendered":"https:\/\/www.museedelaguerre.ca\/premiere-guerre-mondial\/?page_id=224"},"modified":"2015-03-26T19:10:59","modified_gmt":"2015-03-26T19:10:59","slug":"reconnaissance-aerienne","status":"publish","type":"page","link":"https:\/\/www.museedelaguerre.ca\/premiereguerremondiale\/histoire\/batailles-et-combats\/la-guerre-aerienne\/reconnaissance-aerienne\/","title":{"rendered":"Reconnaissance a\u00e9rienne"},"content":{"rendered":"<p class=\"excerpt\">On se servit d&rsquo;avions au d\u00e9part \u00e0 des fins de reconnaissance, pour suivre les mouvements des troupes ennemies. Ils transportaient souvent des appareils-photo pour photographier le champ de bataille. Ces photos \u00e9taient plus tard utilis\u00e9es pour \u00e9tudier les fortifications ennemies et transform\u00e9es en cartes pour l&rsquo;infanterie. En 1916, des avions aid\u00e8rent l&rsquo;artillerie \u00e0 d\u00e9tecter les chutes d&rsquo;obus, contribuant \u00e0 coordonner et corriger les tirs. L&rsquo;ennemi \u00e9tait oblig\u00e9 de camoufler les positions de ses canons et de ses troupes pour les dissimuler aux observateurs a\u00e9riens.<\/p>\n<h2>Difficult\u00e9 \u00e0 communiquer avec le sol<\/h2>\n<p>Les communications air-sol constitu\u00e8rent un probl\u00e8me tout au long de la guerre. Jeter des messages depuis les airs au moyen de banderoles ou dans des paquets \u00e9tait peut-\u00eatre la technique la plus efficace, mais seulement si les destinataires au sol pouvaient les r\u00e9cup\u00e9rer \u00e0 temps pour qu&rsquo;ils soient utiles. Plus tard au cours de la guerre, des communications sans fil primitives permirent la transmission de messages brefs et simples.<\/p>\n<h2>Combats a\u00e9riens<\/h2>\n<p>Les commandants au sol en vinrent rapidement \u00e0 se fier largement \u00e0 l&rsquo;information acquise du haut des airs en avion et comprirent la valeur de pareils renseignements pour l&rsquo;ennemi. Ils essay\u00e8rent de s&rsquo;assurer la \u00ab\u00a0ma\u00eetrise des airs\u00a0\u00bb en attaquant ou en \u00e9loignant les avions ennemis, et cherch\u00e8rent \u00e0 dissimuler les activit\u00e9s au sol aux yeux d&rsquo;observateurs a\u00e9riens \u00e0 l&rsquo;aide du camouflage, en travaillant ou en se d\u00e9pla\u00e7ant la nuit ou par mauvais temps, et \u00e0 l&rsquo;aide d&rsquo;autres tactiques.<\/p>\n<p>Comme les appareils recueillant des renseignements devaient voler bas et lentement sur des trajectoires de vol pr\u00e9visibles pour photographier le front ou suivre les d\u00e9placements des troupes au sol, ils constituaient souvent des victimes faciles pour les chasseurs ennemis et les canons antia\u00e9riens. En plus de comporter des \u00e9crans contre les chasseurs, beaucoup de ces avions poss\u00e9daient deux si\u00e8ges, et un artilleur utilisant une mitrailleuse pour repousser les attaques ennemies.<\/p>\n<h3>Poursuivez votre exploration avec ces sujets :<\/h3>\n<ul class=\"related\">\n<li><a href=\"\/premiereguerremondiale\/histoire\/batailles-et-combats\/la-guerre-sur-terre\/les-communications\/\">Les communications<\/a><\/li>\n<li><a href=\"\/premiereguerremondiale\/histoire\/batailles-et-combats\/armes-terrestres\/artillerie-et-mortiers\/\">Artillerie et mortiers<\/a><\/li>\n<li><a href=\"\/premiereguerremondiale\/histoire\/batailles-et-combats\/batailles-terrestres\/courcelette\/\">Courcelette<\/a><\/li>\n<\/ul>\n","protected":false},"excerpt":{"rendered":"<p>On se servit d&rsquo;avions au d\u00e9part \u00e0 des fins de reconnaissance, pour suivre les mouvements des troupes ennemies. Ils transportaient souvent des appareils-photo pour photographier le champ de bataille. Ces photos \u00e9taient plus tard utilis\u00e9es pour \u00e9tudier les fortifications ennemies et transform\u00e9es en cartes pour l&rsquo;infanterie. En 1916, des avions aid\u00e8rent l&rsquo;artillerie \u00e0 d\u00e9tecter les [&hellip;]<\/p>\n","protected":false},"author":1,"featured_media":216,"parent":220,"menu_order":1,"comment_status":"open","ping_status":"open","template":"single-history.php","meta":{"footnotes":""},"_links":{"self":[{"href":"https:\/\/www.museedelaguerre.ca\/premiereguerremondiale\/wp-json\/wp\/v2\/pages\/224"}],"collection":[{"href":"https:\/\/www.museedelaguerre.ca\/premiereguerremondiale\/wp-json\/wp\/v2\/pages"}],"about":[{"href":"https:\/\/www.museedelaguerre.ca\/premiereguerremondiale\/wp-json\/wp\/v2\/types\/page"}],"author":[{"embeddable":true,"href":"https:\/\/www.museedelaguerre.ca\/premiereguerremondiale\/wp-json\/wp\/v2\/users\/1"}],"replies":[{"embeddable":true,"href":"https:\/\/www.museedelaguerre.ca\/premiereguerremondiale\/wp-json\/wp\/v2\/comments?post=224"}],"version-history":[{"count":4,"href":"https:\/\/www.museedelaguerre.ca\/premiereguerremondiale\/wp-json\/wp\/v2\/pages\/224\/revisions"}],"predecessor-version":[{"id":3376,"href":"https:\/\/www.museedelaguerre.ca\/premiereguerremondiale\/wp-json\/wp\/v2\/pages\/224\/revisions\/3376"}],"up":[{"embeddable":true,"href":"https:\/\/www.museedelaguerre.ca\/premiereguerremondiale\/wp-json\/wp\/v2\/pages\/220"}],"wp:featuredmedia":[{"embeddable":true,"href":"https:\/\/www.museedelaguerre.ca\/premiereguerremondiale\/wp-json\/wp\/v2\/media\/216"}],"wp:attachment":[{"href":"https:\/\/www.museedelaguerre.ca\/premiereguerremondiale\/wp-json\/wp\/v2\/media?parent=224"}],"curies":[{"name":"wp","href":"https:\/\/api.w.org\/{rel}","templated":true}]}}