{"id":222,"date":"2014-07-17T13:53:53","date_gmt":"2014-07-17T13:53:53","guid":{"rendered":"https:\/\/www.museedelaguerre.ca\/premiere-guerre-mondial\/?page_id=222"},"modified":"2014-08-14T13:50:16","modified_gmt":"2014-08-14T13:50:16","slug":"lentrainement-aerien-au-canada","status":"publish","type":"page","link":"https:\/\/www.museedelaguerre.ca\/premiereguerremondiale\/histoire\/batailles-et-combats\/la-guerre-aerienne\/lentrainement-aerien-au-canada\/","title":{"rendered":"L&rsquo;entra\u00eenement a\u00e9rien au Canada"},"content":{"rendered":"<p class=\"excerpt\">En ao\u00fbt 1914, l&rsquo;aviation en \u00e9tait encore \u00e0 ses premiers balbutiements. D\u00e9coller et atterrir sans s&rsquo;\u00e9craser \u00e9tait d\u00e9j\u00e0 un exploit.<\/p>\n<p>Les grandes puissances ne disposaient en tout et pour tout que de quelques centaines d&rsquo;avions et de dirigeables sur la ligne de front au d\u00e9but de la guerre. Avec le r\u00f4le rapidement croissant de l&rsquo;aviation dans la photographie et les renseignements, les services a\u00e9riens ne tard\u00e8rent pas \u00e0 cro\u00eetre et \u00e0 devenir plus complexes.<\/p>\n<h2>L&rsquo;entra\u00eenement priv\u00e9 et militaire d\u00e9bute au Canada<\/h2>\n<p>Pour doter en personnel cette nouvelle arm\u00e9e a\u00e9rienne, toutes les nations bellig\u00e9rantes cr\u00e9\u00e8rent des dizaines d&rsquo;\u00e9tablissements d&rsquo;entra\u00eenement, dont plusieurs \u00e9coles d&rsquo;entra\u00eenement de pilotage priv\u00e9es au Canada. La plus grande d&rsquo;entre elles fut la Curtis Flying School, \u00e0 Toronto, o\u00f9 l&rsquo;on exigeait 400\u00a0$ pour 400 minutes de cours de pilotage, ce qui \u00e9quivaut \u00e0 plus de 6000\u00a0$ aujourd&rsquo;hui. En d\u00e9pit de ce prix exorbitant, les listes d&rsquo;attente \u00e9taient longues.<\/p>\n<p>En 1917, le Royal Flying Corps \u00e9tablit six terrains d&rsquo;entra\u00eenement dans le sud de l&rsquo;Ontario et recruta activement des Canadiens. Canadian Aeroplanes Ltd., \u00e0 Toronto, produisait les avions d&rsquo;entra\u00eenement JN-4 utilis\u00e9s dans le programme d&rsquo;entra\u00eenement au pilotage. Ces \u00e9coles fournissaient des Canadiens partiellement entra\u00een\u00e9s qui \u00e9taient facilement accept\u00e9s dans les services d&rsquo;aviation britanniques.<\/p>\n<h2>Des Canadiens servent dans la Royal Air Force<\/h2>\n<p>Le Canada ne disposa de sa propre aviation qu&rsquo;au cours du dernier mois de la guerre, mais 22\u00a0000 Canadiens servirent dans l&rsquo;aviation britannique. En novembre 1918, 25 pour cent des officiers de la Royal Air Force \u00e9taient canadiens. Quand la guerre prit fin, des milliers d&rsquo;autres Canadiens suivaient un entra\u00eenement pour devenir pilotes et observateurs.<\/p>\n<h3>Poursuivez votre exploration avec ces sujets :<\/h3>\n<ul class=\"related\">\n<li><a href=\"\/premiereguerremondiale\/histoire\/lentree-en-guerre\/le-canada-entre-en-guerre\/entrainement-a-valcartier\/\">Entra\u00eenement \u00e0 Valcartier<\/a><\/li>\n<li><a href=\"\/premiereguerremondiale\/histoire\/batailles-et-combats\/la-guerre-en-mer\/batailles-navales-sur-la-cote-est\/\">Batailles navales sur la c\u00f4te est<\/a><\/li>\n<li><a href=\"\/premiereguerremondiale\/histoire\/batailles-et-combats\/la-guerre-sur-terre\/mettre-fin-a-limpasse-dans-les-tranchees\/\">Mettre fin \u00e0 l&rsquo;impasse dans les tranch\u00e9es<\/a><\/li>\n<\/ul>\n","protected":false},"excerpt":{"rendered":"<p>En ao\u00fbt 1914, l&rsquo;aviation en \u00e9tait encore \u00e0 ses premiers balbutiements. D\u00e9coller et atterrir sans s&rsquo;\u00e9craser \u00e9tait d\u00e9j\u00e0 un exploit. Les grandes puissances ne disposaient en tout et pour tout que de quelques centaines d&rsquo;avions et de dirigeables sur la ligne de front au d\u00e9but de la guerre. Avec le r\u00f4le rapidement croissant de l&rsquo;aviation [&hellip;]<\/p>\n","protected":false},"author":1,"featured_media":218,"parent":220,"menu_order":0,"comment_status":"open","ping_status":"open","template":"single-history.php","meta":{"footnotes":""},"_links":{"self":[{"href":"https:\/\/www.museedelaguerre.ca\/premiereguerremondiale\/wp-json\/wp\/v2\/pages\/222"}],"collection":[{"href":"https:\/\/www.museedelaguerre.ca\/premiereguerremondiale\/wp-json\/wp\/v2\/pages"}],"about":[{"href":"https:\/\/www.museedelaguerre.ca\/premiereguerremondiale\/wp-json\/wp\/v2\/types\/page"}],"author":[{"embeddable":true,"href":"https:\/\/www.museedelaguerre.ca\/premiereguerremondiale\/wp-json\/wp\/v2\/users\/1"}],"replies":[{"embeddable":true,"href":"https:\/\/www.museedelaguerre.ca\/premiereguerremondiale\/wp-json\/wp\/v2\/comments?post=222"}],"version-history":[{"count":2,"href":"https:\/\/www.museedelaguerre.ca\/premiereguerremondiale\/wp-json\/wp\/v2\/pages\/222\/revisions"}],"predecessor-version":[{"id":2862,"href":"https:\/\/www.museedelaguerre.ca\/premiereguerremondiale\/wp-json\/wp\/v2\/pages\/222\/revisions\/2862"}],"up":[{"embeddable":true,"href":"https:\/\/www.museedelaguerre.ca\/premiereguerremondiale\/wp-json\/wp\/v2\/pages\/220"}],"wp:featuredmedia":[{"embeddable":true,"href":"https:\/\/www.museedelaguerre.ca\/premiereguerremondiale\/wp-json\/wp\/v2\/media\/218"}],"wp:attachment":[{"href":"https:\/\/www.museedelaguerre.ca\/premiereguerremondiale\/wp-json\/wp\/v2\/media?parent=222"}],"curies":[{"name":"wp","href":"https:\/\/api.w.org\/{rel}","templated":true}]}}