{"id":220,"date":"2014-07-17T13:45:43","date_gmt":"2014-07-17T13:45:43","guid":{"rendered":"https:\/\/www.museedelaguerre.ca\/premiere-guerre-mondial\/?page_id=220"},"modified":"2014-07-17T13:45:43","modified_gmt":"2014-07-17T13:45:43","slug":"la-guerre-aerienne","status":"publish","type":"page","link":"https:\/\/www.museedelaguerre.ca\/premiereguerremondiale\/histoire\/batailles-et-combats\/la-guerre-aerienne\/","title":{"rendered":"La guerre a\u00e9rienne"},"content":{"rendered":"<p>L&rsquo;utilisation d&rsquo;avions militaires s&rsquo;est d\u00e9velopp\u00e9e lors de La Premi\u00e8re Guerre mondiale a vu la premi\u00e8re utilisation \u00e0 grande \u00e9chelle de l&rsquo;avion dans la guerre, et la cr\u00e9ation de vastes arm\u00e9es de l&rsquo;air par toutes les grandes nations combattantes. Apprenez-en davantage sur la guerre dans les airs\u00a0: la collecte de renseignements, le travail avec les forces au sol et l&rsquo;ex\u00e9cution de bombardements tactiques et strat\u00e9giques.<\/p>\n","protected":false},"excerpt":{"rendered":"<p>L&rsquo;utilisation d&rsquo;avions militaires s&rsquo;est d\u00e9velopp\u00e9e lors de La Premi\u00e8re Guerre mondiale a vu la premi\u00e8re utilisation \u00e0 grande \u00e9chelle de l&rsquo;avion dans la guerre, et la cr\u00e9ation de vastes arm\u00e9es de l&rsquo;air par toutes les grandes nations combattantes. Apprenez-en davantage sur la guerre dans les airs\u00a0: la collecte de renseignements, le travail avec les forces [&hellip;]<\/p>\n","protected":false},"author":1,"featured_media":215,"parent":111,"menu_order":3,"comment_status":"open","ping_status":"open","template":"listing-history.php","meta":{"footnotes":""},"_links":{"self":[{"href":"https:\/\/www.museedelaguerre.ca\/premiereguerremondiale\/wp-json\/wp\/v2\/pages\/220"}],"collection":[{"href":"https:\/\/www.museedelaguerre.ca\/premiereguerremondiale\/wp-json\/wp\/v2\/pages"}],"about":[{"href":"https:\/\/www.museedelaguerre.ca\/premiereguerremondiale\/wp-json\/wp\/v2\/types\/page"}],"author":[{"embeddable":true,"href":"https:\/\/www.museedelaguerre.ca\/premiereguerremondiale\/wp-json\/wp\/v2\/users\/1"}],"replies":[{"embeddable":true,"href":"https:\/\/www.museedelaguerre.ca\/premiereguerremondiale\/wp-json\/wp\/v2\/comments?post=220"}],"version-history":[{"count":1,"href":"https:\/\/www.museedelaguerre.ca\/premiereguerremondiale\/wp-json\/wp\/v2\/pages\/220\/revisions"}],"predecessor-version":[{"id":221,"href":"https:\/\/www.museedelaguerre.ca\/premiereguerremondiale\/wp-json\/wp\/v2\/pages\/220\/revisions\/221"}],"up":[{"embeddable":true,"href":"https:\/\/www.museedelaguerre.ca\/premiereguerremondiale\/wp-json\/wp\/v2\/pages\/111"}],"wp:featuredmedia":[{"embeddable":true,"href":"https:\/\/www.museedelaguerre.ca\/premiereguerremondiale\/wp-json\/wp\/v2\/media\/215"}],"wp:attachment":[{"href":"https:\/\/www.museedelaguerre.ca\/premiereguerremondiale\/wp-json\/wp\/v2\/media?parent=220"}],"curies":[{"name":"wp","href":"https:\/\/api.w.org\/{rel}","templated":true}]}}