{"id":2116,"date":"2014-08-10T20:55:08","date_gmt":"2014-08-10T20:55:08","guid":{"rendered":"https:\/\/www.museedelaguerre.ca\/premiereguerremondiale\/?page_id=2116"},"modified":"2014-08-10T20:55:08","modified_gmt":"2014-08-10T20:55:08","slug":"i-didnt-raise-my-boy-to-be-a-soldier-je-nai-pas-eleve-mon-garcon-pour-quil-devienne-un-soldat","status":"publish","type":"page","link":"https:\/\/www.museedelaguerre.ca\/premiereguerremondiale\/objets-et-photos\/art-et-culture\/sports-et-divertissements\/i-didnt-raise-my-boy-to-be-a-soldier-je-nai-pas-eleve-mon-garcon-pour-quil-devienne-un-soldat\/","title":{"rendered":"I Didn&rsquo;t Raise My Boy to be a Soldier (Je n&rsquo;ai pas \u00e9lev\u00e9 mon gar\u00e7on pour qu&rsquo;il devienne un soldat)"},"content":{"rendered":"","protected":false},"excerpt":{"rendered":"","protected":false},"author":92,"featured_media":384,"parent":1609,"menu_order":12,"comment_status":"open","ping_status":"open","template":"single-object.php","meta":{"footnotes":""},"_links":{"self":[{"href":"https:\/\/www.museedelaguerre.ca\/premiereguerremondiale\/wp-json\/wp\/v2\/pages\/2116"}],"collection":[{"href":"https:\/\/www.museedelaguerre.ca\/premiereguerremondiale\/wp-json\/wp\/v2\/pages"}],"about":[{"href":"https:\/\/www.museedelaguerre.ca\/premiereguerremondiale\/wp-json\/wp\/v2\/types\/page"}],"author":[{"embeddable":true,"href":"https:\/\/www.museedelaguerre.ca\/premiereguerremondiale\/wp-json\/wp\/v2\/users\/92"}],"replies":[{"embeddable":true,"href":"https:\/\/www.museedelaguerre.ca\/premiereguerremondiale\/wp-json\/wp\/v2\/comments?post=2116"}],"version-history":[{"count":1,"href":"https:\/\/www.museedelaguerre.ca\/premiereguerremondiale\/wp-json\/wp\/v2\/pages\/2116\/revisions"}],"predecessor-version":[{"id":2117,"href":"https:\/\/www.museedelaguerre.ca\/premiereguerremondiale\/wp-json\/wp\/v2\/pages\/2116\/revisions\/2117"}],"up":[{"embeddable":true,"href":"https:\/\/www.museedelaguerre.ca\/premiereguerremondiale\/wp-json\/wp\/v2\/pages\/1609"}],"wp:featuredmedia":[{"embeddable":true,"href":"https:\/\/www.museedelaguerre.ca\/premiereguerremondiale\/wp-json\/wp\/v2\/media\/384"}],"wp:attachment":[{"href":"https:\/\/www.museedelaguerre.ca\/premiereguerremondiale\/wp-json\/wp\/v2\/media?parent=2116"}],"curies":[{"name":"wp","href":"https:\/\/api.w.org\/{rel}","templated":true}]}}