{"id":208,"date":"2014-07-17T13:05:59","date_gmt":"2014-07-17T13:05:59","guid":{"rendered":"https:\/\/www.museedelaguerre.ca\/premiere-guerre-mondial\/?page_id=208"},"modified":"2015-03-26T19:09:07","modified_gmt":"2015-03-26T19:09:07","slug":"fournir-le-materiel-necessaire-a-la-guerre","status":"publish","type":"page","link":"https:\/\/www.museedelaguerre.ca\/premiereguerremondiale\/histoire\/batailles-et-combats\/la-guerre-sur-terre\/fournir-le-materiel-necessaire-a-la-guerre\/","title":{"rendered":"Fournir le mat\u00e9riel n\u00e9cessaire \u00e0 la guerre"},"content":{"rendered":"<p class=\"excerpt\">La sup\u00e9riorit\u00e9 des Alli\u00e9s pour ce qui est de la quantit\u00e9, et dans bien des cas de la qualit\u00e9, du mat\u00e9riel fut un facteur d\u00e9terminant de leur victoire en 1918.<\/p>\n<h2>Tous \u00e9gaux au d\u00e9part<\/h2>\n<p>De 1914 \u00e0 1916, les pays de l&rsquo;Entente et les puissances centrales \u00e9taient plus ou moins sur un pied d&rsquo;\u00e9galit\u00e9 pour ce qui est des fournitures de guerre comme les armes, les munitions, les rations alimentaires et les chevaux. Les deux camps durent faire face \u00e0 des p\u00e9nuries d&rsquo;obus pendant les ann\u00e9es 1914-1915 alors que la production n&rsquo;arrivait pas \u00e0 suivre l&rsquo;intensit\u00e9 des combats. La Russie, une des puissances importantes de l&rsquo;Entente, \u00e9tait extr\u00eamement mal approvisionn\u00e9e par rapport \u00e0 ses alli\u00e9s et ses ennemis plus industrialis\u00e9s.<\/p>\n<h2>Les Alli\u00e9s produisent davantage<\/h2>\n<p>Pour augmenter la production, chaque pays bellig\u00e9rant r\u00e9organisa son \u00e9conomie du temps de guerre afin de soutenir la guerre, et le front int\u00e9rieur contribua de plus en plus \u00e0 satisfaire les besoins des arm\u00e9es en campagne. Des industries autrefois civiles furent mobilis\u00e9es pour fabriquer de l&rsquo;artillerie, des munitions et les nombreuses autres n\u00e9cessit\u00e9s de la guerre. En 1917, le rythme de la production de munitions, particuli\u00e8rement dans l&rsquo;Empire britannique, d\u00e9passa celui de l&rsquo;Allemagne et de l&rsquo;Empire austro-hongrois, et le blocus des ports allemands par la marine britannique eurent des r\u00e9percussions sur l&rsquo;industrie, l&rsquo;\u00e9conomie et les r\u00e9seaux de transports de ce pays.<\/p>\n<h2>Les \u00c9tats-Unis font pencher la balance<\/h2>\n<p>Les r\u00e9seaux ferroviaires des puissances centrales souffrirent du manque d&rsquo;ouvriers, de mati\u00e8res premi\u00e8res et de charbon servant de combustible, manque qui finit par leur \u00eatre fatal et par causer une p\u00e9nurie de vivres, d&rsquo;\u00e9quipement et de ravitaillement sur le front.<\/p>\n<p>Apr\u00e8s avril 1917, l&rsquo;entr\u00e9e des \u00c9tats-Unis dans la guerre commen\u00e7a \u00e0 faire pencher la balance de la logistique en faveur des Alli\u00e9s. La participation am\u00e9ricaine garantissait un apport d&rsquo;argent et une augmentation soudaine du nombre de soldats. Bien que les soldats am\u00e9ricains soient arriv\u00e9s trop tard en nombre suffisant sur le front occidental pour avoir un effet d\u00e9cisif, la promesse de leur arriv\u00e9e revigora les arm\u00e9es alli\u00e9es et porta un coup fatal au moral de l&rsquo;ennemi.<\/p>\n<h2>De la production \u00e0 l&rsquo;utilisation au front<\/h2>\n<p>Des voies ferroviaires s&rsquo;\u00e9tendant sur de longues distances transportaient le mat\u00e9riel de guerre au front \u00e0 partir des ports de la c\u00f4te atlantique. Des unit\u00e9s de forestiers, de man\u0153uvres et de cheminots ainsi que des travailleurs chinois construisirent des voies ferr\u00e9es et des routes derri\u00e8re les lignes. \u00c0 partir des t\u00eates de ligne, des voies de chemin de fer l\u00e9ger et des camions transportaient le ravitaillement jusqu&rsquo;\u00e0 se rapprocher suffisamment du front pour entendre le son des canons. L\u00e0, il \u00e9tait finalement transport\u00e9 jusqu&rsquo;aux tranch\u00e9es par les fantassins, ces \u00ab\u00a0mules de l&rsquo;arm\u00e9e\u00a0\u00bb.<\/p>\n<h3>Poursuivez votre exploration avec ces sujets :<\/h3>\n<ul class=\"related\">\n<li><a href=\"\/premiereguerremondiale\/histoire\/batailles-et-combats\/la-guerre-en-mer\/la-marine-royale-du-canada\/\">La Marine royale du Canada<\/a><\/li>\n<li><a href=\"\/premiereguerremondiale\/histoire\/la-vie-au-pays-pendant-la-guerre\/leconomie-de-guerre\/finances-et-production-de-guerre\/\">Finances et production de guerre<\/a><\/li>\n<li><a href=\"\/premiereguerremondiale\/histoire\/la-vie-au-pays-pendant-la-guerre\/leconomie-de-guerre\/agriculture-et-produits-alimentaires\/\">Agriculture et produits alimentaires<\/a><\/li>\n<\/ul>\n","protected":false},"excerpt":{"rendered":"<p>La sup\u00e9riorit\u00e9 des Alli\u00e9s pour ce qui est de la quantit\u00e9, et dans bien des cas de la qualit\u00e9, du mat\u00e9riel fut un facteur d\u00e9terminant de leur victoire en 1918. Tous \u00e9gaux au d\u00e9part De 1914 \u00e0 1916, les pays de l&rsquo;Entente et les puissances centrales \u00e9taient plus ou moins sur un pied d&rsquo;\u00e9galit\u00e9 pour [&hellip;]<\/p>\n","protected":false},"author":1,"featured_media":196,"parent":200,"menu_order":3,"comment_status":"open","ping_status":"open","template":"single-history.php","meta":{"footnotes":""},"_links":{"self":[{"href":"https:\/\/www.museedelaguerre.ca\/premiereguerremondiale\/wp-json\/wp\/v2\/pages\/208"}],"collection":[{"href":"https:\/\/www.museedelaguerre.ca\/premiereguerremondiale\/wp-json\/wp\/v2\/pages"}],"about":[{"href":"https:\/\/www.museedelaguerre.ca\/premiereguerremondiale\/wp-json\/wp\/v2\/types\/page"}],"author":[{"embeddable":true,"href":"https:\/\/www.museedelaguerre.ca\/premiereguerremondiale\/wp-json\/wp\/v2\/users\/1"}],"replies":[{"embeddable":true,"href":"https:\/\/www.museedelaguerre.ca\/premiereguerremondiale\/wp-json\/wp\/v2\/comments?post=208"}],"version-history":[{"count":3,"href":"https:\/\/www.museedelaguerre.ca\/premiereguerremondiale\/wp-json\/wp\/v2\/pages\/208\/revisions"}],"predecessor-version":[{"id":3375,"href":"https:\/\/www.museedelaguerre.ca\/premiereguerremondiale\/wp-json\/wp\/v2\/pages\/208\/revisions\/3375"}],"up":[{"embeddable":true,"href":"https:\/\/www.museedelaguerre.ca\/premiereguerremondiale\/wp-json\/wp\/v2\/pages\/200"}],"wp:featuredmedia":[{"embeddable":true,"href":"https:\/\/www.museedelaguerre.ca\/premiereguerremondiale\/wp-json\/wp\/v2\/media\/196"}],"wp:attachment":[{"href":"https:\/\/www.museedelaguerre.ca\/premiereguerremondiale\/wp-json\/wp\/v2\/media?parent=208"}],"curies":[{"name":"wp","href":"https:\/\/api.w.org\/{rel}","templated":true}]}}