{"id":206,"date":"2014-07-17T12:57:30","date_gmt":"2014-07-17T12:57:30","guid":{"rendered":"https:\/\/www.museedelaguerre.ca\/premiere-guerre-mondial\/?page_id=206"},"modified":"2015-03-26T19:07:15","modified_gmt":"2015-03-26T19:07:15","slug":"les-communications","status":"publish","type":"page","link":"https:\/\/www.museedelaguerre.ca\/premiereguerremondiale\/histoire\/batailles-et-combats\/la-guerre-sur-terre\/les-communications\/","title":{"rendered":"Les communications"},"content":{"rendered":"<p class=\"excerpt\">Les communications entre l&rsquo;arri\u00e8re et les unit\u00e9s sur la ligne de front, ainsi que lat\u00e9ralement le long de cette ligne, furent toujours difficiles et furent souvent la cause d&rsquo;\u00e9checs au cours des batailles.<\/p>\n<h2><b>Vuln\u00e9rabilit\u00e9 des communications au sol<\/b><\/h2>\n<p>Au sol, les signaleurs utilisaient divers appareils et m\u00e9thodes pour envoyer des messages. Les t\u00e9l\u00e9phones \u00e9taient fiables, mais leurs longs fils suspendus \u00e9taient vuln\u00e9rables aux tirs des obus et \u00e9taient fr\u00e9quemment coup\u00e9s. Enterrer les fils profond\u00e9ment dans le sol \u00e9tait un travail ext\u00e9nuant et long et ne les prot\u00e9geait pas toujours des tirs d&rsquo;obus. Les pigeons \u00e9taient \u00e9tonnamment efficaces pour transporter des messages, mais exigeaient des personnes sp\u00e9cialement form\u00e9es \u00e0 leur manipulation, et ils pouvaient \u00eatre d\u00e9sorient\u00e9s par le bruit et les barrages d&rsquo;artillerie.<\/p>\n<h2>Radios volumineuses et fragiles<\/h2>\n<p>En 1914, la radiot\u00e9l\u00e9graphie (radio) pouvait transmettre des messages en Morse, mais les \u00e9metteurs-r\u00e9cepteurs sans fil \u00e9taient volumineux et fragiles et leur port\u00e9e n&rsquo;\u00e9tait pas tr\u00e8s grande. Plus tard, des postes sans fil plus robustes furent utilis\u00e9s par des guetteurs pour orienter le tir de l&rsquo;artillerie.<\/p>\n<h2>Communications limit\u00e9es avec les avions<\/h2>\n<p>Les avions effectuaient des \u00ab\u00a0patrouilles de contact\u00a0\u00bb pour observer l&rsquo;avanc\u00e9e des troupes. Ils n&rsquo;\u00e9taient \u00e9quip\u00e9s que de postes \u00e9metteurs, car les postes r\u00e9cepteurs ajoutaient trop de poids \u00e0 la cellule de l&rsquo;avion. Les avions pouvaient \u00e9galement larguer des messages pr\u00e8s des quartiers g\u00e9n\u00e9raux d&rsquo;une position amie. Les troupes au sol utilisaient diverses m\u00e9thodes pour envoyer des messages aux avions, par exemple des lampes de signalisation et des fus\u00e9es \u00e9clairantes.<\/p>\n<h2>Probl\u00e8mes non r\u00e9solus<\/h2>\n<p>Malgr\u00e9 tous ces moyens, les communications \u00e9taient souvent rompues entre l&rsquo;infanterie attaquante et ses quartiers g\u00e9n\u00e9raux \u00e0 l&rsquo;arri\u00e8re. Lorsque cela se produisait, les commandants ne savaient pas o\u00f9 se trouvaient leurs troupes et \u00e9taient incapables de leur fournir un appui ad\u00e9quat avec des tirs d&rsquo;artillerie, des munitions ou du ravitaillement. Aucune solution ne fut trouv\u00e9e \u00e0 ces probl\u00e8mes de communication au cours de la guerre.<\/p>\n<h3>Poursuivez votre exploration avec les sujets suivants :<\/h3>\n<ul class=\"related\">\n<li><a href=\"\/premiereguerremondiale\/histoire\/la-vie-au-front\/la-culture-des-tranchees\/mascottes-et-animaux-de-compagnie\/\">Mascottes et animaux de compagnie<\/a><\/li>\n<li><a href=\"\/premiereguerremondiale\/histoire\/batailles-et-combats\/la-guerre-aerienne\/la-maitrise-des-airs\/\">La ma\u00eetrise des airs<\/a><\/li>\n<li><a href=\"\/premiereguerremondiale\/histoire\/les-gens\/en-uniforme\/les-aviateurs\/\">Les aviateurs<\/a><\/li>\n<\/ul>\n","protected":false},"excerpt":{"rendered":"<p>Les communications entre l&rsquo;arri\u00e8re et les unit\u00e9s sur la ligne de front, ainsi que lat\u00e9ralement le long de cette ligne, furent toujours difficiles et furent souvent la cause d&rsquo;\u00e9checs au cours des batailles. Vuln\u00e9rabilit\u00e9 des communications au sol Au sol, les signaleurs utilisaient divers appareils et m\u00e9thodes pour envoyer des messages. Les t\u00e9l\u00e9phones \u00e9taient fiables, [&hellip;]<\/p>\n","protected":false},"author":1,"featured_media":1702,"parent":200,"menu_order":2,"comment_status":"open","ping_status":"open","template":"single-history.php","meta":{"footnotes":""},"_links":{"self":[{"href":"https:\/\/www.museedelaguerre.ca\/premiereguerremondiale\/wp-json\/wp\/v2\/pages\/206"}],"collection":[{"href":"https:\/\/www.museedelaguerre.ca\/premiereguerremondiale\/wp-json\/wp\/v2\/pages"}],"about":[{"href":"https:\/\/www.museedelaguerre.ca\/premiereguerremondiale\/wp-json\/wp\/v2\/types\/page"}],"author":[{"embeddable":true,"href":"https:\/\/www.museedelaguerre.ca\/premiereguerremondiale\/wp-json\/wp\/v2\/users\/1"}],"replies":[{"embeddable":true,"href":"https:\/\/www.museedelaguerre.ca\/premiereguerremondiale\/wp-json\/wp\/v2\/comments?post=206"}],"version-history":[{"count":4,"href":"https:\/\/www.museedelaguerre.ca\/premiereguerremondiale\/wp-json\/wp\/v2\/pages\/206\/revisions"}],"predecessor-version":[{"id":3374,"href":"https:\/\/www.museedelaguerre.ca\/premiereguerremondiale\/wp-json\/wp\/v2\/pages\/206\/revisions\/3374"}],"up":[{"embeddable":true,"href":"https:\/\/www.museedelaguerre.ca\/premiereguerremondiale\/wp-json\/wp\/v2\/pages\/200"}],"wp:featuredmedia":[{"embeddable":true,"href":"https:\/\/www.museedelaguerre.ca\/premiereguerremondiale\/wp-json\/wp\/v2\/media\/1702"}],"wp:attachment":[{"href":"https:\/\/www.museedelaguerre.ca\/premiereguerremondiale\/wp-json\/wp\/v2\/media?parent=206"}],"curies":[{"name":"wp","href":"https:\/\/api.w.org\/{rel}","templated":true}]}}