{"id":204,"date":"2014-07-17T12:50:26","date_gmt":"2014-07-17T12:50:26","guid":{"rendered":"https:\/\/www.museedelaguerre.ca\/premiere-guerre-mondial\/?page_id=204"},"modified":"2015-03-26T19:02:52","modified_gmt":"2015-03-26T19:02:52","slug":"mettre-fin-a-limpasse-dans-les-tranchees","status":"publish","type":"page","link":"https:\/\/www.museedelaguerre.ca\/premiereguerremondiale\/histoire\/batailles-et-combats\/la-guerre-sur-terre\/mettre-fin-a-limpasse-dans-les-tranchees\/","title":{"rendered":"Mettre fin \u00e0 l&rsquo;impasse dans les tranch\u00e9es"},"content":{"rendered":"<p class=\"excerpt\">Toutes les arm\u00e9es firent un apprentissage difficile pendant la guerre, \u00e9tudiant les op\u00e9rations pass\u00e9es pour en tirer des le\u00e7ons qu&rsquo;ils pourraient appliquer \u00e0 celles qui seraient lanc\u00e9es dans l&rsquo;avenir. Malgr\u00e9 certaines similarit\u00e9s au cours des guerres pr\u00e9c\u00e9dentes, personne n&rsquo;avait su pr\u00e9voir l&rsquo;ampleur, ni la dur\u00e9e ni le co\u00fbt de la guerre des tranch\u00e9es qui en r\u00e9sulterait.<\/p>\n<h2>\u00c9volution des tactiques<\/h2>\n<p>Alors que la guerre sur le front occidental \u00e9tait en grande partie statique, les r\u00e9seaux de tranch\u00e9es \u00e9tant rarement d\u00e9plac\u00e9s, c&rsquo;\u00e9tait \u00e9galement un monde en constante \u00e9volution. Les armes, la tactique et la doctrine progress\u00e8rent pendant la guerre, alors que les soldats, du g\u00e9n\u00e9ral le plus haut grad\u00e9 au simple soldat, cherchaient des moyens de survivre sur les champs de bataille et d&rsquo;investir les tranch\u00e9es ennemies.<\/p>\n<h2>Innovation et \u00e9volution au front<\/h2>\n<p>Chaque arme, de l&rsquo;infanterie et de l&rsquo;artillerie au g\u00e9nie et aux unit\u00e9s m\u00e9dicales, \u00e9volua du fait de la guerre\u00a0:<\/p>\n<ul>\n<li>l&rsquo;infanterie commen\u00e7a \u00e0 faire usage des grenades, des grenades \u00e0 fusil et des mitrailleuses l\u00e9g\u00e8res;<\/li>\n<li>les officiers subalternes acquirent une plus grande ind\u00e9pendance et davantage de responsabilit\u00e9 en mati\u00e8re de combats;<\/li>\n<li>L&rsquo;entra\u00eenement et la pr\u00e9paration pr\u00e9c\u00e9dant les batailles mirent l&rsquo;accent sur le mouvement et la flexibilit\u00e9, utilisant la puissance de feu pour d\u00e9terminer l&#8217;emplacement des centres de r\u00e9sistance de l&rsquo;ennemi, ou les supprimer tandis que d&rsquo;autres troupes de combat les encerclaient et les d\u00e9bordaient sur les c\u00f4t\u00e9s, les d\u00e9truisant ou passant compl\u00e8tement outre;<\/li>\n<li>L&rsquo;artillerie adopta des principes scientifiques et mit au point de nouvelles techniques pour recueillir des renseignements afin de mieux cibler les canons de l&rsquo;ennemi;<\/li>\n<li>Les unit\u00e9s de g\u00e9nie et de man\u0153uvres veillaient \u00e0 ce qu&rsquo;il y ait des routes, des ponts et du ravitaillement pour soutenir les soldats au cours de la bataille.<\/li>\n<\/ul>\n<p>Le principal objectif tactique \u00e9tait de continuer \u00e0 avancer et de ne pas donner \u00e0 l&rsquo;ennemi le temps de r\u00e9cup\u00e9rer en d\u00e9ployant des troupes de r\u00e9serve ou en renfor\u00e7ant une zone menac\u00e9e.<\/p>\n<h2>Les op\u00e9rations interarmes\u00a0: la cl\u00e9 du succ\u00e8s<\/h2>\n<p>En 1917, les Canadiens avaient appris que la cl\u00e9 du succ\u00e8s dans les battailles r\u00e9sidait dans une coordination \u00e9troite entre l&rsquo;artillerie et l&rsquo;infanterie ainsi que les chars, les mitrailleuses, le g\u00e9nie d&rsquo;assaut, les armes chimiques, le syst\u00e8me de ravitaillement et l&rsquo;aviation.<\/p>\n<p>L&rsquo;approche interarmes permit aux Canadiens de compenser les avantages au point de vue du terrain et de la position dont jouissaient les Allemands qui, pendant presque toute la guerre, combattirent sur la d\u00e9fensive.<\/p>\n<h3>Poursuivez votre exploration avec ces sujets :<\/h3>\n<ul class=\"related\">\n<li><a href=\"\/premiereguerremondiale\/histoire\/batailles-et-combats\/batailles-terrestres\/arras-et-le-canal-du-nord-1918\/\">Arras et le Canal-du-Nord, 1918<\/a><\/li>\n<li><a href=\"\/premiereguerremondiale\/histoire\/batailles-et-combats\/la-guerre-aerienne\/reconnaissance-aerienne\/\">Reconnaissance a\u00e9rienne<\/a><\/li>\n<li><a href=\"\/premiereguerremondiale\/histoire\/les-gens\/generaux\/sir-arthur-currie\/\">Sir Arthur Currie<\/a><\/li>\n<\/ul>\n","protected":false},"excerpt":{"rendered":"<p>Toutes les arm\u00e9es firent un apprentissage difficile pendant la guerre, \u00e9tudiant les op\u00e9rations pass\u00e9es pour en tirer des le\u00e7ons qu&rsquo;ils pourraient appliquer \u00e0 celles qui seraient lanc\u00e9es dans l&rsquo;avenir. Malgr\u00e9 certaines similarit\u00e9s au cours des guerres pr\u00e9c\u00e9dentes, personne n&rsquo;avait su pr\u00e9voir l&rsquo;ampleur, ni la dur\u00e9e ni le co\u00fbt de la guerre des tranch\u00e9es qui en [&hellip;]<\/p>\n","protected":false},"author":1,"featured_media":195,"parent":200,"menu_order":1,"comment_status":"open","ping_status":"open","template":"single-history.php","meta":{"footnotes":""},"_links":{"self":[{"href":"https:\/\/www.museedelaguerre.ca\/premiereguerremondiale\/wp-json\/wp\/v2\/pages\/204"}],"collection":[{"href":"https:\/\/www.museedelaguerre.ca\/premiereguerremondiale\/wp-json\/wp\/v2\/pages"}],"about":[{"href":"https:\/\/www.museedelaguerre.ca\/premiereguerremondiale\/wp-json\/wp\/v2\/types\/page"}],"author":[{"embeddable":true,"href":"https:\/\/www.museedelaguerre.ca\/premiereguerremondiale\/wp-json\/wp\/v2\/users\/1"}],"replies":[{"embeddable":true,"href":"https:\/\/www.museedelaguerre.ca\/premiereguerremondiale\/wp-json\/wp\/v2\/comments?post=204"}],"version-history":[{"count":4,"href":"https:\/\/www.museedelaguerre.ca\/premiereguerremondiale\/wp-json\/wp\/v2\/pages\/204\/revisions"}],"predecessor-version":[{"id":3372,"href":"https:\/\/www.museedelaguerre.ca\/premiereguerremondiale\/wp-json\/wp\/v2\/pages\/204\/revisions\/3372"}],"up":[{"embeddable":true,"href":"https:\/\/www.museedelaguerre.ca\/premiereguerremondiale\/wp-json\/wp\/v2\/pages\/200"}],"wp:featuredmedia":[{"embeddable":true,"href":"https:\/\/www.museedelaguerre.ca\/premiereguerremondiale\/wp-json\/wp\/v2\/media\/195"}],"wp:attachment":[{"href":"https:\/\/www.museedelaguerre.ca\/premiereguerremondiale\/wp-json\/wp\/v2\/media?parent=204"}],"curies":[{"name":"wp","href":"https:\/\/api.w.org\/{rel}","templated":true}]}}