{"id":202,"date":"2014-07-17T12:36:12","date_gmt":"2014-07-17T12:36:12","guid":{"rendered":"https:\/\/www.museedelaguerre.ca\/premiere-guerre-mondial\/?page_id=202"},"modified":"2015-03-26T19:01:01","modified_gmt":"2015-03-26T19:01:01","slug":"raids-dans-les-tranchees","status":"publish","type":"page","link":"https:\/\/www.museedelaguerre.ca\/premiereguerremondiale\/histoire\/batailles-et-combats\/la-guerre-sur-terre\/raids-dans-les-tranchees\/","title":{"rendered":"Raids dans les tranch\u00e9es"},"content":{"rendered":"<p class=\"excerpt\">L&rsquo;impasse des tranch\u00e9es \u00e9tait bris\u00e9e par de vastes offensives occasionnelles et par des bombardements, des tirs et des raids constants. Ces attaques \u00e0 travers le no man&rsquo;s land et \u00e0 l&rsquo;int\u00e9rieur des lignes ennemies pouvaient se r\u00e9sumer \u00e0 de modestes op\u00e9rations men\u00e9es par une poign\u00e9e de soldats pour recueillir des renseignements ou capturer des prisonniers, ou \u00eatre des op\u00e9rations complexes auxquelles participaient l&rsquo;artillerie, l&rsquo;aviation, le g\u00e9nie et plusieurs centaines de soldats.<\/p>\n<h2>Dangereuses patrouilles nocturnes<\/h2>\n<p>Les patrouilles de nuit dans le no man&rsquo;s land offraient un d\u00e9rivatif \u00e0 l&rsquo;ennui et \u00e0 la tension oppressante de la vie dans les tranch\u00e9es, mais exigeaient en revanche un effort physique important et comportaient des risques \u00e9lev\u00e9s d&rsquo;\u00eatre bless\u00e9, tu\u00e9 ou captur\u00e9. Des combats d\u00e9sesp\u00e9r\u00e9s \u00e9clataient parfois lorsque des patrouilles se rencontraient, tandis que les sentinelles ennemies, si elles prenaient conscience de la pr\u00e9sence d&rsquo;une patrouille, pouvaient lancer des fus\u00e9es \u00e9clairantes pour \u00e9clairer la sc\u00e8ne, lesquelles seraient suivies par des tirs d&rsquo;armes de petit calibre, de mitrailleuses et d&rsquo;artillerie.<\/p>\n<h2>Les raids deviennent des batailles miniatures<\/h2>\n<p>Les raids plus complexes et de plus grande envergure ressemblaient davantage \u00e0 des mini-combats d\u00e9lib\u00e9r\u00e9s qu&rsquo;aux patrouilles de nuit qui avaient caract\u00e9ris\u00e9 les premi\u00e8res ann\u00e9es de la guerre. Ils n\u00e9cessitaient une planification et une pr\u00e9paration minutieuses ainsi que la coordination du d\u00e9tachement d&rsquo;assaut avec les mitrailleurs et l&rsquo;artillerie.<\/p>\n<h2>Raid canadien r\u00e9ussi \u00e0 la ferme Petite Douve<\/h2>\n<p>Les raids n&rsquo;\u00e9taient pas tous de petite envergure. En novembre 1915, les Canadiens lanc\u00e8rent un vaste raid audacieux au cours duquel de nombreux Allemands furent tu\u00e9s et captur\u00e9s \u00e0 la ferme appel\u00e9e Petite Douve. Ce raid et d&rsquo;autres op\u00e9rations valurent aux Canadiens une r\u00e9putation d&rsquo;opini\u00e2tret\u00e9 au combat au cours des raids, mais ils continu\u00e8rent n\u00e9anmoins \u00e0 subir de lourdes pertes.<\/p>\n<h2>Les raids\u00a0: succ\u00e8s ou \u00e9checs ?<\/h2>\n<p>Les raids de tranch\u00e9es am\u00e9lioraient les tactiques d&rsquo;infanterie et, selon nombre d&rsquo;officiers, maintenaient les soldats en \u00e9tat d&rsquo;alerte, et maintenaient la vigilance, la motivation et l&rsquo;agressivit\u00e9 des troupes. Le simple soldat voyait souvent les raids diff\u00e9remment, comme quelque chose de terrifiant et d&rsquo;inutile qui causait en g\u00e9n\u00e9ral de lourdes pertes, souvent parmi les meilleurs soldats de l&rsquo;unit\u00e9.<\/p>\n<h3>Poursuivez votre exploration avec ces sujets :<\/h3>\n<ul class=\"related\">\n<li><a href=\"\/premiereguerremondiale\/histoire\/batailles-et-combats\/armes-terrestres\/armes-des-tranchees\/\">Armes des tranch\u00e9es<\/a><\/li>\n<li><a href=\"\/premiereguerremondiale\/histoire\/la-vie-au-front\/les-conditions-dans-les-tranchees\/les-effets-dun-mauvais-moral\/\">Les effets d&rsquo;un mauvais moral<\/a><\/li>\n<li><a href=\"\/premiereguerremondiale\/histoire\/batailles-et-combats\/batailles-terrestres\/crete-de-vimy\/\">Cr\u00eate de Vimy<\/a><\/li>\n<\/ul>\n","protected":false},"excerpt":{"rendered":"<p>L&rsquo;impasse des tranch\u00e9es \u00e9tait bris\u00e9e par de vastes offensives occasionnelles et par des bombardements, des tirs et des raids constants. Ces attaques \u00e0 travers le no man&rsquo;s land et \u00e0 l&rsquo;int\u00e9rieur des lignes ennemies pouvaient se r\u00e9sumer \u00e0 de modestes op\u00e9rations men\u00e9es par une poign\u00e9e de soldats pour recueillir des renseignements ou capturer des prisonniers, [&hellip;]<\/p>\n","protected":false},"author":1,"featured_media":198,"parent":200,"menu_order":0,"comment_status":"open","ping_status":"open","template":"single-history.php","meta":{"footnotes":""},"_links":{"self":[{"href":"https:\/\/www.museedelaguerre.ca\/premiereguerremondiale\/wp-json\/wp\/v2\/pages\/202"}],"collection":[{"href":"https:\/\/www.museedelaguerre.ca\/premiereguerremondiale\/wp-json\/wp\/v2\/pages"}],"about":[{"href":"https:\/\/www.museedelaguerre.ca\/premiereguerremondiale\/wp-json\/wp\/v2\/types\/page"}],"author":[{"embeddable":true,"href":"https:\/\/www.museedelaguerre.ca\/premiereguerremondiale\/wp-json\/wp\/v2\/users\/1"}],"replies":[{"embeddable":true,"href":"https:\/\/www.museedelaguerre.ca\/premiereguerremondiale\/wp-json\/wp\/v2\/comments?post=202"}],"version-history":[{"count":4,"href":"https:\/\/www.museedelaguerre.ca\/premiereguerremondiale\/wp-json\/wp\/v2\/pages\/202\/revisions"}],"predecessor-version":[{"id":3371,"href":"https:\/\/www.museedelaguerre.ca\/premiereguerremondiale\/wp-json\/wp\/v2\/pages\/202\/revisions\/3371"}],"up":[{"embeddable":true,"href":"https:\/\/www.museedelaguerre.ca\/premiereguerremondiale\/wp-json\/wp\/v2\/pages\/200"}],"wp:featuredmedia":[{"embeddable":true,"href":"https:\/\/www.museedelaguerre.ca\/premiereguerremondiale\/wp-json\/wp\/v2\/media\/198"}],"wp:attachment":[{"href":"https:\/\/www.museedelaguerre.ca\/premiereguerremondiale\/wp-json\/wp\/v2\/media?parent=202"}],"curies":[{"name":"wp","href":"https:\/\/api.w.org\/{rel}","templated":true}]}}