{"id":200,"date":"2014-07-17T12:24:44","date_gmt":"2014-07-17T12:24:44","guid":{"rendered":"https:\/\/www.museedelaguerre.ca\/premiere-guerre-mondial\/?page_id=200"},"modified":"2014-07-17T12:24:51","modified_gmt":"2014-07-17T12:24:51","slug":"la-guerre-sur-terre","status":"publish","type":"page","link":"https:\/\/www.museedelaguerre.ca\/premiereguerremondiale\/histoire\/batailles-et-combats\/la-guerre-sur-terre\/","title":{"rendered":"La guerre sur terre"},"content":{"rendered":"<p>Les arm\u00e9es et les soldats cherchaient constamment des solutions aux probl\u00e8mes pos\u00e9s par la guerre. Apprenez-en davantage sur les tactiques militaires et le ravitaillement d&rsquo;arm\u00e9es d&rsquo;envergure.<\/p>\n","protected":false},"excerpt":{"rendered":"<p>Les arm\u00e9es et les soldats cherchaient constamment des solutions aux probl\u00e8mes pos\u00e9s par la guerre. Apprenez-en davantage sur les tactiques militaires et le ravitaillement d&rsquo;arm\u00e9es d&rsquo;envergure.<\/p>\n","protected":false},"author":1,"featured_media":196,"parent":111,"menu_order":2,"comment_status":"open","ping_status":"open","template":"listing-history.php","meta":{"footnotes":""},"_links":{"self":[{"href":"https:\/\/www.museedelaguerre.ca\/premiereguerremondiale\/wp-json\/wp\/v2\/pages\/200"}],"collection":[{"href":"https:\/\/www.museedelaguerre.ca\/premiereguerremondiale\/wp-json\/wp\/v2\/pages"}],"about":[{"href":"https:\/\/www.museedelaguerre.ca\/premiereguerremondiale\/wp-json\/wp\/v2\/types\/page"}],"author":[{"embeddable":true,"href":"https:\/\/www.museedelaguerre.ca\/premiereguerremondiale\/wp-json\/wp\/v2\/users\/1"}],"replies":[{"embeddable":true,"href":"https:\/\/www.museedelaguerre.ca\/premiereguerremondiale\/wp-json\/wp\/v2\/comments?post=200"}],"version-history":[{"count":1,"href":"https:\/\/www.museedelaguerre.ca\/premiereguerremondiale\/wp-json\/wp\/v2\/pages\/200\/revisions"}],"predecessor-version":[{"id":201,"href":"https:\/\/www.museedelaguerre.ca\/premiereguerremondiale\/wp-json\/wp\/v2\/pages\/200\/revisions\/201"}],"up":[{"embeddable":true,"href":"https:\/\/www.museedelaguerre.ca\/premiereguerremondiale\/wp-json\/wp\/v2\/pages\/111"}],"wp:featuredmedia":[{"embeddable":true,"href":"https:\/\/www.museedelaguerre.ca\/premiereguerremondiale\/wp-json\/wp\/v2\/media\/196"}],"wp:attachment":[{"href":"https:\/\/www.museedelaguerre.ca\/premiereguerremondiale\/wp-json\/wp\/v2\/media?parent=200"}],"curies":[{"name":"wp","href":"https:\/\/api.w.org\/{rel}","templated":true}]}}