{"id":191,"date":"2014-07-16T20:48:38","date_gmt":"2014-07-16T20:48:38","guid":{"rendered":"https:\/\/www.museedelaguerre.ca\/premiere-guerre-mondial\/?page_id=191"},"modified":"2015-03-26T14:37:16","modified_gmt":"2015-03-26T14:37:16","slug":"armes-a-feu","status":"publish","type":"page","link":"https:\/\/www.museedelaguerre.ca\/premiereguerremondiale\/histoire\/batailles-et-combats\/armes-terrestres\/armes-a-feu\/","title":{"rendered":"Armes \u00e0 feu"},"content":{"rendered":"<p class=\"excerpt\">Dans toutes les arm\u00e9es importantes au d\u00e9but du XXe\u00a0si\u00e8cle, l&rsquo;infanterie \u00e9tait \u00e9quip\u00e9e de fusils \u00e0 verrou. Le chargeur contenant les balles, la fiabilit\u00e9 des munitions et la port\u00e9e plus grande rendaient ces armes redoutables entre les mains de fantassins bien entra\u00een\u00e9s.<\/p>\n<h2>Probl\u00e8mes avec le fusil Ross canadien<\/h2>\n<p>Les troupes r\u00e9guli\u00e8res britanniques \u00e9taient c\u00e9l\u00e8bres pour leur capacit\u00e9 de tirer 15 coups par minute avec le fusil Lee-Enfield. Les Canadiens s&rsquo;entra\u00een\u00e8rent pour tenter d&rsquo;atteindre cette m\u00eame cadence de tir, mais ils \u00e9taient \u00e9quip\u00e9s du fusil Ross de fabrication canadienne. Parfait pour la chasse, le Ross n&rsquo;\u00e9tait pas suffisamment robuste pour une utilisation r\u00e9guli\u00e8re dans les tranch\u00e9es. Il avait \u00e9galement tendance \u00e0 s&rsquo;enrayer apr\u00e8s un tir rapide, tendance accrue par l&rsquo;utilisation des munitions de qualit\u00e9 in\u00e9gale produites par les Britanniques.<\/p>\n<h2>Adoption du Lee-Enfield britannique<\/h2>\n<p>Apr\u00e8s des plaintes de l&rsquo;infanterie, dont de nombreux membres s&rsquo;\u00e9taient d\u00e9barrass\u00e9s de leur fusil Ross au cours de la bataille pour le remplacer par un Lee-Enfield britannique, le Ross fut retir\u00e9 du service sur la ligne de front au milieu de 1916 et officiellement remplac\u00e9 par l&rsquo;arme britannique. Il continua d&rsquo;\u00eatre utilis\u00e9 par les tireurs d&rsquo;\u00e9lite et par certains centres d&rsquo;entra\u00eenement.<\/p>\n<p>Le remplacement du fusil Ross suscita la col\u00e8re des nationalistes canadiens, notamment de sir Sam Hugues, ministre de la Milice et de la D\u00e9fense, qui mettait ses d\u00e9fauts sur le compte des munitions britanniques. Le scandale du fusil Ross fut un dur coup pour le gouvernement et permit \u00e0 ses critiques d&rsquo;accuser Hugues en particulier et plus g\u00e9n\u00e9ralement l&rsquo;ensemble du gouvernement Borden de ne pas soutenir les troupes outre-mer.<\/p>\n<h2>Des armes petites mais efficaces<\/h2>\n<p>Bien que l&rsquo;artillerie et les mitrailleuses aient eu le premier r\u00f4le sur les champs de bataille de la Premi\u00e8re Guerre mondiale, l&rsquo;infanterie bien entra\u00een\u00e9e pouvait tout de m\u00eame lancer des tirs de suppression ou de destruction contre des cibles avan\u00e7ant \u00e0 d\u00e9couvert. Au cours de l&rsquo;attaque, les fantassins utilisaient souvent les ba\u00efonnettes fix\u00e9es \u00e0 leurs fusils et les grenades lanc\u00e9es au fusil \u00e9taient devenues d&rsquo;usage courant au d\u00e9but de 1916.<\/p>\n<h3>Poursuivez votre exploration avec ces sujets :<\/h3>\n<ul class=\"related\">\n<li><a href=\"\/premiereguerremondiale\/histoire\/les-gens\/leaders-canadiens\/sir-sam-hughes\/\">Sir Sam Hughes<\/a><\/li>\n<li><a href=\"\/premiereguerremondiale\/histoire\/lentree-en-guerre\/le-canada-entre-en-guerre\/entrainement-a-valcartier\/\">Entra\u00eenement \u00e0 Valcartier<\/a><\/li>\n<li><a href=\"\/premiereguerremondiale\/histoire\/la-vie-au-pays-pendant-la-guerre\/leconomie-de-guerre\/finances-et-production-de-guerre\/\">Finances et production de guerre<\/a><\/li>\n<\/ul>\n","protected":false},"excerpt":{"rendered":"<p>Dans toutes les arm\u00e9es importantes au d\u00e9but du XXe\u00a0si\u00e8cle, l&rsquo;infanterie \u00e9tait \u00e9quip\u00e9e de fusils \u00e0 verrou. Le chargeur contenant les balles, la fiabilit\u00e9 des munitions et la port\u00e9e plus grande rendaient ces armes redoutables entre les mains de fantassins bien entra\u00een\u00e9s. Probl\u00e8mes avec le fusil Ross canadien Les troupes r\u00e9guli\u00e8res britanniques \u00e9taient c\u00e9l\u00e8bres pour leur [&hellip;]<\/p>\n","protected":false},"author":1,"featured_media":176,"parent":160,"menu_order":6,"comment_status":"open","ping_status":"open","template":"single-history.php","meta":{"footnotes":""},"_links":{"self":[{"href":"https:\/\/www.museedelaguerre.ca\/premiereguerremondiale\/wp-json\/wp\/v2\/pages\/191"}],"collection":[{"href":"https:\/\/www.museedelaguerre.ca\/premiereguerremondiale\/wp-json\/wp\/v2\/pages"}],"about":[{"href":"https:\/\/www.museedelaguerre.ca\/premiereguerremondiale\/wp-json\/wp\/v2\/types\/page"}],"author":[{"embeddable":true,"href":"https:\/\/www.museedelaguerre.ca\/premiereguerremondiale\/wp-json\/wp\/v2\/users\/1"}],"replies":[{"embeddable":true,"href":"https:\/\/www.museedelaguerre.ca\/premiereguerremondiale\/wp-json\/wp\/v2\/comments?post=191"}],"version-history":[{"count":4,"href":"https:\/\/www.museedelaguerre.ca\/premiereguerremondiale\/wp-json\/wp\/v2\/pages\/191\/revisions"}],"predecessor-version":[{"id":3367,"href":"https:\/\/www.museedelaguerre.ca\/premiereguerremondiale\/wp-json\/wp\/v2\/pages\/191\/revisions\/3367"}],"up":[{"embeddable":true,"href":"https:\/\/www.museedelaguerre.ca\/premiereguerremondiale\/wp-json\/wp\/v2\/pages\/160"}],"wp:featuredmedia":[{"embeddable":true,"href":"https:\/\/www.museedelaguerre.ca\/premiereguerremondiale\/wp-json\/wp\/v2\/media\/176"}],"wp:attachment":[{"href":"https:\/\/www.museedelaguerre.ca\/premiereguerremondiale\/wp-json\/wp\/v2\/media?parent=191"}],"curies":[{"name":"wp","href":"https:\/\/api.w.org\/{rel}","templated":true}]}}