{"id":189,"date":"2014-07-16T20:38:24","date_gmt":"2014-07-16T20:38:24","guid":{"rendered":"https:\/\/www.museedelaguerre.ca\/premiere-guerre-mondial\/?page_id=189"},"modified":"2015-03-26T14:36:16","modified_gmt":"2015-03-26T14:36:16","slug":"gaz-toxiques","status":"publish","type":"page","link":"https:\/\/www.museedelaguerre.ca\/premiereguerremondiale\/histoire\/batailles-et-combats\/armes-terrestres\/gaz-toxiques\/","title":{"rendered":"Gaz toxiques"},"content":{"rendered":"<p class=\"excerpt\">Ce sont les Allemands qui utilis\u00e8rent pour la premi\u00e8re fois \u00e0 grande \u00e9chelle des gaz toxiques mortels. Ce fut le 22 avril 1915, au cours de la deuxi\u00e8me bataille d&rsquo;Ypres.<\/p>\n<h2>Cons\u00e9quences du gazage \u00e0 Ypres<\/h2>\n<p>\u00c0 Ypres, en Belgique, les Allemands avaient transport\u00e9 du chlore liquide vers le front dans de grandes bo\u00eetes en m\u00e9tal. Le vent soufflant au-dessus des lignes fran\u00e7aises et canadiennes le 22 avril, ils d\u00e9gag\u00e8rent le gaz, qui se refroidit pour se liqu\u00e9fier et d\u00e9riva au-dessus du champ de bataille en un nuage mortel vert-jaune. Le gaz fit son effet, mais, alors que certains soldats s&rsquo;enfuirent pris de panique, les Canadiens tinrent bon. Apr\u00e8s plusieurs jours de combats violents et chaotiques, la position d&rsquo;Ypres demeura aux mains des Alli\u00e9s.<\/p>\n<h2>R\u00e9ponse au gaz<\/h2>\n<p>Avec l&rsquo;introduction du gaz toxique, beaucoup de contemporains craignaient que les Allemands n&rsquo;aient d\u00e9couvert une arme qui leur permettrait de gagner la guerre. Mais l&rsquo;introduction de masques \u00e0 gaz de plus en plus efficaces et d&rsquo;autres pr\u00e9cautions contribu\u00e8rent \u00e0 annihiler l&rsquo;avantage allemand. Les Britanniques r\u00e9pondirent avec leurs propres attaques au gaz en septembre 1915, mais un changement de la direction du vent entra\u00eena la mort de plus de 2000 soldats britanniques qui furent gaz\u00e9s par leurs propres produits chimiques.<\/p>\n<h2>Combats sur le champ de bataille chimique<\/h2>\n<p>Des gaz plus mortels et des syst\u00e8mes de diffusion plus fiables furent introduits plus tard pendant la guerre. En 1917, des obus chimiques, des projecteurs et des mortiers purent d\u00e9poser de denses barrages gazeux sur les lignes ennemies, ou derri\u00e8re elles sur des routes d&rsquo;approvisionnement, des tranch\u00e9es de r\u00e9serve ou des batteries de tir. Le phosg\u00e8ne, introduit \u00e0 la fin de 1915, \u00e9tait presque invisible et beaucoup plus mortel que le chlore. Les Allemands lib\u00e9r\u00e8rent du gaz moutarde \u00e0 l&rsquo;\u00e9t\u00e9 1917. Il attaquait la peau et aveuglait ses victimes, ce qui rendait inefficaces les masques \u00e0 gaz et les respirateurs existants.<\/p>\n<p>Au moment de l&rsquo;Armistice, les obus chimiques constituaient 35 pour cent des munitions chez les Fran\u00e7ais et les Allemands, 25 pour cent chez les Britanniques et 20 pour cent chez les Am\u00e9ricains. Au cours de la derni\u00e8re ann\u00e9e de la guerre, des soldats de toutes les arm\u00e9es se battirent \u00e0 travers les champs de bataille souvent \u00e9touff\u00e9s par le gaz. Il y eut approximativement un million de pertes dues au gaz dans l&rsquo;ensemble des arm\u00e9es pendant la guerre, dont 12\u00a0000 Canadiens. Beaucoup de soldats ne firent jamais \u00e9tat de leurs multiples gazages mineurs, lesquels n&rsquo;\u00e9taient pas imm\u00e9diatement d\u00e9bilitants. Souffrant plus tard de maladies et d&rsquo;incapacit\u00e9s provoqu\u00e9es par des produits chimiques, ils luttaient parfois en vain pour faire approuver leurs r\u00e9clamations m\u00e9dicales, ayant n\u00e9glig\u00e9 de documenter leurs blessures \u00e0 l&rsquo;\u00e9poque.<\/p>\n<h3>Poursuivez votre exploration avec ces sujets :<\/h3>\n<ul class=\"related\">\n<li><a href=\"\/premiereguerremondiale\/histoire\/batailles-et-combats\/batailles-terrestres\/deuxieme-bataille-dypres\/\">Deuxi\u00e8me bataille d&rsquo;Ypres<\/a><\/li>\n<li><a href=\"\/premiereguerremondiale\/histoire\/les-gens\/en-uniforme\/les-infirmieres\/\">Les infirmi\u00e8res<\/a><\/li>\n<li><a href=\"\/premiereguerremondiale\/histoire\/batailles-et-combats\/armes-terrestres\/artillerie-et-mortiers\/\">Artillerie et mortiers<\/a><\/li>\n<\/ul>\n","protected":false},"excerpt":{"rendered":"<p>Ce sont les Allemands qui utilis\u00e8rent pour la premi\u00e8re fois \u00e0 grande \u00e9chelle des gaz toxiques mortels. Ce fut le 22 avril 1915, au cours de la deuxi\u00e8me bataille d&rsquo;Ypres. Cons\u00e9quences du gazage \u00e0 Ypres \u00c0 Ypres, en Belgique, les Allemands avaient transport\u00e9 du chlore liquide vers le front dans de grandes bo\u00eetes en m\u00e9tal. [&hellip;]<\/p>\n","protected":false},"author":1,"featured_media":175,"parent":160,"menu_order":5,"comment_status":"open","ping_status":"open","template":"single-history.php","meta":{"footnotes":""},"_links":{"self":[{"href":"https:\/\/www.museedelaguerre.ca\/premiereguerremondiale\/wp-json\/wp\/v2\/pages\/189"}],"collection":[{"href":"https:\/\/www.museedelaguerre.ca\/premiereguerremondiale\/wp-json\/wp\/v2\/pages"}],"about":[{"href":"https:\/\/www.museedelaguerre.ca\/premiereguerremondiale\/wp-json\/wp\/v2\/types\/page"}],"author":[{"embeddable":true,"href":"https:\/\/www.museedelaguerre.ca\/premiereguerremondiale\/wp-json\/wp\/v2\/users\/1"}],"replies":[{"embeddable":true,"href":"https:\/\/www.museedelaguerre.ca\/premiereguerremondiale\/wp-json\/wp\/v2\/comments?post=189"}],"version-history":[{"count":4,"href":"https:\/\/www.museedelaguerre.ca\/premiereguerremondiale\/wp-json\/wp\/v2\/pages\/189\/revisions"}],"predecessor-version":[{"id":3366,"href":"https:\/\/www.museedelaguerre.ca\/premiereguerremondiale\/wp-json\/wp\/v2\/pages\/189\/revisions\/3366"}],"up":[{"embeddable":true,"href":"https:\/\/www.museedelaguerre.ca\/premiereguerremondiale\/wp-json\/wp\/v2\/pages\/160"}],"wp:featuredmedia":[{"embeddable":true,"href":"https:\/\/www.museedelaguerre.ca\/premiereguerremondiale\/wp-json\/wp\/v2\/media\/175"}],"wp:attachment":[{"href":"https:\/\/www.museedelaguerre.ca\/premiereguerremondiale\/wp-json\/wp\/v2\/media?parent=189"}],"curies":[{"name":"wp","href":"https:\/\/api.w.org\/{rel}","templated":true}]}}