{"id":187,"date":"2014-07-16T20:31:37","date_gmt":"2014-07-16T20:31:37","guid":{"rendered":"https:\/\/www.museedelaguerre.ca\/premiere-guerre-mondial\/?page_id=187"},"modified":"2015-03-26T14:35:20","modified_gmt":"2015-03-26T14:35:20","slug":"mitrailleuses","status":"publish","type":"page","link":"https:\/\/www.museedelaguerre.ca\/premiereguerremondiale\/histoire\/batailles-et-combats\/armes-terrestres\/mitrailleuses\/","title":{"rendered":"Mitrailleuses"},"content":{"rendered":"<p class=\"excerpt\">Tirant plusieurs centaines de balles par minute, les mitrailleuses \u00e9taient des armes d\u00e9vastatrices, particuli\u00e8rement contre des troupes ennemies en terrain d\u00e9couvert.<\/p>\n<h2>Doutes initiaux<\/h2>\n<p>Les mitrailleuses existaient un demi-si\u00e8cle avant la Premi\u00e8re Guerre mondiale et elles \u00e9taient abondamment utilis\u00e9es en 1914, mais des doutes quant \u00e0 leur r\u00f4le et leur efficacit\u00e9 limitaient leur emploi dans la plupart des arm\u00e9es avant-guerre. La plupart des mitrailleuses du d\u00e9but de la guerre \u00e9taient lourdes et relativement immobiles, exigeant une \u00e9quipe de soldats.<\/p>\n<h2>Une arme dominante<\/h2>\n<p>Au d\u00e9but, seuls les Allemands appr\u00e9ciaient la puissance des mitrailleuses utilis\u00e9es pour se d\u00e9fendre depuis des positions pr\u00e9par\u00e9es avec des champs de tir se chevauchant. Toutes les arm\u00e9es se persuaderaient bient\u00f4t de leur utilit\u00e9, les mitrailleuses, peut-\u00eatre plus que toute autre arme, obligeant les soldats \u00e0 se retirer du champ de bataille pour gagner les tranch\u00e9es, les abris et les fortifications relativement s\u00fbrs. Surmonter l&rsquo;impasse cr\u00e9\u00e9e par la domination de la puissance de feu serait le d\u00e9fi des arm\u00e9es pendant le reste de la guerre.<\/p>\n<h2>Mitrailleuses canadiennes<\/h2>\n<p>Les Canadiens se rendirent outre-mer avec seulement quatre mitrailleuses Colt dans chaque bataillon d&rsquo;infanterie. La Colt \u00e9tait une bonne arme, mais elle avait tendance \u00e0 s&rsquo;enrayer apr\u00e8s des tirs rapides. Elle fut remplac\u00e9e en 1916 par la Vickers, une arme plus lourde et plus fiable. L&rsquo;\u00e9quivalent allemand \u00e9tait la MG 08 Maxim, avec un \u00e9quipage de cinq soldats.<\/p>\n<h2>Distinction entre mitrailleuses lourdes et l\u00e9g\u00e8res<\/h2>\n<p>Les mitrailleuses lourdes furent plus tard retir\u00e9es des bataillons d&rsquo;infanterie et regroup\u00e9es dans des unit\u00e9s de mitrailleuses pour centraliser la puissance de feu. Elles tiraient souvent des barrages indirects contre les lignes ennemies ou des positions fixes telles que des carrefours ou des tranch\u00e9es d&rsquo;approvisionnement. Les unit\u00e9s d&rsquo;infanterie re\u00e7urent un nombre croissant de mitrailleuses l\u00e9g\u00e8res Lewis, qui pouvaient \u00eatre transport\u00e9es par un seul soldat et tirer un chargeur-tambour de 47 cartouches. Les munitions \u00e9taient transport\u00e9es par un second membre, mais au cours d&rsquo;une bataille, deux ou trois autres membres de l&rsquo;\u00e9quipe pouvaient veiller \u00e0 ce qu&rsquo;il y ait assez de munitions. La mitrailleuse Lewis augmentait consid\u00e9rablement la puissance de feu de l&rsquo;infanterie au cours d&rsquo;une attaque, laquelle pouvait encore \u00eatre appuy\u00e9e par le tir group\u00e9 d&rsquo;armes lourdes.<\/p>\n<p>Dans le Corps canadien et dans toutes les arm\u00e9es, on employa tout au long de la guerre des mitrailleuses plus nombreuses et meilleures, et on mit au point des techniques plus sophistiqu\u00e9es pour leur utilisation. La mitrailleuse demeura une arme dominante sur le champ de bataille.<\/p>\n<h3>Poursuivez votre exploration avec ces sujets :<\/h3>\n<ul class=\"related\">\n<li><a href=\"\/premiereguerremondiale\/histoire\/batailles-et-combats\/batailles-terrestres\/la-somme\/\">La Somme<\/a><\/li>\n<li><a href=\"\/premiereguerremondiale\/histoire\/batailles-et-combats\/la-guerre-sur-terre\/mettre-fin-a-limpasse-dans-les-tranchees\/\">Mettre fin \u00e0 l\u2019impasse dans les tranch\u00e9es<\/a><\/li>\n<li><a href=\"\/premiereguerremondiale\/histoire\/la-vie-au-front\/les-conditions-dans-les-tranchees\/la-vie-quotidienne-dans-les-tranchees\/\">La vie quotidienne dans les tranch\u00e9es<\/a><\/li>\n<\/ul>\n","protected":false},"excerpt":{"rendered":"<p>Tirant plusieurs centaines de balles par minute, les mitrailleuses \u00e9taient des armes d\u00e9vastatrices, particuli\u00e8rement contre des troupes ennemies en terrain d\u00e9couvert. Doutes initiaux Les mitrailleuses existaient un demi-si\u00e8cle avant la Premi\u00e8re Guerre mondiale et elles \u00e9taient abondamment utilis\u00e9es en 1914, mais des doutes quant \u00e0 leur r\u00f4le et leur efficacit\u00e9 limitaient leur emploi dans la [&hellip;]<\/p>\n","protected":false},"author":1,"featured_media":170,"parent":160,"menu_order":4,"comment_status":"open","ping_status":"open","template":"single-history.php","meta":{"footnotes":""},"_links":{"self":[{"href":"https:\/\/www.museedelaguerre.ca\/premiereguerremondiale\/wp-json\/wp\/v2\/pages\/187"}],"collection":[{"href":"https:\/\/www.museedelaguerre.ca\/premiereguerremondiale\/wp-json\/wp\/v2\/pages"}],"about":[{"href":"https:\/\/www.museedelaguerre.ca\/premiereguerremondiale\/wp-json\/wp\/v2\/types\/page"}],"author":[{"embeddable":true,"href":"https:\/\/www.museedelaguerre.ca\/premiereguerremondiale\/wp-json\/wp\/v2\/users\/1"}],"replies":[{"embeddable":true,"href":"https:\/\/www.museedelaguerre.ca\/premiereguerremondiale\/wp-json\/wp\/v2\/comments?post=187"}],"version-history":[{"count":3,"href":"https:\/\/www.museedelaguerre.ca\/premiereguerremondiale\/wp-json\/wp\/v2\/pages\/187\/revisions"}],"predecessor-version":[{"id":3365,"href":"https:\/\/www.museedelaguerre.ca\/premiereguerremondiale\/wp-json\/wp\/v2\/pages\/187\/revisions\/3365"}],"up":[{"embeddable":true,"href":"https:\/\/www.museedelaguerre.ca\/premiereguerremondiale\/wp-json\/wp\/v2\/pages\/160"}],"wp:featuredmedia":[{"embeddable":true,"href":"https:\/\/www.museedelaguerre.ca\/premiereguerremondiale\/wp-json\/wp\/v2\/media\/170"}],"wp:attachment":[{"href":"https:\/\/www.museedelaguerre.ca\/premiereguerremondiale\/wp-json\/wp\/v2\/media?parent=187"}],"curies":[{"name":"wp","href":"https:\/\/api.w.org\/{rel}","templated":true}]}}