{"id":183,"date":"2014-07-16T20:18:00","date_gmt":"2014-07-16T20:18:00","guid":{"rendered":"https:\/\/www.museedelaguerre.ca\/premiere-guerre-mondial\/?page_id=183"},"modified":"2015-03-26T14:31:07","modified_gmt":"2015-03-26T14:31:07","slug":"mines-souterraines","status":"publish","type":"page","link":"https:\/\/www.museedelaguerre.ca\/premiereguerremondiale\/histoire\/batailles-et-combats\/armes-terrestres\/mines-souterraines\/","title":{"rendered":"Mines souterraines"},"content":{"rendered":"<p class=\"excerpt\">La guerre de si\u00e8ge qui caract\u00e9risait le front occidental vit la r\u00e9introduction de nombre de m\u00e9thodes plus anciennes de combat, dont l&rsquo;utilisation de mines souterraines pour d\u00e9truire les fortifications.<\/p>\n<h2>Trouver de la place pour man\u0153uvrer<\/h2>\n<p>Les lignes de tranch\u00e9es pr\u00e9sentes de la Suisse \u00e0 la mer du Nord ne laissaient gu\u00e8re de place aux arm\u00e9es pour man\u0153uvrer, et la puissance mortelle des armes modernes rendait les attaques de front difficiles et co\u00fbteuses. S&rsquo;il \u00e9tait impossible de contourner ou de franchir les positions d&rsquo;ennemis prot\u00e9g\u00e9s par des tranch\u00e9es et constamment en \u00e9tat d&rsquo;alerte, pouvait-on an\u00e9antir leurs d\u00e9fenses par en dessous?<\/p>\n<p>Cette technique consistant \u00e0 creuser sous la tranch\u00e9e ou le mur d&rsquo;un ennemi pour passer au-del\u00e0, ou pour utiliser des explosifs en vue de les d\u00e9truire, datait de plusieurs si\u00e8cles. Mais on l&rsquo;utilisait g\u00e9n\u00e9ralement dans les guerres de si\u00e8ge en bonne et due forme, contre les murs ou les fortifications des villes, et rarement contre des arm\u00e9es de campagne.<\/p>\n<h2>Les mines souterraines arrivent sur le champ de bataille<\/h2>\n<p>La guerre des tranch\u00e9es vit l&rsquo;adoption par les arm\u00e9es de campagne de la pose de mines souterraines.<\/p>\n<p>Des compagnies sp\u00e9cialis\u00e9es dans la pose de mines creusaient des tunnels sous les tranch\u00e9es ennemies afin de poser des charges explosives et de faire sauter la position. Ces op\u00e9rations pouvaient durer des mois et souvent elles avaient lieu conjointement avec des incursions ou des op\u00e9rations offensives \u00e0 grande \u00e9chelle.<\/p>\n<h2>Les mineurs exp\u00e9riment\u00e9s du Canada<\/h2>\n<p>Le Canada leva quatre compagnies de sapeurs-mineurs dont trois servirent au front. Les compagnies canadiennes de sapeurs-mineurs servirent avec des formations britanniques sous le Controller of Mines au quartier g\u00e9n\u00e9ral principal. \u00c0 l&rsquo;\u00e9t\u00e9 1918, deux des trois compagnies (la troisi\u00e8me continua \u00e0 servir avec les Britanniques) furent dispers\u00e9es, 1100 sapeurs-mineurs \u00e9tant redistribu\u00e9s \u00e0 travers les bataillons de g\u00e9nie du Corps canadien.<\/p>\n<h2>Mines et batailles souterraines<\/h2>\n<p>La plupart des mineurs des champs de bataille avaient \u00e9t\u00e9 mineurs ou ing\u00e9nieurs dans la vie civile et connaissaient bien cette activit\u00e9 dangereuse qui se caract\u00e9risait par le travail dans des milieux clos et sombres. Les mineurs essayaient de travailler en silence de peur d&rsquo;\u00eatre entendus par les troupes ennemies, mais il y eut \u00e0 l&rsquo;occasion des batailles souterraines violentes quand deux groupes de mineurs se rencontraient, ou quand des tunnels d\u00e9bouchaient sur une position ennemie. Les mineurs travaillaient aussi souvent les uns contre les autres, posant des explosifs dans l&rsquo;espoir de tomber dans des tunnels ennemis.<\/p>\n<h3>Poursuivez votre exploration avec ces sujets :<\/h3>\n<ul class=\"related\">\n<li><a href=\"\/premiereguerremondiale\/histoire\/batailles-et-combats\/batailles-terrestres\/crete-de-vimy\/\">Cr\u00eate de Vimy<\/a><\/li>\n<li><a href=\"\/premiereguerremondiale\/histoire\/batailles-et-combats\/batailles-terrestres\/saint-eloi\/\">Saint-\u00c9loi<\/a><\/li>\n<li><a href=\"\/premiereguerremondiale\/histoire\/lentree-en-guerre\/origines-et-premieres-phases\/le-debut-de-la-guerre-des-tranchees\/\">Le d\u00e9but de la guerre des tranch\u00e9es<\/a><\/li>\n<\/ul>\n","protected":false},"excerpt":{"rendered":"<p>La guerre de si\u00e8ge qui caract\u00e9risait le front occidental vit la r\u00e9introduction de nombre de m\u00e9thodes plus anciennes de combat, dont l&rsquo;utilisation de mines souterraines pour d\u00e9truire les fortifications. Trouver de la place pour man\u0153uvrer Les lignes de tranch\u00e9es pr\u00e9sentes de la Suisse \u00e0 la mer du Nord ne laissaient gu\u00e8re de place aux arm\u00e9es [&hellip;]<\/p>\n","protected":false},"author":1,"featured_media":174,"parent":160,"menu_order":2,"comment_status":"open","ping_status":"open","template":"single-history.php","meta":{"footnotes":""},"_links":{"self":[{"href":"https:\/\/www.museedelaguerre.ca\/premiereguerremondiale\/wp-json\/wp\/v2\/pages\/183"}],"collection":[{"href":"https:\/\/www.museedelaguerre.ca\/premiereguerremondiale\/wp-json\/wp\/v2\/pages"}],"about":[{"href":"https:\/\/www.museedelaguerre.ca\/premiereguerremondiale\/wp-json\/wp\/v2\/types\/page"}],"author":[{"embeddable":true,"href":"https:\/\/www.museedelaguerre.ca\/premiereguerremondiale\/wp-json\/wp\/v2\/users\/1"}],"replies":[{"embeddable":true,"href":"https:\/\/www.museedelaguerre.ca\/premiereguerremondiale\/wp-json\/wp\/v2\/comments?post=183"}],"version-history":[{"count":3,"href":"https:\/\/www.museedelaguerre.ca\/premiereguerremondiale\/wp-json\/wp\/v2\/pages\/183\/revisions"}],"predecessor-version":[{"id":3363,"href":"https:\/\/www.museedelaguerre.ca\/premiereguerremondiale\/wp-json\/wp\/v2\/pages\/183\/revisions\/3363"}],"up":[{"embeddable":true,"href":"https:\/\/www.museedelaguerre.ca\/premiereguerremondiale\/wp-json\/wp\/v2\/pages\/160"}],"wp:featuredmedia":[{"embeddable":true,"href":"https:\/\/www.museedelaguerre.ca\/premiereguerremondiale\/wp-json\/wp\/v2\/media\/174"}],"wp:attachment":[{"href":"https:\/\/www.museedelaguerre.ca\/premiereguerremondiale\/wp-json\/wp\/v2\/media?parent=183"}],"curies":[{"name":"wp","href":"https:\/\/api.w.org\/{rel}","templated":true}]}}