{"id":17,"date":"2014-07-14T17:31:15","date_gmt":"2014-07-14T17:31:15","guid":{"rendered":"https:\/\/www.museedelaguerre.ca\/premiere-guerre-mondial\/?page_id=17"},"modified":"2015-03-25T18:23:26","modified_gmt":"2015-03-25T18:23:26","slug":"les-combattants","status":"publish","type":"page","link":"https:\/\/www.museedelaguerre.ca\/premiereguerremondiale\/introduction\/les-combattants\/","title":{"rendered":"Les combattants"},"content":{"rendered":"<p class=\"excerpt\">La guerre a commenc\u00e9 en Europe, mais elle s&rsquo;est vite propag\u00e9e dans la plupart des autres parties du monde.<\/p>\n<p>Voici un bon nombre des pays qui ont particip\u00e9 \u00e0 la guerre. La date est soit celle de leur d\u00e9claration de guerre, ou le jour o\u00f9 ils ont commenc\u00e9 les hostilit\u00e9s sans d\u00e9claration officielle.<\/p>\n<h2>La Triple-Entente ou les Alli\u00e9s<\/h2>\n<ul>\n<li>Serbie (28 juillet 1914)<\/li>\n<li>Russie (1er\u00a0ao\u00fbt 1914)<\/li>\n<li>France (2 ao\u00fbt 1914)<\/li>\n<li>Grande-Bretagne (4 ao\u00fbt 1914)<\/li>\n<li>Dominions et colonies de l&rsquo;Empire britannique\u00a0(4 ao\u00fbt 1914) :\n<ul>\n<li>Afrique du Sud<\/li>\n<li>Australie<\/li>\n<li>Canada<\/li>\n<li>Inde<\/li>\n<li>Nouvelle-Z\u00e9lande<\/li>\n<li>Terre-Neuve<\/li>\n<\/ul>\n<\/li>\n<li>Japon (23 ao\u00fbt 1914)<\/li>\n<li>Italie (23 mai 1915)<\/li>\n<li>\u00c9tats-Unis (6 avril 1917)<\/li>\n<\/ul>\n<p>Les pays suivants se sont aussi battus aux c\u00f4t\u00e9s des Alli\u00e9s ou ont d\u00e9clar\u00e9 la guerre aux Puissances centrales\u00a0:<\/p>\n<ul>\n<li>Puissances europ\u00e9ennes mineures\u00a0: Belgique, Gr\u00e8ce, Portugal, Roumanie<\/li>\n<li>Autres pays\u00a0: Br\u00e9sil, Chine, Costa Rica, Cuba, \u00c9quateur, Guatemala, Ha\u00efti, Honduras, Liberia, Mont\u00e9n\u00e9gro, Nicaragua, Panama, P\u00e9rou, Saint-Marin, Siam<span style=\"line-height: 1.5em\">\u00a0<\/span><span style=\"line-height: 1.5em\">\u00a0<\/span><\/li>\n<\/ul>\n<h2>Les Puissances centrales<\/h2>\n<ul>\n<li>Autriche-Hongrie (28 juillet 1914)<\/li>\n<li>Allemagne (1er\u00a0ao\u00fbt 1914)<\/li>\n<li>Turquie (5 novembre 1914)<\/li>\n<li>Bulgarie (14 octobre 1915)<\/li>\n<\/ul>\n<p>Voici les principaux pays europ\u00e9ens qui sont rest\u00e9s\u00a0<b>neutres<\/b>\u00a0tout au long du conflit\u00a0:<\/p>\n<ul>\n<li>Pays-Bas<\/li>\n<li>Suisse<\/li>\n<li>Espagne<\/li>\n<li>Su\u00e8de<\/li>\n<li>Norv\u00e8ge<\/li>\n<li>Danemark<\/li>\n<li>Finlande<\/li>\n<li>Islande<\/li>\n<\/ul>\n<h3 class=\"excerpt\"><\/h3>\n<h3 class=\"excerpt\">Poursuivez votre exploration avec ces sujets :<\/h3>\n<ul class=\"related\">\n<li><a href=\"\/premiereguerremondiale\/histoire\/lentree-en-guerre\/origines-et-premieres-phases\/\">Origines et premi\u00e8res phases<\/a><\/li>\n<li><a href=\"\/premiereguerremondiale\/histoire\/les-gens\/generaux\/\">G\u00e9n\u00e9raux<\/a><\/li>\n<li><a href=\"\/premiereguerremondiale\/histoire\/apres-la-guerre\/legs\/\">Legs<\/a><\/li>\n<\/ul>\n","protected":false},"excerpt":{"rendered":"<p>La guerre a commenc\u00e9 en Europe, mais elle s&rsquo;est vite propag\u00e9e dans la plupart des autres parties du monde. Voici un bon nombre des pays qui ont particip\u00e9 \u00e0 la guerre. La date est soit celle de leur d\u00e9claration de guerre, ou le jour o\u00f9 ils ont commenc\u00e9 les hostilit\u00e9s sans d\u00e9claration officielle. La Triple-Entente [&hellip;]<\/p>\n","protected":false},"author":1,"featured_media":417,"parent":5,"menu_order":1,"comment_status":"open","ping_status":"open","template":"single-post.php","meta":{"footnotes":""},"_links":{"self":[{"href":"https:\/\/www.museedelaguerre.ca\/premiereguerremondiale\/wp-json\/wp\/v2\/pages\/17"}],"collection":[{"href":"https:\/\/www.museedelaguerre.ca\/premiereguerremondiale\/wp-json\/wp\/v2\/pages"}],"about":[{"href":"https:\/\/www.museedelaguerre.ca\/premiereguerremondiale\/wp-json\/wp\/v2\/types\/page"}],"author":[{"embeddable":true,"href":"https:\/\/www.museedelaguerre.ca\/premiereguerremondiale\/wp-json\/wp\/v2\/users\/1"}],"replies":[{"embeddable":true,"href":"https:\/\/www.museedelaguerre.ca\/premiereguerremondiale\/wp-json\/wp\/v2\/comments?post=17"}],"version-history":[{"count":14,"href":"https:\/\/www.museedelaguerre.ca\/premiereguerremondiale\/wp-json\/wp\/v2\/pages\/17\/revisions"}],"predecessor-version":[{"id":3333,"href":"https:\/\/www.museedelaguerre.ca\/premiereguerremondiale\/wp-json\/wp\/v2\/pages\/17\/revisions\/3333"}],"up":[{"embeddable":true,"href":"https:\/\/www.museedelaguerre.ca\/premiereguerremondiale\/wp-json\/wp\/v2\/pages\/5"}],"wp:featuredmedia":[{"embeddable":true,"href":"https:\/\/www.museedelaguerre.ca\/premiereguerremondiale\/wp-json\/wp\/v2\/media\/417"}],"wp:attachment":[{"href":"https:\/\/www.museedelaguerre.ca\/premiereguerremondiale\/wp-json\/wp\/v2\/media?parent=17"}],"curies":[{"name":"wp","href":"https:\/\/api.w.org\/{rel}","templated":true}]}}