{"id":154,"date":"2014-07-16T16:08:33","date_gmt":"2014-07-16T16:08:33","guid":{"rendered":"https:\/\/www.museedelaguerre.ca\/premiere-guerre-mondial\/?page_id=154"},"modified":"2015-03-26T13:18:00","modified_gmt":"2015-03-26T13:18:00","slug":"mons","status":"publish","type":"page","link":"https:\/\/www.museedelaguerre.ca\/premiereguerremondiale\/histoire\/batailles-et-combats\/batailles-terrestres\/mons\/","title":{"rendered":"Mons"},"content":{"rendered":"<p class=\"excerpt\">Les Canadiens s&#8217;empar\u00e8rent de la ville belge de Mons le dernier jour de la guerre, le 11 novembre 1918.<\/p>\n<h2>De retour \u00e0 Mons<\/h2>\n<p>Le dernier mois de la guerre, les forces alli\u00e9es progress\u00e8rent sur tous les fronts. Les Canadiens, qui avaient perdu plus de 40\u00a0000 tu\u00e9s et bless\u00e9s depuis le mois d&rsquo;ao\u00fbt, se rapproch\u00e8rent de Mons, ville d&rsquo;une tr\u00e8s grande valeur symbolique. C&rsquo;est de l\u00e0 que des troupes britanniques avaient organis\u00e9 une retraite aux combats \u00e9piques aux premiers jours du conflit, retardant l&rsquo;avanc\u00e9e des Allemands vers Paris, mais elles en ressortirent terriblement \u00e9prouv\u00e9es. Maintenant, les Canadiens avaient la possibilit\u00e9 de prendre Mons le dernier jour de la guerre.<\/p>\n<h2>Violents combats dans Mons<\/h2>\n<p>L&rsquo;arm\u00e9e allemande, bien que battue, livra un dur combat d&rsquo;arri\u00e8re-garde en se repliant vers Mons. Les troupes canadiennes prirent Valenciennes apr\u00e8s une co\u00fbteuse bataille de deux jours, les 1er\u00a0et 2 novembre, et le 10 novembre ils avaient atteint les faubourgs de Mons.<\/p>\n<p>Des rumeurs couraient selon laquelle la guerre prendrait bient\u00f4t fin, mais le g\u00e9n\u00e9ral Currie avait ordre de prendre la ville, et les troupes canadiennes se fray\u00e8rent donc un passage au matin du 11 novembre. Les civils belges les accueillirent en lib\u00e9rateurs.<\/p>\n<h2>La guerre prend fin<\/h2>\n<p>Le dernier soldat canadien \u00e0 mourir au combat lors de la Premi\u00e8re Guerre mondiale fut le soldat George Price, du 28e\u00a0bataillon, tu\u00e9 par un tireur d&rsquo;\u00e9lite allemand au nord-est de Mons \u00e0 peine quelques minutes avant l&rsquo;Armistice. La guerre prit fin \u00e0 11\u00a0h, le 11 novembre 1918.<\/p>\n<h3>Poursuivez votre exploration avec ces sujets :<\/h3>\n<ul class=\"related\">\n<li><a href=\"\/premiereguerremondiale\/histoire\/la-vie-au-front\/derriere-les-lignes-de-front\/fraternisation\/\">Fraternisation<\/a><\/li>\n<li><a href=\"\/premiereguerremondiale\/histoire\/apres-la-guerre\/se-souvenir\/jour-du-souvenir\/\">Jour du Souvenir<\/a><\/li>\n<li><a href=\"\/premiereguerremondiale\/histoire\/la-vie-au-pays-pendant-la-guerre\/tragedies-du-temps-de-guerre\/grippe-1918-1919\/\">Grippe, 1918-1919<\/a><\/li>\n<\/ul>\n","protected":false},"excerpt":{"rendered":"<p>Les Canadiens s&#8217;empar\u00e8rent de la ville belge de Mons le dernier jour de la guerre, le 11 novembre 1918. De retour \u00e0 Mons Le dernier mois de la guerre, les forces alli\u00e9es progress\u00e8rent sur tous les fronts. Les Canadiens, qui avaient perdu plus de 40\u00a0000 tu\u00e9s et bless\u00e9s depuis le mois d&rsquo;ao\u00fbt, se rapproch\u00e8rent de [&hellip;]<\/p>\n","protected":false},"author":1,"featured_media":166,"parent":115,"menu_order":13,"comment_status":"open","ping_status":"open","template":"single-history.php","meta":{"footnotes":""},"_links":{"self":[{"href":"https:\/\/www.museedelaguerre.ca\/premiereguerremondiale\/wp-json\/wp\/v2\/pages\/154"}],"collection":[{"href":"https:\/\/www.museedelaguerre.ca\/premiereguerremondiale\/wp-json\/wp\/v2\/pages"}],"about":[{"href":"https:\/\/www.museedelaguerre.ca\/premiereguerremondiale\/wp-json\/wp\/v2\/types\/page"}],"author":[{"embeddable":true,"href":"https:\/\/www.museedelaguerre.ca\/premiereguerremondiale\/wp-json\/wp\/v2\/users\/1"}],"replies":[{"embeddable":true,"href":"https:\/\/www.museedelaguerre.ca\/premiereguerremondiale\/wp-json\/wp\/v2\/comments?post=154"}],"version-history":[{"count":4,"href":"https:\/\/www.museedelaguerre.ca\/premiereguerremondiale\/wp-json\/wp\/v2\/pages\/154\/revisions"}],"predecessor-version":[{"id":3359,"href":"https:\/\/www.museedelaguerre.ca\/premiereguerremondiale\/wp-json\/wp\/v2\/pages\/154\/revisions\/3359"}],"up":[{"embeddable":true,"href":"https:\/\/www.museedelaguerre.ca\/premiereguerremondiale\/wp-json\/wp\/v2\/pages\/115"}],"wp:featuredmedia":[{"embeddable":true,"href":"https:\/\/www.museedelaguerre.ca\/premiereguerremondiale\/wp-json\/wp\/v2\/media\/166"}],"wp:attachment":[{"href":"https:\/\/www.museedelaguerre.ca\/premiereguerremondiale\/wp-json\/wp\/v2\/media?parent=154"}],"curies":[{"name":"wp","href":"https:\/\/api.w.org\/{rel}","templated":true}]}}