{"id":151,"date":"2014-07-16T15:37:27","date_gmt":"2014-07-16T15:37:27","guid":{"rendered":"https:\/\/www.museedelaguerre.ca\/premiere-guerre-mondial\/?page_id=151"},"modified":"2015-10-08T12:38:11","modified_gmt":"2015-10-08T12:38:11","slug":"arras-et-le-canal-du-nord-1918","status":"publish","type":"page","link":"https:\/\/www.museedelaguerre.ca\/premiereguerremondiale\/histoire\/batailles-et-combats\/batailles-terrestres\/arras-et-le-canal-du-nord-1918\/","title":{"rendered":"Arras et le Canal-du-Nord, 1918"},"content":{"rendered":"<p class=\"excerpt\">Les victoires ch\u00e8rement acquises d&rsquo;Arras et du Canal-du-Nord demeurent parmi les plus meurtri\u00e8res, mais aussi les plus impressionnantes de celles auxquelles participa le Corps canadien au cours de la Premi\u00e8re Guerre mondiale.<\/p>\n<h2>Les Canadiens en premi\u00e8re ligne de l&rsquo;attaque<\/h2>\n<p>Apr\u00e8s la victoire d&rsquo;Amiens, les commandants alli\u00e9s s&rsquo;entendirent pour lancer une offensive interarm\u00e9es le long du front occidental contre l&rsquo;arm\u00e9e allemande qui, pour la premi\u00e8re fois de la guerre, semblait vuln\u00e9rable. La campagne qui s&rsquo;ensuivit, appel\u00e9e les \u00ab\u00a0Cent Jours\u00a0\u00bb (d&rsquo;ao\u00fbt \u00e0 novembre 1918) se termina par la d\u00e9faite des forces allemandes dans l&rsquo;ouest.<\/p>\n<p>Au cours de la premi\u00e8re de ces attaques, les Canadiens furent le fer de lance de l&rsquo;offensive de la Premi\u00e8re Arm\u00e9e britannique sur le front d&rsquo;Arras \u00e0 travers la ligne Drocourt-Qu\u00e9ant (ligne D-Q), et le long du canal du Nord Canal-du-Nord, pour s&#8217;emparer de la ville de Cambrai. Une op\u00e9ration r\u00e9ussie aurait d\u00fb d\u00e9border la c\u00e9l\u00e8bre ligne de d\u00e9fense allemande Hindenburg, les obligeant \u00e0 reculer. Mais les positions ennemies sur la ligne D-Q et le long du canal du Nord \u00e9taient solidement tenues et profondes, h\u00e9riss\u00e9es de mitrailleuses, et il n&rsquo;allait pas \u00eatre facile de s&rsquo;en emparer.<\/p>\n<h2>Victoires meurtri\u00e8res<\/h2>\n<p>Les Canadiens lanc\u00e8rent leur attaque le 26 ao\u00fbt. Les premiers bombardements d&rsquo;artillerie pulv\u00e9ris\u00e8rent les positions allemandes, mais une bataille acharn\u00e9e qui allait durer toute une semaine causa plus de 11 000 pertes chez les Canadiens. Les troupes canadiennes r\u00e9ussirent finalement \u00e0 percer la ligne Drocourt-Qu\u00e9ant solidement fortifi\u00e9e le 2 septembre.<\/p>\n<p>Apr\u00e8s presque un mois de planification et de pr\u00e9paration, le Corps canadien attaqua de l&rsquo;autre c\u00f4t\u00e9 du canal du Nord au cours d&rsquo;une autre op\u00e9ration \u00e0 haut risque, le 27 septembre. Prot\u00e9g\u00e9 par un plan de feu complexe et le travail des ing\u00e9nieurs, le Corps traversa le canal et enfon\u00e7a les d\u00e9fenses ennemies, finissant par s&#8217;emparer le 9 octobre de centres de r\u00e9sistance comme le bois de Bourlon et Cambrai.<\/p>\n<h2>L&rsquo;arm\u00e9e allemande bat en retraite<\/h2>\n<p>Les batailles d&rsquo;Arras et du Canal-du-Nord co\u00fbt\u00e8rent 30 000 hommes aux Canadiens, mais contribu\u00e8rent \u00e0 faire tomber les derni\u00e8res positions d\u00e9fensives de l&rsquo;arm\u00e9e allemande. Apr\u00e8s que les Canadiens et d&rsquo;autres troupes alli\u00e9es eurent travers\u00e9 le canal du Nord, les forces allemandes battirent totalement en retraite. La fin de la guerre \u00e9tait proche.<\/p>\n<h3>Poursuivez votre exploration avec ces sujets :<\/h3>\n<ul class=\"related\">\n<li><a href=\"\/premiereguerremondiale\/histoire\/les-gens\/en-uniforme\/les-aviateurs\/\">Les aviateurs<\/a><\/li>\n<li><a href=\"\/premiereguerremondiale\/histoire\/la-vie-au-front\/la-culture-des-tranchees\/concerts-et-theatres\/\">Concerts et th\u00e9\u00e2tres<\/a><\/li>\n<li><a href=\"\/premiereguerremondiale\/histoire\/la-vie-au-front\/medecine\/corps-de-sante-royal-canadien\/\">Corps m\u00e9dical de l\u2019arm\u00e9e canadienne<\/a><\/li>\n<\/ul>\n","protected":false},"excerpt":{"rendered":"<p>Les victoires ch\u00e8rement acquises d&rsquo;Arras et du Canal-du-Nord demeurent parmi les plus meurtri\u00e8res, mais aussi les plus impressionnantes de celles auxquelles participa le Corps canadien au cours de la Premi\u00e8re Guerre mondiale. Les Canadiens en premi\u00e8re ligne de l&rsquo;attaque Apr\u00e8s la victoire d&rsquo;Amiens, les commandants alli\u00e9s s&rsquo;entendirent pour lancer une offensive interarm\u00e9es le long du [&hellip;]<\/p>\n","protected":false},"author":1,"featured_media":165,"parent":115,"menu_order":12,"comment_status":"closed","ping_status":"closed","template":"single-history.php","meta":{"footnotes":""},"_links":{"self":[{"href":"https:\/\/www.museedelaguerre.ca\/premiereguerremondiale\/wp-json\/wp\/v2\/pages\/151"}],"collection":[{"href":"https:\/\/www.museedelaguerre.ca\/premiereguerremondiale\/wp-json\/wp\/v2\/pages"}],"about":[{"href":"https:\/\/www.museedelaguerre.ca\/premiereguerremondiale\/wp-json\/wp\/v2\/types\/page"}],"author":[{"embeddable":true,"href":"https:\/\/www.museedelaguerre.ca\/premiereguerremondiale\/wp-json\/wp\/v2\/users\/1"}],"replies":[{"embeddable":true,"href":"https:\/\/www.museedelaguerre.ca\/premiereguerremondiale\/wp-json\/wp\/v2\/comments?post=151"}],"version-history":[{"count":5,"href":"https:\/\/www.museedelaguerre.ca\/premiereguerremondiale\/wp-json\/wp\/v2\/pages\/151\/revisions"}],"predecessor-version":[{"id":3493,"href":"https:\/\/www.museedelaguerre.ca\/premiereguerremondiale\/wp-json\/wp\/v2\/pages\/151\/revisions\/3493"}],"up":[{"embeddable":true,"href":"https:\/\/www.museedelaguerre.ca\/premiereguerremondiale\/wp-json\/wp\/v2\/pages\/115"}],"wp:featuredmedia":[{"embeddable":true,"href":"https:\/\/www.museedelaguerre.ca\/premiereguerremondiale\/wp-json\/wp\/v2\/media\/165"}],"wp:attachment":[{"href":"https:\/\/www.museedelaguerre.ca\/premiereguerremondiale\/wp-json\/wp\/v2\/media?parent=151"}],"curies":[{"name":"wp","href":"https:\/\/api.w.org\/{rel}","templated":true}]}}