{"id":147,"date":"2014-07-16T15:06:19","date_gmt":"2014-07-16T15:06:19","guid":{"rendered":"https:\/\/www.museedelaguerre.ca\/premiere-guerre-mondial\/?page_id=147"},"modified":"2015-03-26T13:14:42","modified_gmt":"2015-03-26T13:14:42","slug":"les-offensives-allemandes-de-1918","status":"publish","type":"page","link":"https:\/\/www.museedelaguerre.ca\/premiereguerremondiale\/histoire\/batailles-et-combats\/batailles-terrestres\/les-offensives-allemandes-de-1918\/","title":{"rendered":"Les offensives allemandes de 1918"},"content":{"rendered":"<p class=\"excerpt\">Les Allemands lanc\u00e8rent une s\u00e9rie d&rsquo;offensives d\u00e9vastatrices \u00e0 partir du front occidental le 21 mars 1918, dans une tentative pour gagner la guerre.<\/p>\n<h2>Les Allemands se regroupent pour une attaque dans l&rsquo;Ouest<\/h2>\n<p>Le retrait de la Russie de la guerre, motiv\u00e9 par la r\u00e9volution interne qui la d\u00e9chirait et sa d\u00e9faite sur les champs de bataille, permit aux arm\u00e9es allemandes de se masser le long du front occidental. Maintenant que les \u00c9tats-Unis \u00e9taient engag\u00e9s dans la guerre et qu&rsquo;ils envoyaient pratiquement sans discontinuer des troupes outre-mer, les Allemands tent\u00e8rent de remporter la guerre en portant un coup d\u00e9cisif avant que les Am\u00e9ricains sans exp\u00e9rience ne deviennent une force efficace.<\/p>\n<h2>Lancement de l&rsquo;op\u00e9ration \u00ab\u00a0Michael\u00a0\u00bb<\/h2>\n<p>L&rsquo;offensive allemande commen\u00e7a le 21 mars 1918, avec pour fer de lance des combattants d&rsquo;unit\u00e9s de choc sp\u00e9cialement entra\u00een\u00e9s et des barrages nourris de gaz et d&rsquo;obus explosifs. L&rsquo;attaque \u00e9reinta deux arm\u00e9es britanniques et submergea des milliers de soldats abasourdis. Plus tard, les assauts frapp\u00e8rent les forces belges, britanniques, fran\u00e7aises et am\u00e9ricaines \u00e0 des endroits strat\u00e9giques, de la Manche \u00e0 la Marne, \u00e0 l&rsquo;est de Paris.<\/p>\n<h2>Les Canadiens \u00e9pargn\u00e9s<\/h2>\n<p>Le Corps canadien \u00e9chappa \u00e0 un choc frontal, mais plusieurs de ses divisions furent retir\u00e9es temporairement pour colmater les br\u00e8ches dans la ligne alli\u00e9e. La 2e\u00a0division combattit pendant plusieurs mois avec les unit\u00e9s britanniques.<\/p>\n<p>La Canadian Motor Machine Gun Brigade, conduite par le brigadier-g\u00e9n\u00e9ral Raymond Brutinel, s&rsquo;\u00e9lan\u00e7a le long du front britannique, ses v\u00e9hicules blind\u00e9s fournissant un important appui-feu. La Brigade de cavalerie canadienne combattit \u00e9galement l&rsquo;avance allemande. Le lieutenant Gordon Flowerdew se m\u00e9rita la Croix de Victoria au cours d&rsquo;un violent combat.<\/p>\n<h2>La d\u00e9faite des Allemands<\/h2>\n<p>La s\u00e9rie d&rsquo;offensives allemandes de 1918 ne permit pas de vaincre les arm\u00e9es alli\u00e9es dans l&rsquo;ouest, malgr\u00e9 les succ\u00e8s remport\u00e9s au d\u00e9part. Les pertes des Allemands, qui atteignirent 800\u00a0000 morts, bless\u00e9s ou mutil\u00e9s entre mars et juillet, \u00e9puis\u00e8rent leurs r\u00e9serves d&rsquo;hommes, particuli\u00e8rement et de fa\u00e7on disproportionn\u00e9e les combattants d&rsquo;\u00e9lite d&rsquo;unit\u00e9s de choc et d&rsquo;unit\u00e9s d&rsquo;assaut.<\/p>\n<p>Le Corps canadien se tira largement indemne de l&rsquo;offensive allemande du printemps, mais sir Douglas Haig allait bient\u00f4t y faire appel pour diriger une contre-attaque strat\u00e9gique. L&rsquo;offensive, lanc\u00e9e en ao\u00fbt contre les forces allemandes consid\u00e9rablement affaiblies par les combats du printemps, allait \u00eatre baptis\u00e9e l&rsquo;offensive des Cent Jours.<\/p>\n<h3>Poursuivez votre exploration avec ces sujets :<\/h3>\n<ul class=\"related\">\n<li><a href=\"\/premiereguerremondiale\/histoire\/la-vie-au-front\/medecine\/progres-medicaux\/\">Progr\u00e8s m\u00e9dicaux<\/a><\/li>\n<li><a href=\"\/premiereguerremondiale\/histoire\/la-vie-au-pays-pendant-la-guerre\/le-front-interieur\/intervention-gouvernementale\/\">Intervention gouvernementale<\/a><\/li>\n<li><a href=\"\/premiereguerremondiale\/histoire\/la-vie-au-front\/les-conditions-dans-les-tranchees\/medailles-et-decorations\/\">M\u00e9dailles et d\u00e9corations<\/a><\/li>\n<\/ul>\n","protected":false},"excerpt":{"rendered":"<p>Les Allemands lanc\u00e8rent une s\u00e9rie d&rsquo;offensives d\u00e9vastatrices \u00e0 partir du front occidental le 21 mars 1918, dans une tentative pour gagner la guerre. Les Allemands se regroupent pour une attaque dans l&rsquo;Ouest Le retrait de la Russie de la guerre, motiv\u00e9 par la r\u00e9volution interne qui la d\u00e9chirait et sa d\u00e9faite sur les champs de [&hellip;]<\/p>\n","protected":false},"author":1,"featured_media":167,"parent":115,"menu_order":10,"comment_status":"open","ping_status":"open","template":"single-history.php","meta":{"footnotes":""},"_links":{"self":[{"href":"https:\/\/www.museedelaguerre.ca\/premiereguerremondiale\/wp-json\/wp\/v2\/pages\/147"}],"collection":[{"href":"https:\/\/www.museedelaguerre.ca\/premiereguerremondiale\/wp-json\/wp\/v2\/pages"}],"about":[{"href":"https:\/\/www.museedelaguerre.ca\/premiereguerremondiale\/wp-json\/wp\/v2\/types\/page"}],"author":[{"embeddable":true,"href":"https:\/\/www.museedelaguerre.ca\/premiereguerremondiale\/wp-json\/wp\/v2\/users\/1"}],"replies":[{"embeddable":true,"href":"https:\/\/www.museedelaguerre.ca\/premiereguerremondiale\/wp-json\/wp\/v2\/comments?post=147"}],"version-history":[{"count":5,"href":"https:\/\/www.museedelaguerre.ca\/premiereguerremondiale\/wp-json\/wp\/v2\/pages\/147\/revisions"}],"predecessor-version":[{"id":3356,"href":"https:\/\/www.museedelaguerre.ca\/premiereguerremondiale\/wp-json\/wp\/v2\/pages\/147\/revisions\/3356"}],"up":[{"embeddable":true,"href":"https:\/\/www.museedelaguerre.ca\/premiereguerremondiale\/wp-json\/wp\/v2\/pages\/115"}],"wp:featuredmedia":[{"embeddable":true,"href":"https:\/\/www.museedelaguerre.ca\/premiereguerremondiale\/wp-json\/wp\/v2\/media\/167"}],"wp:attachment":[{"href":"https:\/\/www.museedelaguerre.ca\/premiereguerremondiale\/wp-json\/wp\/v2\/media?parent=147"}],"curies":[{"name":"wp","href":"https:\/\/api.w.org\/{rel}","templated":true}]}}