{"id":145,"date":"2014-07-16T14:59:42","date_gmt":"2014-07-16T14:59:42","guid":{"rendered":"https:\/\/www.museedelaguerre.ca\/premiere-guerre-mondial\/?page_id=145"},"modified":"2015-03-26T13:12:22","modified_gmt":"2015-03-26T13:12:22","slug":"le-corps-expeditionnaire-siberien","status":"publish","type":"page","link":"https:\/\/www.museedelaguerre.ca\/premiereguerremondiale\/histoire\/batailles-et-combats\/batailles-terrestres\/le-corps-expeditionnaire-siberien\/","title":{"rendered":"Le Corps exp\u00e9ditionnaire sib\u00e9rien"},"content":{"rendered":"<p class=\"excerpt\">Dans le cadre de l&rsquo;intervention alli\u00e9e, le Canada envoya plusieurs contingents de soldats en Russie en 1918 pour soutenir les forces \u00ab\u00a0blanches\u00a0\u00bb du gouvernement contre les \u00ab\u00a0Rouges\u00a0\u00bb r\u00e9volutionnaires.<\/p>\n<h2>La r\u00e9volution et la guerre civile en Russie<\/h2>\n<p>\u00c0 la fin de 1918, le tsar de Russie Nicolas II avait \u00e9t\u00e9 destitu\u00e9 par les r\u00e9volutionnaires bolcheviques qui avaient ensuite sign\u00e9 une paix s\u00e9par\u00e9e avec l&rsquo;Allemagne, plongeant la Russie en pleine guerre civile. Les \u00ab\u00a0Rouges\u00a0\u00bb men\u00e9s par Vladimir L\u00e9nine se battaient pour conserver le pouvoir contre les forces \u00ab\u00a0blanches\u00a0\u00bb repr\u00e9sentant la dynastie des Romanov r\u00e9cemment d\u00e9pos\u00e9e et d&rsquo;autres forces conservatrices et nationalistes.<\/p>\n<h2>Les Canadiens contre le bolchevisme<\/h2>\n<p>En 1918, les anciens alli\u00e9s de la Russie tsariste envoy\u00e8rent des troupes dans le nord de la Russie, aux environs de Murmansk et d&rsquo;Arkhangelsk pour soutenir les \u00ab\u00a0Blancs\u00a0\u00bb, pour surveiller les approvisionnements qui avaient \u00e9t\u00e9 pr\u00e9c\u00e9demment envoy\u00e9s au gouvernement tsariste et pour aider \u00e0 la r\u00e9ouverture d&rsquo;un front oriental contre les puissances centrales. Le gouvernement du Canada accepta d&rsquo;envoyer 4000 soldats suppl\u00e9mentaires pour aider les Britanniques et les autres troupes anti-bolcheviques en Sib\u00e9rie. Le Canada et la plupart des pays occidentaux consid\u00e9raient le bolchevisme comme une menace \u00e0 long terme contre leur propre gouvernement, mais, \u00e0 court terme, ils souhaitaient seulement que la Russie s&rsquo;implique \u00e0 nouveau dans la guerre contre l&rsquo;Allemagne et l&rsquo;Autriche.<\/p>\n<h2>Une courte intervention et un \u00e9chec<\/h2>\n<p>L&rsquo;intervention des Alli\u00e9s en Sib\u00e9rie fut de courte dur\u00e9e et, en fin de compte, constitua un \u00e9chec. Dans la plupart des secteurs, les forces plus nombreuses et extr\u00eamement motiv\u00e9es des \u00ab\u00a0Rouges\u00a0\u00bb parvinrent progressivement \u00e0 l&#8217;emporter sur les \u00ab\u00a0Blancs\u00a0\u00bb d\u00e9sorganis\u00e9s et mal command\u00e9s, alors que les gouvernements occidentaux, las de la guerre, perdaient tout int\u00e9r\u00eat dans le combat et ramenaient leurs troupes au pays. Le Corps exp\u00e9ditionnaire sib\u00e9rien \u00e9tait de retour au Canada en 1919, ayant perdu 24 hommes.<\/p>\n<h3>Poursuivez votre exploration avec ces sujets :<\/h3>\n<ul class=\"related\">\n<li><a href=\"\/premiereguerremondiale\/histoire\/les-gens\/leaders-canadiens\/sir-robert-borden\/\">Sir Robert Borden<\/a><\/li>\n<li><a href=\"\/premiereguerremondiale\/histoire\/apres-la-guerre\/legs\/lincidence-de-la-guerre-sur-le-canada\/\">L&rsquo;incidence de la guerre sur le Canada<\/a><\/li>\n<li><a href=\"\/premiereguerremondiale\/histoire\/la-vie-au-pays-pendant-la-guerre\/sujets-dun-pays-ennemi\/linternement-des-canadiens-dorigine-ukrainienne\/\">L&rsquo;internement et les Canadiens d&rsquo;origine ukrainienne<\/a><\/li>\n<\/ul>\n","protected":false},"excerpt":{"rendered":"<p>Dans le cadre de l&rsquo;intervention alli\u00e9e, le Canada envoya plusieurs contingents de soldats en Russie en 1918 pour soutenir les forces \u00ab\u00a0blanches\u00a0\u00bb du gouvernement contre les \u00ab\u00a0Rouges\u00a0\u00bb r\u00e9volutionnaires. La r\u00e9volution et la guerre civile en Russie \u00c0 la fin de 1918, le tsar de Russie Nicolas II avait \u00e9t\u00e9 destitu\u00e9 par les r\u00e9volutionnaires bolcheviques qui [&hellip;]<\/p>\n","protected":false},"author":1,"featured_media":164,"parent":115,"menu_order":9,"comment_status":"open","ping_status":"open","template":"single-history.php","meta":{"footnotes":""},"_links":{"self":[{"href":"https:\/\/www.museedelaguerre.ca\/premiereguerremondiale\/wp-json\/wp\/v2\/pages\/145"}],"collection":[{"href":"https:\/\/www.museedelaguerre.ca\/premiereguerremondiale\/wp-json\/wp\/v2\/pages"}],"about":[{"href":"https:\/\/www.museedelaguerre.ca\/premiereguerremondiale\/wp-json\/wp\/v2\/types\/page"}],"author":[{"embeddable":true,"href":"https:\/\/www.museedelaguerre.ca\/premiereguerremondiale\/wp-json\/wp\/v2\/users\/1"}],"replies":[{"embeddable":true,"href":"https:\/\/www.museedelaguerre.ca\/premiereguerremondiale\/wp-json\/wp\/v2\/comments?post=145"}],"version-history":[{"count":3,"href":"https:\/\/www.museedelaguerre.ca\/premiereguerremondiale\/wp-json\/wp\/v2\/pages\/145\/revisions"}],"predecessor-version":[{"id":3354,"href":"https:\/\/www.museedelaguerre.ca\/premiereguerremondiale\/wp-json\/wp\/v2\/pages\/145\/revisions\/3354"}],"up":[{"embeddable":true,"href":"https:\/\/www.museedelaguerre.ca\/premiereguerremondiale\/wp-json\/wp\/v2\/pages\/115"}],"wp:featuredmedia":[{"embeddable":true,"href":"https:\/\/www.museedelaguerre.ca\/premiereguerremondiale\/wp-json\/wp\/v2\/media\/164"}],"wp:attachment":[{"href":"https:\/\/www.museedelaguerre.ca\/premiereguerremondiale\/wp-json\/wp\/v2\/media?parent=145"}],"curies":[{"name":"wp","href":"https:\/\/api.w.org\/{rel}","templated":true}]}}