{"id":143,"date":"2014-07-16T14:48:03","date_gmt":"2014-07-16T14:48:03","guid":{"rendered":"https:\/\/www.museedelaguerre.ca\/premiere-guerre-mondial\/?page_id=143"},"modified":"2015-03-26T13:10:39","modified_gmt":"2015-03-26T13:10:39","slug":"passchendaele","status":"publish","type":"page","link":"https:\/\/www.museedelaguerre.ca\/premiereguerremondiale\/histoire\/batailles-et-combats\/batailles-terrestres\/passchendaele\/","title":{"rendered":"Passchendaele"},"content":{"rendered":"<p class=\"excerpt\">Le Corps canadien, une formation de 100 000 hommes, re\u00e7ut l&rsquo;ordre de se rendre sur le front de Passchendaele, \u00e0 l&rsquo;est d&rsquo;Ypres, \u00e0 la mi-octobre 1917.<\/p>\n<h2>Des conditions effroyables<\/h2>\n<p>Lanc\u00e9e le 31 juillet, l&rsquo;offensive britannique dans les Flandres avait eu pour objectif de chasser les Allemands des ports essentiels de la Manche et de d\u00e9truire les bases des U-boots sur la c\u00f4te. Mais la pluie et les tirs d&rsquo;obus incessants r\u00e9duisirent le champ de bataille \u00e0 un immense bourbier, parsem\u00e9 de corps et de trous d&rsquo;obus, o\u00f9 l&rsquo;attaque se retrouva paralys\u00e9e. Apr\u00e8s des mois de combat, les troupes allemandes tenaient toujours avec opini\u00e2tret\u00e9 la cr\u00eate de Passchendaele. Sir Douglas Haig, commandant en chef de la\u00a0British Expeditionary Force, donna l&rsquo;ordre aux Canadiens de remporter la victoire.<\/p>\n<h2>Pr\u00e9paration minutieuse et attaque<\/h2>\n<p>Sir Arthur Currie, commandant du Corps canadien, \u00e9tait contre la bataille, craignant qu&rsquo;elle ne puisse \u00eatre remport\u00e9e qu&rsquo;au prix de lourdes pertes, mais Haig voulait \u00e0 tout prix une victoire symbolique et insistait sur la n\u00e9cessit\u00e9 de consentir cet effort, croyant qu&rsquo;une victoire, m\u00eame limit\u00e9e, permettrait de sauver la campagne. N&rsquo;ayant d&rsquo;autre choix que d&rsquo;attaquer, Currie se pr\u00e9para soigneusement au combat, comprenant qu&rsquo;une pr\u00e9paration minutieuse, particuli\u00e8rement dans le cas de l&rsquo;artillerie et des ing\u00e9nieurs, \u00e9tait indispensable pour pouvoir avancer sur ce terrain d\u00e9vast\u00e9.<\/p>\n<p>Les Canadiens arriv\u00e8rent dans les Flandres \u00e0 la mi-octobre pour prendre la rel\u00e8ve des troupes australiennes et n\u00e9o-z\u00e9landaises et ils furent choqu\u00e9s par les conditions effroyables r\u00e9gnant sur le champ de bataille. Currie ordonna la construction de nouvelles routes, le creusement de trous \u00e0 canons ou leur am\u00e9lioration, et la r\u00e9paration et le prolongement des lignes de tramway (chemin de fer l\u00e9ger). Des chevaux et des mules transport\u00e8rent des centaines de milliers d&rsquo;obus au front en vue du barrage d&rsquo;artillerie qui serait oppos\u00e9 \u00e0 l&rsquo;attaque de l&rsquo;infanterie. Les Allemands occupant la cr\u00eate de Passchendaele tir\u00e8rent sans discontinuer sur ces efforts, tuant ou blessant des centaines d&rsquo;hommes.<\/p>\n<h2>L&rsquo;h\u00e9ritage de Passchendaele<\/h2>\n<p>Les Britanniques perdirent environ 275 000 des leurs \u00e0 Passchendaele contre 220 000 pertes pour les Allemands, ce qui fit de cette bataille une des plus meurtri\u00e8res batailles d&rsquo;usure de la guerre. Les Alli\u00e9s, plus nombreux, pouvaient davantage supporter leurs pertes, gr\u00e2ce, tout particuli\u00e8rement, \u00e0 la r\u00e9cente arriv\u00e9e des \u00c9tats-Unis \u00e0 leurs c\u00f4t\u00e9s, mais la bataille avait sap\u00e9 le moral collectif de la British Expeditionary Force. Passchendaele, souvent d\u00e9crit comme le creux de la vague de l&rsquo;effort de guerre britannique, demeure le symbole des combats terribles et meurtriers du front occidental.<\/p>\n<h3>Poursuivez votre exploration avec ces sujets :<\/h3>\n<ul class=\"related\">\n<li><a href=\"\/premiereguerremondiale\/histoire\/la-vie-au-front\/la-culture-des-tranchees\/humour-des-tranchees\/\">Humour des tranch\u00e9es<\/a><\/li>\n<li><a href=\"\/premiereguerremondiale\/histoire\/les-gens\/generaux\/sir-arthur-currie\/\">Sir Arthur Currie<\/a><\/li>\n<li><a href=\"\/premiereguerremondiale\/histoire\/la-vie-au-pays-pendant-la-guerre\/recrutement-et-conscription\/conscription-1917\/\">Conscription, 1917<\/a><\/li>\n<\/ul>\n","protected":false},"excerpt":{"rendered":"<p>Le Corps canadien, une formation de 100 000 hommes, re\u00e7ut l&rsquo;ordre de se rendre sur le front de Passchendaele, \u00e0 l&rsquo;est d&rsquo;Ypres, \u00e0 la mi-octobre 1917. Des conditions effroyables Lanc\u00e9e le 31 juillet, l&rsquo;offensive britannique dans les Flandres avait eu pour objectif de chasser les Allemands des ports essentiels de la Manche et de d\u00e9truire [&hellip;]<\/p>\n","protected":false},"author":1,"featured_media":169,"parent":115,"menu_order":8,"comment_status":"open","ping_status":"open","template":"single-history.php","meta":{"footnotes":""},"_links":{"self":[{"href":"https:\/\/www.museedelaguerre.ca\/premiereguerremondiale\/wp-json\/wp\/v2\/pages\/143"}],"collection":[{"href":"https:\/\/www.museedelaguerre.ca\/premiereguerremondiale\/wp-json\/wp\/v2\/pages"}],"about":[{"href":"https:\/\/www.museedelaguerre.ca\/premiereguerremondiale\/wp-json\/wp\/v2\/types\/page"}],"author":[{"embeddable":true,"href":"https:\/\/www.museedelaguerre.ca\/premiereguerremondiale\/wp-json\/wp\/v2\/users\/1"}],"replies":[{"embeddable":true,"href":"https:\/\/www.museedelaguerre.ca\/premiereguerremondiale\/wp-json\/wp\/v2\/comments?post=143"}],"version-history":[{"count":4,"href":"https:\/\/www.museedelaguerre.ca\/premiereguerremondiale\/wp-json\/wp\/v2\/pages\/143\/revisions"}],"predecessor-version":[{"id":3353,"href":"https:\/\/www.museedelaguerre.ca\/premiereguerremondiale\/wp-json\/wp\/v2\/pages\/143\/revisions\/3353"}],"up":[{"embeddable":true,"href":"https:\/\/www.museedelaguerre.ca\/premiereguerremondiale\/wp-json\/wp\/v2\/pages\/115"}],"wp:featuredmedia":[{"embeddable":true,"href":"https:\/\/www.museedelaguerre.ca\/premiereguerremondiale\/wp-json\/wp\/v2\/media\/169"}],"wp:attachment":[{"href":"https:\/\/www.museedelaguerre.ca\/premiereguerremondiale\/wp-json\/wp\/v2\/media?parent=143"}],"curies":[{"name":"wp","href":"https:\/\/api.w.org\/{rel}","templated":true}]}}