{"id":140,"date":"2014-07-16T14:37:02","date_gmt":"2014-07-16T14:37:02","guid":{"rendered":"https:\/\/www.museedelaguerre.ca\/premiere-guerre-mondial\/?page_id=140"},"modified":"2015-03-26T18:48:03","modified_gmt":"2015-03-26T18:48:03","slug":"cote-70","status":"publish","type":"page","link":"https:\/\/www.museedelaguerre.ca\/premiereguerremondiale\/histoire\/batailles-et-combats\/batailles-terrestres\/cote-70\/","title":{"rendered":"Cote 70"},"content":{"rendered":"<p class=\"excerpt\">Le Corps canadien attaqua la ville de Lens en ao\u00fbt 1917 pour all\u00e9ger la pression sur d&rsquo;autres troupes alli\u00e9es combattant pr\u00e8s de Passchendaele, dans les Flandres.<\/p>\n<h2>Diversion strat\u00e9gique depuis Passchendaele<\/h2>\n<p>Sir Douglas Haig lan\u00e7a une offensive strat\u00e9gique dans les Flandres, \u00e0 l&rsquo;est d&rsquo;Ypres, le 31 juillet 1917. Connue sous le nom de campagne de Passchendaele, elle ne tarda pas \u00e0 s&rsquo;enliser sous l&rsquo;effet des violents combats, de la pluie et de la boue, amenuisant ainsi l&rsquo;espoir d&rsquo;une perc\u00e9e \u00e0 grande \u00e9chelle. Pour \u00e9loigner les renforts allemands du champ de bataille de Passchendaele, Haig ordonna des attaques plus au sud. Au cours de l&rsquo;une d&rsquo;elles, avec la Premi\u00e8re Arm\u00e9e, le Corps canadien allait attaquer Lens.<\/p>\n<h2>L&rsquo;attaque contre la cote 70<\/h2>\n<p>Haig ordonna \u00e0 sir Arthur Currie, qui avait \u00e9t\u00e9 plac\u00e9 en juin \u00e0 la t\u00eate du Corps canadien, de lancer un assaut frontal contre la ville de Lens. Au lieu d&rsquo;attaquer directement la ville, qui \u00e9tait solidement fortifi\u00e9e, Currie, apr\u00e8s avoir \u00e9tudi\u00e9 le terrain, convainquit ses sup\u00e9rieurs britanniques qu&rsquo;il serait plus avis\u00e9 de prendre la cote 70, directement au nord. S&rsquo;il \u00e9tait possible de s&#8217;emparer de cette hauteur, les Allemands ne pourraient que contre-attaquer. Currie pr\u00e9voyait que l&rsquo;artillerie et les mitrailleuses \u00e9crasent ces concentrations allemandes, affaiblissant ainsi leur emprise sur tout le secteur.<\/p>\n<p>Les Canadiens attaqu\u00e8rent le 15 ao\u00fbt et s&#8217;empar\u00e8rent de beaucoup de leurs objectifs, y compris le terrain sur\u00e9lev\u00e9. Ils tinrent ensuite leurs positions devant 21 contre-attaques allemandes d\u00e9termin\u00e9es au cours des quatre jours suivants. Les attaques d&rsquo;exploration canadiennes contre Lens les 21 et 23 ao\u00fbt \u00e9chou\u00e8rent, mais les forces de Currie avaient inflig\u00e9 de lourdes pertes \u00e0 l&rsquo;ennemi et s&rsquo;\u00e9taient empar\u00e9es du terrain sur\u00e9lev\u00e9 surplombant la ville.<\/p>\n<h2>Une victoire canadienne<\/h2>\n<p>Les Canadiens ont perdu plus de 9000 soldats \u00e0 la cote 70, mais ont tu\u00e9 ou bless\u00e9 environ 25\u00a0000 Allemands. Currie s&rsquo;av\u00e9ra un commandant comp\u00e9tent et novateur. Son Corps canadien allait bient\u00f4t monter vers le nord pour aider Haig et sa chancelante campagne de Passchendaele.<\/p>\n<h3>Poursuivez votre exploration avec ces sujets :<\/h3>\n<ul class=\"related\">\n<li><a href=\"a\/premiereguerremondiale\/histoire\/les-gens\/generaux\/sir-douglas-haig\/\">Sir Douglas Haig<\/a><\/li>\n<li><a href=\"\/premiereguerremondiale\/histoire\/la-vie-au-pays-pendant-la-guerre\/tragedies-du-temps-de-guerre\/lexplosion-de-halifax\/\">L&rsquo;explosion de Halifax<\/a><\/li>\n<li><a href=\"\/premiereguerremondiale\/histoire\/la-vie-au-front\/les-conditions-dans-les-tranchees\/rats-poux-et-epuisement\/\">Rats, poux et \u00e9puisement<\/a><\/li>\n<\/ul>\n","protected":false},"excerpt":{"rendered":"<p>Le Corps canadien attaqua la ville de Lens en ao\u00fbt 1917 pour all\u00e9ger la pression sur d&rsquo;autres troupes alli\u00e9es combattant pr\u00e8s de Passchendaele, dans les Flandres. Diversion strat\u00e9gique depuis Passchendaele Sir Douglas Haig lan\u00e7a une offensive strat\u00e9gique dans les Flandres, \u00e0 l&rsquo;est d&rsquo;Ypres, le 31 juillet 1917. Connue sous le nom de campagne de Passchendaele, [&hellip;]<\/p>\n","protected":false},"author":1,"featured_media":120,"parent":115,"menu_order":7,"comment_status":"open","ping_status":"open","template":"single-history.php","meta":{"footnotes":""},"_links":{"self":[{"href":"https:\/\/www.museedelaguerre.ca\/premiereguerremondiale\/wp-json\/wp\/v2\/pages\/140"}],"collection":[{"href":"https:\/\/www.museedelaguerre.ca\/premiereguerremondiale\/wp-json\/wp\/v2\/pages"}],"about":[{"href":"https:\/\/www.museedelaguerre.ca\/premiereguerremondiale\/wp-json\/wp\/v2\/types\/page"}],"author":[{"embeddable":true,"href":"https:\/\/www.museedelaguerre.ca\/premiereguerremondiale\/wp-json\/wp\/v2\/users\/1"}],"replies":[{"embeddable":true,"href":"https:\/\/www.museedelaguerre.ca\/premiereguerremondiale\/wp-json\/wp\/v2\/comments?post=140"}],"version-history":[{"count":3,"href":"https:\/\/www.museedelaguerre.ca\/premiereguerremondiale\/wp-json\/wp\/v2\/pages\/140\/revisions"}],"predecessor-version":[{"id":3369,"href":"https:\/\/www.museedelaguerre.ca\/premiereguerremondiale\/wp-json\/wp\/v2\/pages\/140\/revisions\/3369"}],"up":[{"embeddable":true,"href":"https:\/\/www.museedelaguerre.ca\/premiereguerremondiale\/wp-json\/wp\/v2\/pages\/115"}],"wp:featuredmedia":[{"embeddable":true,"href":"https:\/\/www.museedelaguerre.ca\/premiereguerremondiale\/wp-json\/wp\/v2\/media\/120"}],"wp:attachment":[{"href":"https:\/\/www.museedelaguerre.ca\/premiereguerremondiale\/wp-json\/wp\/v2\/media?parent=140"}],"curies":[{"name":"wp","href":"https:\/\/api.w.org\/{rel}","templated":true}]}}