{"id":14,"date":"2014-07-14T17:28:54","date_gmt":"2014-07-14T17:28:54","guid":{"rendered":"https:\/\/www.museedelaguerre.ca\/premiere-guerre-mondial\/?page_id=14"},"modified":"2014-07-25T18:47:13","modified_gmt":"2014-07-25T18:47:13","slug":"comment-la-guerre-a-commence","status":"publish","type":"page","link":"https:\/\/www.museedelaguerre.ca\/premiereguerremondiale\/introduction\/comment-la-guerre-a-commence\/","title":{"rendered":"Comment la guerre a commenc\u00e9"},"content":{"rendered":"<p class=\"excerpt\">La Premi\u00e8re Guerre mondiale a d\u00e9but\u00e9 en ao\u00fbt 1914. Elle allait durer plus de quatre ans et tuer environ neuf millions de personnes en uniforme. Au cours de la m\u00eame p\u00e9riode, la guerre et d&rsquo;autres conflits violents tueraient une vingtaine de millions de civils. Le monde ne serait plus jamais le m\u00eame.<\/p>\n<h2>Tensions en Europe<\/h2>\n<p>Les grandes puissances europ\u00e9ennes se pr\u00e9paraient \u00e0 la guerre depuis des ann\u00e9es. La situation \u00e9tait si tendue avant le conflit que beaucoup disaient de l&rsquo;Europe qu&rsquo;elle \u00e9tait une poudri\u00e8re pr\u00eate \u00e0 exploser. Voici les facteurs principaux \u00e0 l&rsquo;origine de la guerre\u00a0:<\/p>\n<p>Course \u00e0 l&rsquo;armement pour constituer des arm\u00e9es et des marines plus grandes et plus puissantes;<\/p>\n<ul>\n<li>Conflits croissants sur le commerce et les territoires;<\/li>\n<li>M\u00e9contentement vis-\u00e0-vis de l&rsquo;\u00e9quilibre des forces en Europe;<\/li>\n<li>Ressentiments li\u00e9s \u00e0 des griefs pass\u00e9s.<\/li>\n<\/ul>\n<h2>Alliances et trait\u00e9s ont divis\u00e9 l&rsquo;Europe<\/h2>\n<p>Des alliances militaires et des trait\u00e9s complexes entre puissances europ\u00e9ennes divisaient une grande partie de l&rsquo;Europe. Ces alliances et trait\u00e9s faisaient en sorte que si un pays ou un bloc puissant entrait en guerre, les autres suivaient vraisemblablement. Les deux camps oppos\u00e9s en Europe \u00e9taient\u00a0:<\/p>\n<p>Les Puissances centrales\u00a0:<\/p>\n<ul>\n<li>Allemagne<\/li>\n<li>Autriche-Hongrie<\/li>\n<li>Empire Ottoman (Turquie)<\/li>\n<\/ul>\n<p>La Triple-Entente ou les Alli\u00e9s<\/p>\n<ul>\n<li>France<\/li>\n<li>Russie<\/li>\n<li>Grande-Bretagne<\/li>\n<\/ul>\n<p>L&rsquo;Italie, d&rsquo;abord alli\u00e9e des Puissances centrales, refusa d&rsquo;\u00eatre entra\u00een\u00e9e dans ce qu&rsquo;elle consid\u00e9rait comme leur guerre d&rsquo;agression. En mai 1915, elle se joignit \u00e0 l&rsquo;Entente dans l&rsquo;espoir d&rsquo;acqu\u00e9rir des territoires aux d\u00e9pens de l&rsquo;Autriche-Hongrie, et de nouvelles possessions coloniales, surtout en Afrique.<\/p>\n<p>Des puissances europ\u00e9ennes plus modestes se rang\u00e8rent dans l&rsquo;un ou l&rsquo;autre camp au fil de la guerre, les dominions et les colonies fournirent des soldats \u00e0 leurs m\u00e8res patries, et d&rsquo;importantes puissances non europ\u00e9ennes telles que le Japon et les \u00c9tats-Unis entr\u00e8rent plus tard en guerre du c\u00f4t\u00e9 alli\u00e9.<\/p>\n<h2>Un assassinat \u00e0 l&rsquo;origine de la guerre<\/h2>\n<p>L&rsquo;assassinat de l&rsquo;archiduc d&rsquo;Autriche Franz Ferdinand le 28 juin 1914 d\u00e9clencha une cha\u00eene d&rsquo;\u00e9v\u00e8nements qui men\u00e8rent \u00e0 la guerre au d\u00e9but d&rsquo;ao\u00fbt 1914.<\/p>\n<ul>\n<li>L&rsquo;assassinat fut attribu\u00e9 \u00e0 un groupe extr\u00e9miste serbe qui voulait accro\u00eetre la puissance serbe dans les Balkans en d\u00e9membrant l&rsquo;Empire austro-hongrois.<\/li>\n<li>L&rsquo;Empire austro-hongrois riposta en attaquant la Serbie.<\/li>\n<li>L&rsquo;Allemagne appuya l&rsquo;Autriche-Hongrie, et la Russie se rangea aux c\u00f4t\u00e9s de son alli\u00e9e traditionnelle, la Serbie.<\/li>\n<li>Quand la Russie mobilisa ses forces militaires \u00e0 la fin de juillet, l&rsquo;Allemagne chercha \u00e0 \u00e9viter une guerre sur deux fronts en envahissant rapidement la France, principale alli\u00e9e de la Russie.<\/li>\n<li>Des troupes allemandes s&rsquo;avanc\u00e8rent vers la France en envahissant le 3 ao\u00fbt la Belgique, pays neutre depuis pr\u00e8s d&rsquo;un si\u00e8cle. La Grande-Bretagne, qui s&rsquo;\u00e9tait engag\u00e9e \u00e0 soutenir la neutralit\u00e9 de la Belgique, d\u00e9clara la guerre le lendemain.<\/li>\n<li>Le 4 ao\u00fbt 1914, le Canada, en tant que membre de l&rsquo;Empire britannique, \u00e9tait en guerre.<\/li>\n<\/ul>\n<h3 class=\"related\">Poursuivez votre exploration avec ces sujets :<\/h3>\n<ul class=\"related\">\n<li><a href=\"\/premiereguerremondiale\/histoire\/lentree-en-guerre\/origines-et-premieres-phases\/\">Origines et premi\u00e8res phases<\/a><\/li>\n<li><a href=\"\/premiereguerremondiale\/histoire\/lentree-en-guerre\/le-canada-entre-en-guerre\/\">Le Canada entre en guerre<\/a><\/li>\n<\/ul>\n","protected":false},"excerpt":{"rendered":"<p>La Premi\u00e8re Guerre mondiale a d\u00e9but\u00e9 en ao\u00fbt 1914. Elle allait durer plus de quatre ans et tuer environ neuf millions de personnes en uniforme. Au cours de la m\u00eame p\u00e9riode, la guerre et d&rsquo;autres conflits violents tueraient une vingtaine de millions de civils. Le monde ne serait plus jamais le m\u00eame. Tensions en Europe [&hellip;]<\/p>\n","protected":false},"author":1,"featured_media":414,"parent":5,"menu_order":0,"comment_status":"open","ping_status":"open","template":"single-post.php","meta":{"footnotes":""},"_links":{"self":[{"href":"https:\/\/www.museedelaguerre.ca\/premiereguerremondiale\/wp-json\/wp\/v2\/pages\/14"}],"collection":[{"href":"https:\/\/www.museedelaguerre.ca\/premiereguerremondiale\/wp-json\/wp\/v2\/pages"}],"about":[{"href":"https:\/\/www.museedelaguerre.ca\/premiereguerremondiale\/wp-json\/wp\/v2\/types\/page"}],"author":[{"embeddable":true,"href":"https:\/\/www.museedelaguerre.ca\/premiereguerremondiale\/wp-json\/wp\/v2\/users\/1"}],"replies":[{"embeddable":true,"href":"https:\/\/www.museedelaguerre.ca\/premiereguerremondiale\/wp-json\/wp\/v2\/comments?post=14"}],"version-history":[{"count":9,"href":"https:\/\/www.museedelaguerre.ca\/premiereguerremondiale\/wp-json\/wp\/v2\/pages\/14\/revisions"}],"predecessor-version":[{"id":964,"href":"https:\/\/www.museedelaguerre.ca\/premiereguerremondiale\/wp-json\/wp\/v2\/pages\/14\/revisions\/964"}],"up":[{"embeddable":true,"href":"https:\/\/www.museedelaguerre.ca\/premiereguerremondiale\/wp-json\/wp\/v2\/pages\/5"}],"wp:featuredmedia":[{"embeddable":true,"href":"https:\/\/www.museedelaguerre.ca\/premiereguerremondiale\/wp-json\/wp\/v2\/media\/414"}],"wp:attachment":[{"href":"https:\/\/www.museedelaguerre.ca\/premiereguerremondiale\/wp-json\/wp\/v2\/media?parent=14"}],"curies":[{"name":"wp","href":"https:\/\/api.w.org\/{rel}","templated":true}]}}