{"id":138,"date":"2014-07-16T14:29:19","date_gmt":"2014-07-16T14:29:19","guid":{"rendered":"https:\/\/www.museedelaguerre.ca\/premiere-guerre-mondial\/?page_id=138"},"modified":"2015-03-26T13:04:19","modified_gmt":"2015-03-26T13:04:19","slug":"crete-de-vimy","status":"publish","type":"page","link":"https:\/\/www.museedelaguerre.ca\/premiereguerremondiale\/histoire\/batailles-et-combats\/batailles-terrestres\/crete-de-vimy\/","title":{"rendered":"Cr\u00eate de Vimy"},"content":{"rendered":"<p class=\"excerpt\">La victoire de Vimy fut un \u00e9v\u00e9nement fondateur pour le Canada. Nombre de contemporains et d&rsquo;universitaires ult\u00e9rieurs y ont vu un \u00e9v\u00e9nement important dans l&rsquo;\u00e9volution du Canada vers l&rsquo;ind\u00e9pendance compl\u00e8te par rapport \u00e0 la Grande-Bretagne.<\/p>\n<h2>L&rsquo;importance strat\u00e9gique de la cr\u00eate de Vimy<\/h2>\n<p>La cr\u00eate de Vimy, dans le nord de la France, pr\u00e8s d&rsquo;Arras, qui faisait sept kilom\u00e8tres, dominait la campagne environnante. Au cours d&rsquo;attaques pr\u00e9c\u00e9dentes, Fran\u00e7ais et Britanniques avaient subi plus de 150\u00a0000 pertes.<\/p>\n<p>Au d\u00e9but de 1917, le haut commandement britannique ordonna au Corps canadien de s&#8217;emparer de cette position dans le cadre d&rsquo;une offensive de printemps plus g\u00e9n\u00e9rale dans la r\u00e9gion d&rsquo;Arras. Dans la campagne \u00e0 venir, les forces britanniques, au sud, ne remporteraient que des succ\u00e8s limit\u00e9s, et les Fran\u00e7ais \u00e9choueraient compl\u00e8tement, nombre de leurs unit\u00e9s en \u00e9tant r\u00e9duites \u00e0 se mutiner. L&rsquo;attaque canadienne contre la cr\u00eate de Vimy serait spectaculaire en comparaison.<\/p>\n<h2>Une bataille planifi\u00e9e<\/h2>\n<p>Le lieutenant-g\u00e9n\u00e9ral sir Julian Byng, le commandant du Corps canadien, ordonna de nouvelles tactiques pour l&rsquo;assaut qui se pr\u00e9parait. Les le\u00e7ons de la bataille de la Somme ayant \u00e9t\u00e9 tir\u00e9es, un entra\u00eenement intensif pr\u00e9para mieux les soldats \u00e0 ce qu&rsquo;ils pouvaient trouver sur le champ de bataille et les aida \u00e0 prendre eux-m\u00eames des d\u00e9cisions rapides qui soient conformes au plan g\u00e9n\u00e9ral. On donnait aux petites unit\u00e9s et aux soldats beaucoup plus d&rsquo;information sur la bataille, et on s&rsquo;attendait \u00e0 ce qu&rsquo;ils prennent des initiatives pour continuer de progresser, m\u00eame si leurs officiers \u00e9taient tu\u00e9s ou bless\u00e9s.<\/p>\n<p>Un terrible barrage d&rsquo;artillerie, avec des techniques am\u00e9lior\u00e9es de tir de contrebatterie contre des canons ennemis, allait d\u00e9truire les positions allemandes et isoler les troupes ennemies dans leurs abris.<\/p>\n<p>\u00c0 5\u00a0h\u00a030, le 9 avril 1917, le lundi de P\u00e2ques, pr\u00e8s de 1000 fusils ouvrirent le feu sur les positions allemandes. On estime que 15\u00a0000 Canadiens sortirent des tranch\u00e9es et s&rsquo;avanc\u00e8rent vers la cr\u00eate en une premi\u00e8re vague, des milliers d&rsquo;autres les suivant. En d\u00e9pit des durs combats tout le long du front, les Canadiens s&#8217;empar\u00e8rent de la plus grande partie de la cr\u00eate ce jour-l\u00e0, le reste \u00e9tant entre leurs mains le 12 avril.<\/p>\n<h2>La cr\u00eate de Vimy, un symbole<\/h2>\n<p>Apr\u00e8s quatre jours de combats sanglants, les Canadiens s&rsquo;\u00e9taient rendus ma\u00eetres de la cr\u00eate de Vimy au prix de plus de 10\u00a0600 tu\u00e9s et bless\u00e9s.<\/p>\n<p>La bataille est depuis devenue un symbole important pour le Canada, l&rsquo;endroit o\u00f9 des Canadiens de tout le pays obtinrent une victoire sans pr\u00e9c\u00e9dent, les quatre divisions du Corps canadien se battant ensemble pour la premi\u00e8re fois depuis le d\u00e9but de la guerre.<\/p>\n<h3>Poursuivez votre exploration avec ces sujets :<\/h3>\n<ul class=\"related\">\n<li><a href=\"\/premiereguerremondiale\/histoire\/les-gens\/generaux\/sir-julian-byng\/\">Sir Julian Byng<\/a><\/li>\n<li><a href=\"\/premiereguerremondiale\/histoire\/apres-la-guerre\/se-souvenir\/le-memorial-de-vimy\/\">Le M\u00e9morial de Vimy<\/a><\/li>\n<li><a href=\"\/premiereguerremondiale\/histoire\/la-vie-au-front\/structure-militaire\/le-corps-expeditionnaire-canadien\/\">Le Corps exp\u00e9ditionnaire canadien<\/a><\/li>\n<\/ul>\n","protected":false},"excerpt":{"rendered":"<p>La victoire de Vimy fut un \u00e9v\u00e9nement fondateur pour le Canada. Nombre de contemporains et d&rsquo;universitaires ult\u00e9rieurs y ont vu un \u00e9v\u00e9nement important dans l&rsquo;\u00e9volution du Canada vers l&rsquo;ind\u00e9pendance compl\u00e8te par rapport \u00e0 la Grande-Bretagne. L&rsquo;importance strat\u00e9gique de la cr\u00eate de Vimy La cr\u00eate de Vimy, dans le nord de la France, pr\u00e8s d&rsquo;Arras, qui [&hellip;]<\/p>\n","protected":false},"author":1,"featured_media":121,"parent":115,"menu_order":6,"comment_status":"open","ping_status":"open","template":"single-history.php","meta":{"footnotes":""},"_links":{"self":[{"href":"https:\/\/www.museedelaguerre.ca\/premiereguerremondiale\/wp-json\/wp\/v2\/pages\/138"}],"collection":[{"href":"https:\/\/www.museedelaguerre.ca\/premiereguerremondiale\/wp-json\/wp\/v2\/pages"}],"about":[{"href":"https:\/\/www.museedelaguerre.ca\/premiereguerremondiale\/wp-json\/wp\/v2\/types\/page"}],"author":[{"embeddable":true,"href":"https:\/\/www.museedelaguerre.ca\/premiereguerremondiale\/wp-json\/wp\/v2\/users\/1"}],"replies":[{"embeddable":true,"href":"https:\/\/www.museedelaguerre.ca\/premiereguerremondiale\/wp-json\/wp\/v2\/comments?post=138"}],"version-history":[{"count":4,"href":"https:\/\/www.museedelaguerre.ca\/premiereguerremondiale\/wp-json\/wp\/v2\/pages\/138\/revisions"}],"predecessor-version":[{"id":3351,"href":"https:\/\/www.museedelaguerre.ca\/premiereguerremondiale\/wp-json\/wp\/v2\/pages\/138\/revisions\/3351"}],"up":[{"embeddable":true,"href":"https:\/\/www.museedelaguerre.ca\/premiereguerremondiale\/wp-json\/wp\/v2\/pages\/115"}],"wp:featuredmedia":[{"embeddable":true,"href":"https:\/\/www.museedelaguerre.ca\/premiereguerremondiale\/wp-json\/wp\/v2\/media\/121"}],"wp:attachment":[{"href":"https:\/\/www.museedelaguerre.ca\/premiereguerremondiale\/wp-json\/wp\/v2\/media?parent=138"}],"curies":[{"name":"wp","href":"https:\/\/api.w.org\/{rel}","templated":true}]}}